{"id":1505,"date":"2024-12-29T18:41:39","date_gmt":"2024-12-29T17:41:39","guid":{"rendered":"https:\/\/www.hosekra.com\/profili\/?page_id=1505"},"modified":"2024-02-26T10:35:29","modified_gmt":"2024-02-26T09:35:29","slug":"montazne-hale","status":"publish","type":"page","link":"https:\/\/www.hosekra.com\/profili\/montazne-hale\/","title":{"rendered":"Monta\u017ene hale"},"content":{"rendered":"<div>\n<p>Monta\u017ene hale Hosekra so sodobna in inovativna re\u0161itev, ki se pona\u0161a s \u0161tevilnimi prednostmi za va\u0161e skladi\u0161\u010denje. Pri podjetju Hosekra proizvajamo in montiramo manj\u0161e objekte do 200 m2 &#8211; hale, skladi\u0161\u010da, delavnice, ki so odli\u010dna re\u0161itev za \u0161iritev va\u0161ega prostora in skaldi\u0161\u010denje. Na\u0161im naro\u010dnikom svetujemo in pomagamo od vzpostavitve prvega stika (povpra\u0161evanje) in do monta\u017ee.<\/p>\n<\/div>\n<div>\n<p><b>KONSTRUKCIJA<\/b><\/p>\n<\/div>\n<div>\n<p>Hale so sestavljene iz tankostenskih profilov, sestavljenih v pali\u010dje. Izdelane v skladu s predpisi standarda <b>SIST EN 1090<\/b>. Stre\u0161na in stranska kritina je lahko izvedena iz trapezne plo\u010devine ali ISO izolacijskih panelov najrazli\u010dnej\u0161ih barv in modelov iz na\u0161ega proizvodnega stre\u0161nega asortimana.<\/p>\n<\/div>\n<div>\n<p>Na \u017eeljo naro\u010dnika se lahko vgradijo industrijska in osebna vrata prav tako okna razli\u010dnih dimenzij in izvedb. Industrijske hale so primerne za proizvodne, prodajne, skladi\u0161\u010dne, sejemske potrebe. Tudi kombinirane proizvodno \u2013 poslovne objekte ter za rekreativno-vadbene namene. <b>Gradbeno dovoljenje za nezahtevni objekt je potrebno.\u00a0<\/b><\/p>\n<\/div>\n<p><span data-ccp-props=\"{&quot;134233117&quot;:false,&quot;134233118&quot;:false,&quot;201341983&quot;:0,&quot;335559738&quot;:0,&quot;335559739&quot;:0,&quot;335559740&quot;:259}\"> <img loading=\"lazy\" decoding=\"async\" class=\"alignnone size-large wp-image-1512\" src=\"https:\/\/www.hosekra.com\/profili\/wp-content\/uploads\/sites\/14\/20230603_185816-1024x461.jpg\" alt=\"izdelava monta\u017ene hale iz stenskih panelov in tankostenskih profilov\" width=\"1024\" height=\"461\" srcset=\"https:\/\/www.hosekra.com\/profili\/wp-content\/uploads\/sites\/14\/20230603_185816-1024x461.jpg 1024w, https:\/\/www.hosekra.com\/profili\/wp-content\/uploads\/sites\/14\/20230603_185816-548x247.jpg 548w, https:\/\/www.hosekra.com\/profili\/wp-content\/uploads\/sites\/14\/20230603_185816-768x346.jpg 768w, https:\/\/www.hosekra.com\/profili\/wp-content\/uploads\/sites\/14\/20230603_185816-1536x692.jpg 1536w, https:\/\/www.hosekra.com\/profili\/wp-content\/uploads\/sites\/14\/20230603_185816.jpg 2048w\" sizes=\"auto, (max-width: 1024px) 100vw, 1024px\" \/><\/span><\/p>\n<p><b><span data-contrast=\"none\">INDUSTRIJSKE HALE: PREDNOSTI\u00a0<\/span><\/b><span data-ccp-props=\"{&quot;134233117&quot;:false,&quot;134233118&quot;:false,&quot;134245418&quot;:true,&quot;134245529&quot;:true,&quot;201341983&quot;:0,&quot;335559738&quot;:0,&quot;335559739&quot;:0,&quot;335559740&quot;:259}\">\u00a0<\/span><\/p>\n<ul>\n<li data-leveltext=\"\uf0b7\" data-font=\"Symbol\" data-listid=\"1\" data-list-defn-props=\"{&quot;335552541&quot;:1,&quot;335559684&quot;:-2,&quot;335559685&quot;:720,&quot;335559991&quot;:360,&quot;469769226&quot;:&quot;Symbol&quot;,&quot;469769242&quot;:[8226],&quot;469777803&quot;:&quot;left&quot;,&quot;469777804&quot;:&quot;\uf0b7&quot;,&quot;469777815&quot;:&quot;hybridMultilevel&quot;}\" data-aria-posinset=\"1\" data-aria-level=\"1\"><span data-contrast=\"none\">Enostavna in relativno hitra monta\u017ea.<\/span><span data-ccp-props=\"{&quot;134233117&quot;:false,&quot;134233118&quot;:false,&quot;201341983&quot;:1,&quot;335559738&quot;:0,&quot;335559739&quot;:0,&quot;335559740&quot;:375}\">\u00a0<\/span><\/li>\n<li data-leveltext=\"\uf0b7\" data-font=\"Symbol\" data-listid=\"1\" data-list-defn-props=\"{&quot;335552541&quot;:1,&quot;335559684&quot;:-2,&quot;335559685&quot;:720,&quot;335559991&quot;:360,&quot;469769226&quot;:&quot;Symbol&quot;,&quot;469769242&quot;:[8226],&quot;469777803&quot;:&quot;left&quot;,&quot;469777804&quot;:&quot;\uf0b7&quot;,&quot;469777815&quot;:&quot;hybridMultilevel&quot;}\" data-aria-posinset=\"2\" data-aria-level=\"1\"><span data-contrast=\"none\">Konkuren\u010dne cene.<\/span><span data-ccp-props=\"{&quot;134233117&quot;:false,&quot;134233118&quot;:false,&quot;201341983&quot;:1,&quot;335559738&quot;:0,&quot;335559739&quot;:0,&quot;335559740&quot;:375}\">\u00a0<\/span><\/li>\n<li data-leveltext=\"\uf0b7\" data-font=\"Symbol\" data-listid=\"1\" data-list-defn-props=\"{&quot;335552541&quot;:1,&quot;335559684&quot;:-2,&quot;335559685&quot;:720,&quot;335559991&quot;:360,&quot;469769226&quot;:&quot;Symbol&quot;,&quot;469769242&quot;:[8226],&quot;469777803&quot;:&quot;left&quot;,&quot;469777804&quot;:&quot;\uf0b7&quot;,&quot;469777815&quot;:&quot;hybridMultilevel&quot;}\" data-aria-posinset=\"3\" data-aria-level=\"1\"><span data-contrast=\"none\">Modularne enote (prenosne in dogradljive).<\/span><span data-ccp-props=\"{&quot;134233117&quot;:false,&quot;134233118&quot;:false,&quot;201341983&quot;:1,&quot;335559738&quot;:0,&quot;335559739&quot;:0,&quot;335559740&quot;:375}\">\u00a0<\/span><\/li>\n<li data-leveltext=\"\uf0b7\" data-font=\"Symbol\" data-listid=\"1\" data-list-defn-props=\"{&quot;335552541&quot;:1,&quot;335559684&quot;:-2,&quot;335559685&quot;:720,&quot;335559991&quot;:360,&quot;469769226&quot;:&quot;Symbol&quot;,&quot;469769242&quot;:[8226],&quot;469777803&quot;:&quot;left&quot;,&quot;469777804&quot;:&quot;\uf0b7&quot;,&quot;469777815&quot;:&quot;hybridMultilevel&quot;}\" data-aria-posinset=\"4\" data-aria-level=\"1\"><span data-contrast=\"none\">Tipske re\u0161itve ali po meri<\/span><span data-ccp-props=\"{&quot;134233117&quot;:false,&quot;134233118&quot;:false,&quot;201341983&quot;:1,&quot;335559738&quot;:0,&quot;335559739&quot;:0,&quot;335559740&quot;:375}\">\u00a0<\/span><\/li>\n<li data-leveltext=\"\uf0b7\" data-font=\"Symbol\" data-listid=\"1\" data-list-defn-props=\"{&quot;335552541&quot;:1,&quot;335559684&quot;:-2,&quot;335559685&quot;:720,&quot;335559991&quot;:360,&quot;469769226&quot;:&quot;Symbol&quot;,&quot;469769242&quot;:[8226],&quot;469777803&quot;:&quot;left&quot;,&quot;469777804&quot;:&quot;\uf0b7&quot;,&quot;469777815&quot;:&quot;hybridMultilevel&quot;}\" data-aria-posinset=\"5\" data-aria-level=\"1\"><span data-contrast=\"none\">Natan\u010dni stati\u010dni izra\u010duni.<\/span><span data-ccp-props=\"{&quot;134233117&quot;:false,&quot;134233118&quot;:false,&quot;201341983&quot;:1,&quot;335559738&quot;:0,&quot;335559739&quot;:0,&quot;335559740&quot;:375}\">\u00a0<\/span><\/li>\n<li data-leveltext=\"\uf0b7\" data-font=\"Symbol\" data-listid=\"1\" data-list-defn-props=\"{&quot;335552541&quot;:1,&quot;335559684&quot;:-2,&quot;335559685&quot;:720,&quot;335559991&quot;:360,&quot;469769226&quot;:&quot;Symbol&quot;,&quot;469769242&quot;:[8226],&quot;469777803&quot;:&quot;left&quot;,&quot;469777804&quot;:&quot;\uf0b7&quot;,&quot;469777815&quot;:&quot;hybridMultilevel&quot;}\" data-aria-posinset=\"6\" data-aria-level=\"1\"><span data-contrast=\"none\">Kratek dobavni in monta\u017eni rok.<\/span><span data-ccp-props=\"{&quot;134233117&quot;:false,&quot;134233118&quot;:false,&quot;201341983&quot;:1,&quot;335559738&quot;:0,&quot;335559739&quot;:0,&quot;335559740&quot;:375}\">\u00a0<\/span><\/li>\n<li data-leveltext=\"\uf0b7\" data-font=\"Symbol\" data-listid=\"1\" data-list-defn-props=\"{&quot;335552541&quot;:1,&quot;335559684&quot;:-2,&quot;335559685&quot;:720,&quot;335559991&quot;:360,&quot;469769226&quot;:&quot;Symbol&quot;,&quot;469769242&quot;:[8226],&quot;469777803&quot;:&quot;left&quot;,&quot;469777804&quot;:&quot;\uf0b7&quot;,&quot;469777815&quot;:&quot;hybridMultilevel&quot;}\" data-aria-posinset=\"7\" data-aria-level=\"1\"><span data-contrast=\"none\">Kvalitetni materiali in izku\u0161ena ekipa.<\/span><span data-ccp-props=\"{&quot;134233117&quot;:false,&quot;134233118&quot;:false,&quot;201341983&quot;:1,&quot;335559738&quot;:0,&quot;335559739&quot;:0,&quot;335559740&quot;:375}\">\u00a0<\/span><\/li>\n<li data-leveltext=\"\uf0b7\" data-font=\"Symbol\" data-listid=\"1\" data-list-defn-props=\"{&quot;335552541&quot;:1,&quot;335559684&quot;:-2,&quot;335559685&quot;:720,&quot;335559991&quot;:360,&quot;469769226&quot;:&quot;Symbol&quot;,&quot;469769242&quot;:[8226],&quot;469777803&quot;:&quot;left&quot;,&quot;469777804&quot;:&quot;\uf0b7&quot;,&quot;469777815&quot;:&quot;hybridMultilevel&quot;}\" data-aria-posinset=\"8\" data-aria-level=\"1\"><span data-contrast=\"none\">Hale imajo dolgo \u017eivljensko dobo.<\/span><span data-ccp-props=\"{&quot;134233117&quot;:false,&quot;134233118&quot;:false,&quot;201341983&quot;:1,&quot;335559738&quot;:0,&quot;335559739&quot;:0,&quot;335559740&quot;:375}\">\u00a0<\/span><\/li>\n<\/ul>\n<div>\n<p>&nbsp;<\/p>\n<\/div>\n<h5><a href=\"https:\/\/www.hosekra.com\/profili\/kontakt\/\">PO\u0160LJI POVPRA\u0160EVANJE<\/a><\/h5>\n<p>&nbsp;<\/p>\n<div>\n<div>\n<p><b>INDUSTRIJSKI \u0160OTORI primerajva<\/b><\/p>\n<\/div>\n<div>\n<p>\u010ce primerjamo industrijske \u0161otore in na\u0161e monta\u017ene hale med seboj hitro ugotovimo, da se cenovno ne razlikujejo veliko. Najve\u010dja prednost monta\u017enih hal pred \u0161otori pa je v sami izolativnosti hale, ki je bistveno ve\u010dja kot pri \u0161otoru. To ima za posledico visoko stonjo kondenza v \u0161otoru, ki ga pa pri hali ni.<\/p>\n<\/div>\n<div>\n<p>Industrijske hale Hosekra so robustne in izdelane v Slovenski Bistrici iz sodobnih in kvalitetnih materialov. Vzdr\u017eevanje, ki je potrebno za tovrstne industrijske konstrukcije je minimalno. Na\u0161e re\u0161itve na podro\u010dju kmetijskih skladi\u0161\u010d, razli\u010dnih nadstre\u0161kov in monta\u017enih konstrukcij so enostavne in cenovno dostopne. Za ve\u010d informacij o na\u0161ih izdelkih na tej povezavi.<\/p>\n<\/div>\n<div>\n<p class=\"lead\"><strong>Pri podjetju HOSEKRA smo se specializirali za projektiranje, proizvodnjo in monta\u017eno gradnjo enostavnih objektov ter manj\u0161ih konstrukcij hal do 200 kvadratnih metrov. Na\u0161a re\u0161itev se opira na lahke jeklene profile, ki ponujajo \u0161tevilne prednosti v primerjavi z bolj tradicionalnimi pristopi h gradnji.<\/strong><\/p>\n<p><b><span data-contrast=\"none\">KONSTRUKCIJA<\/span><\/b><span data-ccp-props=\"{&quot;134233117&quot;:false,&quot;134233118&quot;:false,&quot;201341983&quot;:0,&quot;335559738&quot;:0,&quot;335559739&quot;:252,&quot;335559740&quot;:259}\">\u00a0<\/span><\/p>\n<p><span data-contrast=\"none\">Monta\u017ene skladi\u0161\u010dne Hale so sestavljene iz tankostenskih profilov, sestavljenih v pali\u010dje. Izdelane v skladu s predpisi standarda <\/span><b><span data-contrast=\"none\">SIST EN 1090<\/span><\/b><span data-contrast=\"none\">. Stre\u0161na in stranska kritina je lahko izvedena iz trapezne plo\u010devine ali ISO izolacijskih panelov. Le te vam lahko priskrbimo v najrazli\u010dnej\u0161ih barvah in modelih iz na\u0161ega proizvodnega stre\u0161nega asortimana.<\/span><span data-ccp-props=\"{&quot;134233117&quot;:false,&quot;134233118&quot;:false,&quot;201341983&quot;:0,&quot;335559738&quot;:0,&quot;335559739&quot;:252,&quot;335559740&quot;:259}\">\u00a0<\/span><\/p>\n<p><span data-contrast=\"none\">Na \u017eeljo naro\u010dnika se lahko vgradijo industrijska in osebna vratara. Prav tako okna razli\u010dnih dimenzij in izvedb. Industrijske hale so primerne za proizvodne, prodajne, skladi\u0161\u010dne, sejemske potrebe. Tudi kombinirane proizvodno \u2013 poslovne objekte ter za rekreativno-vadbene namene. <\/span><b><span data-contrast=\"none\">Gradbeno dovoljenje za nezahtevni objekt je potrebno.\u00a0<\/span><\/b><span data-ccp-props=\"{&quot;134233117&quot;:false,&quot;134233118&quot;:false,&quot;201341983&quot;:0,&quot;335559738&quot;:0,&quot;335559739&quot;:0,&quot;335559740&quot;:259}\">\u00a0<\/span><\/p>\n<p><span id=\"more-7594\"><\/span><br \/>\n<strong>Enostavna in Hitra Monta\u017ena Gradnja<\/strong><\/p>\n<p>Eden od klju\u010dnih faktorjev, ki izstopa pri na\u0161em pristopu pri monta\u017eni gradnji, je enostavna in hitra monta\u017ea. Uporaba lahkih jeklenih profilov omogo\u010da, da se objekt postavi izjemno hitro, kar je \u0161e posebej pomembno v primeru manj\u0161ih konstrukcij. S tem se znatno zmanj\u0161a \u010das gradnje in posledi\u010dno tudi stro\u0161ki.<\/p>\n<p><strong>Lahkost in Prilagodljivost konstrukcije<\/strong><\/p>\n<p>Lahki jekleni profili so enostavni za monta\u017eo in tudi izjemno lahki, kar olaj\u0161a transport in manipulacijo z gradbenimi elementi. To omogo\u010da ve\u010djo prilagodljivost glede na velikost in namembnost objekta. Na\u0161i izdelki se lahko prilagajajo potrebam strank, od majhnih vrtnih lop do ve\u010djih proizvodnih hal in skladi\u0161\u010d za kmetijske potrebe. S tem se zagotovimo, da vsak projekt natan\u010dno zadovolji potrebe stranke.<\/p>\n<p><strong>Visoka Kakovost Gradbenih Materialov<\/strong><\/p>\n<p>Pri gradnji uporabljamo visokokakovostne materiale, vklju\u010dno z stre\u0161nimi paneli in stre\u0161nimi trapeznimi plo\u010devinami, ki so na voljo v \u0161irokem spektru barv in so prilagojeni \u017eeljam in potrebam naro\u010dnika. Na\u0161a fasada je izdelana iz fasadnih panelov, ki omogo\u010dajo izolacijo po \u017eelji naro\u010dnika. S tem zagotovimo, da so na\u0161i objekti energetsko u\u010dinkoviti in primerni za razli\u010dne podnebne razmere.<\/p>\n<p><strong>Ekonomi\u010dnost in Trajnost<\/strong><\/p>\n<p>Monta\u017ena gradnja iz lahkih jeklenih profilov je ne samo ekonomi\u010dna, ampak tudi trajnostna. Zaradi zmanj\u0161ane koli\u010dine materiala, ki ga potrebujemo, in hitrej\u0161e gradnje, se zmanj\u0161ajo tudi stro\u0161ki in okoljski vpliv gradbenih projektov.<\/p>\n<p>&nbsp;<\/p>\n<h5><strong><a href=\"https:\/\/www.hosekra.com\/profili\/kontakt\/\">PO\u0160LJI POVPRA\u0160EVANJE\u00a0<\/a><\/strong><\/h5>\n<p>&nbsp;<\/p>\n<p>Pri HOSEKRI smo ponosni na svoj inovatnivi pristop k gradnji manj\u0161ih enostavnih objektov. Na\u0161a uporaba lahkih jeklenih profilov, visokokakovostnih materialov ter prilagodljivost projektov nam omogo\u010dajo, da strankam ponudimo ugodne in kakovostne re\u0161itve, ki izpolnjujejo njihove specifi\u010dne potrebe. Ne glede na to, ali gradite vrtno lopo, manj\u0161o proizvodno halo ali skladi\u0161\u010de, smo tu, da vam pomagamo dose\u010di va\u0161e cilje hitro, ekonomi\u010dno in trajnostno.<\/p>\n<p>&nbsp;<\/p>\n<\/div>\n<\/div>\n","protected":false},"excerpt":{"rendered":"<p>Monta\u017ene hale Hosekra so sodobna in inovativna re\u0161itev, ki se pona\u0161a s \u0161tevilnimi prednostmi za va\u0161e skladi\u0161\u010denje. Pri podjetju Hosekra proizvajamo in montiramo manj\u0161e objekte do 200 m2 &#8211; hale, skladi\u0161\u010da, delavnice, ki so odli\u010dna re\u0161itev za \u0161iritev va\u0161ega prostora in skaldi\u0161\u010denje. Na\u0161im naro\u010dnikom svetujemo in pomagamo od vzpostavitve prvega stika (povpra\u0161evanje) in do monta\u017ee. [&hellip;]<\/p>\n","protected":false},"author":1,"featured_media":0,"parent":0,"menu_order":0,"comment_status":"closed","ping_status":"closed","template":"gallery-width.php","meta":{"ngg_post_thumbnail":0,"footnotes":""},"class_list":["post-1505","page","type-page","status-publish","hentry"],"yoast_head":"<!-- This site is optimized with the Yoast SEO plugin v27.4 - https:\/\/yoast.com\/product\/yoast-seo-wordpress\/ -->\n<title>Monta\u017ene hale - Hosekra Profili<\/title>\n<meta name=\"robots\" content=\"index, follow, max-snippet:-1, max-image-preview:large, max-video-preview:-1\" \/>\n<link rel=\"canonical\" href=\"https:\/\/www.hosekra.com\/profili\/montazne-hale\/\" \/>\n<meta property=\"og:locale\" content=\"sl_SI\" \/>\n<meta property=\"og:type\" content=\"article\" \/>\n<meta property=\"og:title\" content=\"Monta\u017ene hale - Hosekra Profili\" \/>\n<meta property=\"og:description\" content=\"Monta\u017ene hale Hosekra so sodobna in inovativna re\u0161itev, ki se pona\u0161a s \u0161tevilnimi prednostmi za va\u0161e skladi\u0161\u010denje. Pri podjetju Hosekra proizvajamo in montiramo manj\u0161e objekte do 200 m2 &#8211; hale, skladi\u0161\u010da, delavnice, ki so odli\u010dna re\u0161itev za \u0161iritev va\u0161ega prostora in skaldi\u0161\u010denje. Na\u0161im naro\u010dnikom svetujemo in pomagamo od vzpostavitve prvega stika (povpra\u0161evanje) in do monta\u017ee. [&hellip;]\" \/>\n<meta property=\"og:url\" content=\"https:\/\/www.hosekra.com\/profili\/montazne-hale\/\" \/>\n<meta property=\"og:site_name\" content=\"Hosekra Profili\" \/>\n<meta property=\"og:image\" content=\"https:\/\/www.hosekra.com\/profili\/wp-content\/uploads\/sites\/14\/20230603_185816.jpg\" \/>\n\t<meta property=\"og:image:width\" content=\"2048\" \/>\n\t<meta property=\"og:image:height\" content=\"922\" \/>\n\t<meta property=\"og:image:type\" content=\"image\/jpeg\" \/>\n<meta name=\"twitter:card\" content=\"summary_large_image\" \/>\n<meta name=\"twitter:label1\" content=\"Est. reading time\" \/>\n\t<meta name=\"twitter:data1\" content=\"5 minut\" \/>\n<script type=\"application\/ld+json\" class=\"yoast-schema-graph\">{\"@context\":\"https:\\\/\\\/schema.org\",\"@graph\":[{\"@type\":\"WebPage\",\"@id\":\"https:\\\/\\\/www.hosekra.com\\\/profili\\\/montazne-hale\\\/\",\"url\":\"https:\\\/\\\/www.hosekra.com\\\/profili\\\/montazne-hale\\\/\",\"name\":\"Monta\u017ene hale - Hosekra Profili\",\"isPartOf\":{\"@id\":\"https:\\\/\\\/www.hosekra.com\\\/profili\\\/#website\"},\"primaryImageOfPage\":{\"@id\":\"https:\\\/\\\/www.hosekra.com\\\/profili\\\/montazne-hale\\\/#primaryimage\"},\"image\":{\"@id\":\"https:\\\/\\\/www.hosekra.com\\\/profili\\\/montazne-hale\\\/#primaryimage\"},\"thumbnailUrl\":\"https:\\\/\\\/www.hosekra.com\\\/profili\\\/wp-content\\\/uploads\\\/sites\\\/14\\\/20230603_185816-1024x461.jpg\",\"datePublished\":\"2024-12-29T17:41:39+00:00\",\"breadcrumb\":{\"@id\":\"https:\\\/\\\/www.hosekra.com\\\/profili\\\/montazne-hale\\\/#breadcrumb\"},\"inLanguage\":\"sl-SI\",\"potentialAction\":[{\"@type\":\"ReadAction\",\"target\":[\"https:\\\/\\\/www.hosekra.com\\\/profili\\\/montazne-hale\\\/\"]}]},{\"@type\":\"ImageObject\",\"inLanguage\":\"sl-SI\",\"@id\":\"https:\\\/\\\/www.hosekra.com\\\/profili\\\/montazne-hale\\\/#primaryimage\",\"url\":\"https:\\\/\\\/www.hosekra.com\\\/profili\\\/wp-content\\\/uploads\\\/sites\\\/14\\\/20230603_185816.jpg\",\"contentUrl\":\"https:\\\/\\\/www.hosekra.com\\\/profili\\\/wp-content\\\/uploads\\\/sites\\\/14\\\/20230603_185816.jpg\",\"width\":2048,\"height\":922,\"caption\":\"izdelava monta\u017ene hale iz stenskih panelov in tankostenskih profilov\"},{\"@type\":\"BreadcrumbList\",\"@id\":\"https:\\\/\\\/www.hosekra.com\\\/profili\\\/montazne-hale\\\/#breadcrumb\",\"itemListElement\":[{\"@type\":\"ListItem\",\"position\":1,\"name\":\"Home\",\"item\":\"https:\\\/\\\/www.hosekra.com\\\/profili\\\/\"},{\"@type\":\"ListItem\",\"position\":2,\"name\":\"Monta\u017ene hale\"}]},{\"@type\":\"WebSite\",\"@id\":\"https:\\\/\\\/www.hosekra.com\\\/profili\\\/#website\",\"url\":\"https:\\\/\\\/www.hosekra.com\\\/profili\\\/\",\"name\":\"Hosekra Profili\",\"description\":\"Lahki jekleni konstrukcijski profili\",\"potentialAction\":[{\"@type\":\"SearchAction\",\"target\":{\"@type\":\"EntryPoint\",\"urlTemplate\":\"https:\\\/\\\/www.hosekra.com\\\/profili\\\/?s={search_term_string}\"},\"query-input\":{\"@type\":\"PropertyValueSpecification\",\"valueRequired\":true,\"valueName\":\"search_term_string\"}}],\"inLanguage\":\"sl-SI\"}]}<\/script>\n<!-- \/ Yoast SEO plugin. -->","yoast_head_json":{"title":"Monta\u017ene hale - Hosekra Profili","robots":{"index":"index","follow":"follow","max-snippet":"max-snippet:-1","max-image-preview":"max-image-preview:large","max-video-preview":"max-video-preview:-1"},"canonical":"https:\/\/www.hosekra.com\/profili\/montazne-hale\/","og_locale":"sl_SI","og_type":"article","og_title":"Monta\u017ene hale - Hosekra Profili","og_description":"Monta\u017ene hale Hosekra so sodobna in inovativna re\u0161itev, ki se pona\u0161a s \u0161tevilnimi prednostmi za va\u0161e skladi\u0161\u010denje. Pri podjetju Hosekra proizvajamo in montiramo manj\u0161e objekte do 200 m2 &#8211; hale, skladi\u0161\u010da, delavnice, ki so odli\u010dna re\u0161itev za \u0161iritev va\u0161ega prostora in skaldi\u0161\u010denje. Na\u0161im naro\u010dnikom svetujemo in pomagamo od vzpostavitve prvega stika (povpra\u0161evanje) in do monta\u017ee. [&hellip;]","og_url":"https:\/\/www.hosekra.com\/profili\/montazne-hale\/","og_site_name":"Hosekra Profili","og_image":[{"width":2048,"height":922,"url":"https:\/\/www.hosekra.com\/profili\/wp-content\/uploads\/sites\/14\/20230603_185816.jpg","type":"image\/jpeg"}],"twitter_card":"summary_large_image","twitter_misc":{"Est. reading time":"5 minut"},"schema":{"@context":"https:\/\/schema.org","@graph":[{"@type":"WebPage","@id":"https:\/\/www.hosekra.com\/profili\/montazne-hale\/","url":"https:\/\/www.hosekra.com\/profili\/montazne-hale\/","name":"Monta\u017ene hale - Hosekra Profili","isPartOf":{"@id":"https:\/\/www.hosekra.com\/profili\/#website"},"primaryImageOfPage":{"@id":"https:\/\/www.hosekra.com\/profili\/montazne-hale\/#primaryimage"},"image":{"@id":"https:\/\/www.hosekra.com\/profili\/montazne-hale\/#primaryimage"},"thumbnailUrl":"https:\/\/www.hosekra.com\/profili\/wp-content\/uploads\/sites\/14\/20230603_185816-1024x461.jpg","datePublished":"2024-12-29T17:41:39+00:00","breadcrumb":{"@id":"https:\/\/www.hosekra.com\/profili\/montazne-hale\/#breadcrumb"},"inLanguage":"sl-SI","potentialAction":[{"@type":"ReadAction","target":["https:\/\/www.hosekra.com\/profili\/montazne-hale\/"]}]},{"@type":"ImageObject","inLanguage":"sl-SI","@id":"https:\/\/www.hosekra.com\/profili\/montazne-hale\/#primaryimage","url":"https:\/\/www.hosekra.com\/profili\/wp-content\/uploads\/sites\/14\/20230603_185816.jpg","contentUrl":"https:\/\/www.hosekra.com\/profili\/wp-content\/uploads\/sites\/14\/20230603_185816.jpg","width":2048,"height":922,"caption":"izdelava monta\u017ene hale iz stenskih panelov in tankostenskih profilov"},{"@type":"BreadcrumbList","@id":"https:\/\/www.hosekra.com\/profili\/montazne-hale\/#breadcrumb","itemListElement":[{"@type":"ListItem","position":1,"name":"Home","item":"https:\/\/www.hosekra.com\/profili\/"},{"@type":"ListItem","position":2,"name":"Monta\u017ene hale"}]},{"@type":"WebSite","@id":"https:\/\/www.hosekra.com\/profili\/#website","url":"https:\/\/www.hosekra.com\/profili\/","name":"Hosekra Profili","description":"Lahki jekleni konstrukcijski profili","potentialAction":[{"@type":"SearchAction","target":{"@type":"EntryPoint","urlTemplate":"https:\/\/www.hosekra.com\/profili\/?s={search_term_string}"},"query-input":{"@type":"PropertyValueSpecification","valueRequired":true,"valueName":"search_term_string"}}],"inLanguage":"sl-SI"}]}},"_links":{"self":[{"href":"https:\/\/www.hosekra.com\/profili\/wp-json\/wp\/v2\/pages\/1505","targetHints":{"allow":["GET"]}}],"collection":[{"href":"https:\/\/www.hosekra.com\/profili\/wp-json\/wp\/v2\/pages"}],"about":[{"href":"https:\/\/www.hosekra.com\/profili\/wp-json\/wp\/v2\/types\/page"}],"author":[{"embeddable":true,"href":"https:\/\/www.hosekra.com\/profili\/wp-json\/wp\/v2\/users\/1"}],"replies":[{"embeddable":true,"href":"https:\/\/www.hosekra.com\/profili\/wp-json\/wp\/v2\/comments?post=1505"}],"version-history":[{"count":10,"href":"https:\/\/www.hosekra.com\/profili\/wp-json\/wp\/v2\/pages\/1505\/revisions"}],"predecessor-version":[{"id":1633,"href":"https:\/\/www.hosekra.com\/profili\/wp-json\/wp\/v2\/pages\/1505\/revisions\/1633"}],"wp:attachment":[{"href":"https:\/\/www.hosekra.com\/profili\/wp-json\/wp\/v2\/media?parent=1505"}],"curies":[{"name":"wp","href":"https:\/\/api.w.org\/{rel}","templated":true}]}}