{"id":119,"date":"2016-08-18T17:16:05","date_gmt":"2016-08-18T17:16:05","guid":{"rendered":"http:\/\/www.hosekra.com\/skupina\/"},"modified":"2026-03-23T19:02:58","modified_gmt":"2026-03-23T18:02:58","slug":"group","status":"publish","type":"page","link":"https:\/\/www.hosekra.com\/it\/","title":{"rendered":"Hosekra"},"content":{"rendered":"<section class=\"container services\">\n<div class=\"row\">\n<div class=\"col-md-6 hidden-sm-down\">\n<h1 class=\"services-heading services-heading-notext\">Tetto<\/h1>\n<p class=\"lead\">\n<p>        <a href=\"https:\/\/www.hosekra.com\/strehe\/\" class=\"more-link\">Di Pi\u00f9<\/a>\n      <\/div>\n<div class=\"col-md-6\">\n<h1 class=\"services-heading hidden-md-up\">Tetto<\/h1>\n<p>        <a href=\"https:\/\/www.hosekra.com\/strehe\/\"><img decoding=\"async\" class=\"services-image img-responsive center-block\" src=\"https:\/\/www.hosekra.com\/wp-content\/themes\/hosekra\/img\/dejavnosti\/strehe_main.jpg\" alt=\"Tetto\"><\/a>\n      <\/div>\n<\/p><\/div>\n<hr class=\"services-divider\">\n<div class=\"row\">\n<div class=\"col-md-6\">\n<h1 class=\"services-heading hidden-md-up\">Autorimessa e pensilini<\/h1>\n<p>        <a href=\"https:\/\/www.hosekra.com\/garaze\"><img decoding=\"async\" class=\"services-image img-responsive center-block\" src=\"https:\/\/www.hosekra.com\/wp-content\/themes\/hosekra\/img\/dejavnosti\/garaze_main.jpg\" alt=\"Autorimessa\"><\/a>\n      <\/div>\n<div class=\"col-md-6 hidden-sm-down\">\n<h1 class=\"services-heading services-heading-notext\">Autorimessa e pensilini<\/h1>\n<p class=\"lead\">\n<p>        <a href=\"https:\/\/www.hosekra.com\/garaze\" class=\"more-link\">Di Pi\u00f9<\/a>\n      <\/div>\n<\/p><\/div>\n<hr class=\"services-divider\">\n<div class=\"row\">\n<div class=\"col-md-6 hidden-sm-down\">\n<h1 class=\"services-heading services-heading-notext\">Contenitori<\/h1>\n<p class=\"lead\">\n<p>        <a href=\"https:\/\/www.hosekra.com\/kontejnerji\/\" class=\"more-link\">Di Pi\u00f9<\/a>\n      <\/div>\n<div class=\"col-md-6\">\n<h1 class=\"services-heading hidden-md-up\">Contenitori<\/h1>\n<p>        <a href=\"https:\/\/www.hosekra.com\/kontejnerji\/\"><img decoding=\"async\" class=\"services-image img-responsive center-block\" src=\"https:\/\/www.hosekra.com\/wp-content\/themes\/hosekra\/img\/dejavnosti\/kontejnerji_main.jpg\" alt=\"Contenitori\"><\/a>\n      <\/div>\n<\/p><\/div>\n<hr class=\"services-divider\">\n<div class=\"row\">\n<div class=\"col-md-6\">\n<h1 class=\"services-heading hidden-md-up\">Casa mobili<\/h1>\n<p>        <a href=\"https:\/\/www.hosekra.com\/homes\"><img decoding=\"async\" class=\"services-image img-responsive center-block\" src=\"https:\/\/www.hosekra.com\/wp-content\/themes\/hosekra\/img\/dejavnosti\/mobilne_hiske_main.jpg\" alt=\"Casa mobili\"><\/a>\n      <\/div>\n<div class=\"col-md-6 hidden-sm-down\">\n<h1 class=\"services-heading services-heading-notext\">Casa mobili<\/h1>\n<p class=\"lead\">\n<p>        <a href=\"https:\/\/www.hosekra.com\/homes\" class=\"more-link\">Di Pi\u00f9<\/a>\n      <\/div>\n<\/p><\/div>\n<hr class=\"services-divider\">\n<p><!--\n    \n\n<div class=\"row\">\n      \n\n<div class=\"col-md-6 hidden-sm-down\">\n        \n\n<h1 class=\"services-heading services-heading-notext\">Electro<\/h1>\n\n\n        \n\n<p class=\"lead\">\n\n\n        <a href=\"https:\/\/www.hosekra.com\/elektro\" class=\"more-link\">Di Pi\u00f9<\/a>\n      <\/div>\n\n\n      \n\n<div class=\"col-md-6\">\n        \n\n<h1 class=\"services-heading hidden-md-up\">Electro<\/h1>\n\n\n        <a href=\"https:\/\/www.hosekra.com\/elektro\"><img decoding=\"async\" class=\"services-image img-responsive center-block\" src=\"https:\/\/www.hosekra.com\/wp-content\/themes\/hosekra\/img\/dejavnosti\/elektro_main.jpg\" alt=\"Electro\"><\/a>\n      <\/div>\n\n\n    <\/div>\n\n\n--><\/p>\n<div class=\"row\">\n<div class=\"col-md-6 hidden-sm-down\">\n<h1 class=\"services-heading services-heading-notext\">Case<\/h1>\n<p class=\"lead\">\n<p>        <a href=\"https:\/\/www.hosekra.com\/living\" class=\"more-link\">Di Pi\u00f9<\/a>\n      <\/div>\n<div class=\"col-md-6\">\n<h1 class=\"services-heading hidden-md-up\">Case<\/h1>\n<p>        <a href=\"https:\/\/www.hosekra.com\/living\"><img decoding=\"async\" class=\"services-image img-responsive center-block\" src=\"https:\/\/www.hosekra.com\/wp-content\/themes\/hosekra\/img\/dejavnosti\/living_main.jpg\" alt=\"Case Hosekra Living\"><\/a>\n      <\/div>\n<\/p><\/div>\n<hr class=\"services-divider\">\n<div class=\"row\">\n<div class=\"col-md-6\">\n<h1 class=\"services-heading hidden-md-up\">Profili<\/h1>\n<p>        <a href=\"https:\/\/www.hosekra.com\/profili\/\"><img decoding=\"async\" class=\"services-image img-responsive center-block\" src=\"https:\/\/www.hosekra.com\/wp-content\/themes\/hosekra\/img\/dejavnosti\/profili_main.jpg\" alt=\"Profili Hosekra\"><\/a>\n      <\/div>\n<div class=\"col-md-6 hidden-sm-down\">\n<h1 class=\"services-heading services-heading-notext\">Profili<\/h1>\n<p class=\"lead\">\n<p>        <a href=\"https:\/\/www.hosekra.com\/profili\/\" class=\"more-link\">Di Pi\u00f9<\/a>\n      <\/div>\n<\/p><\/div>\n<hr class=\"services-divider\">\n<div class=\"row\">\n<div class=\"col-md-6 hidden-sm-down\">\n<h1 class=\"services-heading services-heading-notext\">Modular<\/h1>\n<p class=\"lead\">\n<p>        <a href=\"https:\/\/www.hosekra.com\/modular\/\" class=\"more-link\">Di Pi\u00f9<\/a>\n      <\/div>\n<div class=\"col-md-6\">\n<h1 class=\"services-heading hidden-md-up\">Modular<\/h1>\n<p>        <a href=\"https:\/\/www.hosekra.com\/modular\/\"><img decoding=\"async\" class=\"services-image img-responsive center-block\" src=\"https:\/\/www.hosekra.com\/wp-content\/themes\/hosekra\/img\/dejavnosti\/modular_main.jpg\" alt=\"Modular\"><\/a>\n      <\/div>\n<\/p><\/div>\n<hr class=\"services-divider\">\n<div class=\"row\">\n<div class=\"col-md-6\">\n<h1 class=\"services-heading hidden-md-up\">OUTLET<\/h1>\n<p>        <a href=\"https:\/\/www.hosekra.com\/outlet\/\"><img decoding=\"async\" class=\"services-image img-responsive center-block\" src=\"https:\/\/www.hosekra.com\/wp-content\/themes\/hosekra\/img\/dejavnosti\/outlet_main.jpg\" alt=\"OUTLET\"><\/a>\n      <\/div>\n<div class=\"col-md-6 hidden-sm-down\">\n<h1 class=\"services-heading services-heading-notext\">OUTLET<\/h1>\n<p class=\"lead\">\n<p>        <a href=\"https:\/\/www.hosekra.com\/outlet\/\" class=\"more-link\">Di Pi\u00f9<\/a>\n      <\/div>\n<\/p><\/div>\n<\/section>\n<p><!-- \/.container --><\/p>\n","protected":false},"excerpt":{"rendered":"<p>Tetto Di Pi\u00f9 Tetto Autorimessa e pensilini Autorimessa e pensilini Di Pi\u00f9 Contenitori Di Pi\u00f9 Contenitori Casa mobili Casa mobili Di Pi\u00f9 Case Di Pi\u00f9 Case Profili Profili Di Pi\u00f9 Modular Di Pi\u00f9 Modular OUTLET OUTLET Di Pi\u00f9<\/p>\n","protected":false},"author":1,"featured_media":0,"parent":0,"menu_order":0,"comment_status":"closed","ping_status":"closed","template":"index.php","meta":{"ngg_post_thumbnail":0,"footnotes":""},"class_list":["post-119","page","type-page","status-publish","hentry"],"yoast_head":"<!-- This site is optimized with the Yoast SEO plugin v27.4 - https:\/\/yoast.com\/product\/yoast-seo-wordpress\/ -->\n<title>Hosekra - Hosekra Group<\/title>\n<meta name=\"robots\" content=\"index, follow, max-snippet:-1, max-image-preview:large, max-video-preview:-1\" \/>\n<link rel=\"canonical\" href=\"https:\/\/www.hosekra.com\/it\/\" \/>\n<meta property=\"og:locale\" content=\"it_IT\" \/>\n<meta property=\"og:type\" content=\"article\" \/>\n<meta property=\"og:title\" content=\"Hosekra - Hosekra Group\" \/>\n<meta property=\"og:description\" content=\"Tetto Di Pi\u00f9 Tetto Autorimessa e pensilini Autorimessa e pensilini Di Pi\u00f9 Contenitori Di Pi\u00f9 Contenitori Casa mobili Casa mobili Di Pi\u00f9 Case Di Pi\u00f9 Case Profili Profili Di Pi\u00f9 Modular Di Pi\u00f9 Modular OUTLET OUTLET Di Pi\u00f9\" \/>\n<meta property=\"og:url\" content=\"https:\/\/www.hosekra.com\/it\/\" \/>\n<meta property=\"og:site_name\" content=\"Hosekra Group\" \/>\n<meta property=\"article:modified_time\" content=\"2026-03-23T18:02:58+00:00\" \/>\n<meta property=\"og:image\" content=\"https:\/\/www.hosekra.com\/wp-content\/themes\/hosekra\/img\/dejavnosti\/strehe_main.jpg\" \/>\n<meta name=\"twitter:card\" content=\"summary_large_image\" \/>\n<meta name=\"twitter:label1\" content=\"Tempo di lettura stimato\" \/>\n\t<meta name=\"twitter:data1\" content=\"2 minuti\" \/>\n<script type=\"application\/ld+json\" class=\"yoast-schema-graph\">{\"@context\":\"https:\\\/\\\/schema.org\",\"@graph\":[{\"@type\":\"WebPage\",\"@id\":\"https:\\\/\\\/www.hosekra.com\\\/it\\\/\",\"url\":\"https:\\\/\\\/www.hosekra.com\\\/it\\\/\",\"name\":\"Hosekra - Hosekra Group\",\"isPartOf\":{\"@id\":\"https:\\\/\\\/www.hosekra.com\\\/#website\"},\"primaryImageOfPage\":{\"@id\":\"https:\\\/\\\/www.hosekra.com\\\/it\\\/#primaryimage\"},\"image\":{\"@id\":\"https:\\\/\\\/www.hosekra.com\\\/it\\\/#primaryimage\"},\"thumbnailUrl\":\"https:\\\/\\\/www.hosekra.com\\\/wp-content\\\/themes\\\/hosekra\\\/img\\\/dejavnosti\\\/strehe_main.jpg\",\"datePublished\":\"2016-08-18T17:16:05+00:00\",\"dateModified\":\"2026-03-23T18:02:58+00:00\",\"breadcrumb\":{\"@id\":\"https:\\\/\\\/www.hosekra.com\\\/it\\\/#breadcrumb\"},\"inLanguage\":\"it-IT\",\"potentialAction\":[{\"@type\":\"ReadAction\",\"target\":[\"https:\\\/\\\/www.hosekra.com\\\/it\\\/\"]}]},{\"@type\":\"ImageObject\",\"inLanguage\":\"it-IT\",\"@id\":\"https:\\\/\\\/www.hosekra.com\\\/it\\\/#primaryimage\",\"url\":\"https:\\\/\\\/www.hosekra.com\\\/wp-content\\\/themes\\\/hosekra\\\/img\\\/dejavnosti\\\/strehe_main.jpg\",\"contentUrl\":\"https:\\\/\\\/www.hosekra.com\\\/wp-content\\\/themes\\\/hosekra\\\/img\\\/dejavnosti\\\/strehe_main.jpg\"},{\"@type\":\"BreadcrumbList\",\"@id\":\"https:\\\/\\\/www.hosekra.com\\\/it\\\/#breadcrumb\",\"itemListElement\":[{\"@type\":\"ListItem\",\"position\":1,\"name\":\"Home\",\"item\":\"https:\\\/\\\/www.hosekra.com\\\/it\\\/\"},{\"@type\":\"ListItem\",\"position\":2,\"name\":\"Hosekra\"}]},{\"@type\":\"WebSite\",\"@id\":\"https:\\\/\\\/www.hosekra.com\\\/#website\",\"url\":\"https:\\\/\\\/www.hosekra.com\\\/\",\"name\":\"Hosekra Group\",\"description\":\"Hosekra Group\",\"potentialAction\":[{\"@type\":\"SearchAction\",\"target\":{\"@type\":\"EntryPoint\",\"urlTemplate\":\"https:\\\/\\\/www.hosekra.com\\\/?s={search_term_string}\"},\"query-input\":{\"@type\":\"PropertyValueSpecification\",\"valueRequired\":true,\"valueName\":\"search_term_string\"}}],\"inLanguage\":\"it-IT\"}]}<\/script>\n<!-- \/ Yoast SEO plugin. -->","yoast_head_json":{"title":"Hosekra - Hosekra Group","robots":{"index":"index","follow":"follow","max-snippet":"max-snippet:-1","max-image-preview":"max-image-preview:large","max-video-preview":"max-video-preview:-1"},"canonical":"https:\/\/www.hosekra.com\/it\/","og_locale":"it_IT","og_type":"article","og_title":"Hosekra - Hosekra Group","og_description":"Tetto Di Pi\u00f9 Tetto Autorimessa e pensilini Autorimessa e pensilini Di Pi\u00f9 Contenitori Di Pi\u00f9 Contenitori Casa mobili Casa mobili Di Pi\u00f9 Case Di Pi\u00f9 Case Profili Profili Di Pi\u00f9 Modular Di Pi\u00f9 Modular OUTLET OUTLET Di Pi\u00f9","og_url":"https:\/\/www.hosekra.com\/it\/","og_site_name":"Hosekra Group","article_modified_time":"2026-03-23T18:02:58+00:00","og_image":[{"url":"https:\/\/www.hosekra.com\/wp-content\/themes\/hosekra\/img\/dejavnosti\/strehe_main.jpg","type":"","width":"","height":""}],"twitter_card":"summary_large_image","twitter_misc":{"Tempo di lettura stimato":"2 minuti"},"schema":{"@context":"https:\/\/schema.org","@graph":[{"@type":"WebPage","@id":"https:\/\/www.hosekra.com\/it\/","url":"https:\/\/www.hosekra.com\/it\/","name":"Hosekra - Hosekra Group","isPartOf":{"@id":"https:\/\/www.hosekra.com\/#website"},"primaryImageOfPage":{"@id":"https:\/\/www.hosekra.com\/it\/#primaryimage"},"image":{"@id":"https:\/\/www.hosekra.com\/it\/#primaryimage"},"thumbnailUrl":"https:\/\/www.hosekra.com\/wp-content\/themes\/hosekra\/img\/dejavnosti\/strehe_main.jpg","datePublished":"2016-08-18T17:16:05+00:00","dateModified":"2026-03-23T18:02:58+00:00","breadcrumb":{"@id":"https:\/\/www.hosekra.com\/it\/#breadcrumb"},"inLanguage":"it-IT","potentialAction":[{"@type":"ReadAction","target":["https:\/\/www.hosekra.com\/it\/"]}]},{"@type":"ImageObject","inLanguage":"it-IT","@id":"https:\/\/www.hosekra.com\/it\/#primaryimage","url":"https:\/\/www.hosekra.com\/wp-content\/themes\/hosekra\/img\/dejavnosti\/strehe_main.jpg","contentUrl":"https:\/\/www.hosekra.com\/wp-content\/themes\/hosekra\/img\/dejavnosti\/strehe_main.jpg"},{"@type":"BreadcrumbList","@id":"https:\/\/www.hosekra.com\/it\/#breadcrumb","itemListElement":[{"@type":"ListItem","position":1,"name":"Home","item":"https:\/\/www.hosekra.com\/it\/"},{"@type":"ListItem","position":2,"name":"Hosekra"}]},{"@type":"WebSite","@id":"https:\/\/www.hosekra.com\/#website","url":"https:\/\/www.hosekra.com\/","name":"Hosekra Group","description":"Hosekra Group","potentialAction":[{"@type":"SearchAction","target":{"@type":"EntryPoint","urlTemplate":"https:\/\/www.hosekra.com\/?s={search_term_string}"},"query-input":{"@type":"PropertyValueSpecification","valueRequired":true,"valueName":"search_term_string"}}],"inLanguage":"it-IT"}]}},"_links":{"self":[{"href":"https:\/\/www.hosekra.com\/it\/wp-json\/wp\/v2\/pages\/119","targetHints":{"allow":["GET"]}}],"collection":[{"href":"https:\/\/www.hosekra.com\/it\/wp-json\/wp\/v2\/pages"}],"about":[{"href":"https:\/\/www.hosekra.com\/it\/wp-json\/wp\/v2\/types\/page"}],"author":[{"embeddable":true,"href":"https:\/\/www.hosekra.com\/it\/wp-json\/wp\/v2\/users\/1"}],"replies":[{"embeddable":true,"href":"https:\/\/www.hosekra.com\/it\/wp-json\/wp\/v2\/comments?post=119"}],"version-history":[{"count":22,"href":"https:\/\/www.hosekra.com\/it\/wp-json\/wp\/v2\/pages\/119\/revisions"}],"predecessor-version":[{"id":13341,"href":"https:\/\/www.hosekra.com\/it\/wp-json\/wp\/v2\/pages\/119\/revisions\/13341"}],"wp:attachment":[{"href":"https:\/\/www.hosekra.com\/it\/wp-json\/wp\/v2\/media?parent=119"}],"curies":[{"name":"wp","href":"https:\/\/api.w.org\/{rel}","templated":true}]}}