{"id":18,"date":"2021-05-25T19:28:24","date_gmt":"2021-05-25T17:28:24","guid":{"rendered":"https:\/\/www.hosekra.com\/homes-new\/?page_id=18"},"modified":"2025-03-13T20:26:52","modified_gmt":"2025-03-13T19:26:52","slug":"galerija","status":"publish","type":"page","link":"https:\/\/www.hosekra.com\/homes\/galerija\/","title":{"rendered":"Galerija"},"content":{"rendered":"<div class=\"row\"><div class=\"col-sm-6\"><\/p>\n<h2>Zunanjost EKO<\/h2>\n<p><a href=\"https:\/\/www.hosekra.com\/homes\/galerija\/zunanjost-eko\/\"><img loading=\"lazy\" decoding=\"async\" src=\"https:\/\/www.hosekra.com\/homes\/wp-content\/uploads\/sites\/16\/zunanjost-mobilne-hiske-eko.jpg\" alt=\"Zunanjost mobilne hi\u0161ke EKO\" width=\"1200\" height=\"900\" class=\"size-full wp-image-3588\" srcset=\"https:\/\/www.hosekra.com\/homes\/wp-content\/uploads\/sites\/16\/zunanjost-mobilne-hiske-eko.jpg 1200w, https:\/\/www.hosekra.com\/homes\/wp-content\/uploads\/sites\/16\/zunanjost-mobilne-hiske-eko-548x411.jpg 548w, https:\/\/www.hosekra.com\/homes\/wp-content\/uploads\/sites\/16\/zunanjost-mobilne-hiske-eko-1024x768.jpg 1024w, https:\/\/www.hosekra.com\/homes\/wp-content\/uploads\/sites\/16\/zunanjost-mobilne-hiske-eko-768x576.jpg 768w\" sizes=\"auto, (max-width: 1200px) 100vw, 1200px\" \/><\/a><br \/>\n<a class=\"more-link\" href=\"https:\/\/www.hosekra.com\/homes\/galerija\/zunanjost-eko\/\">Ogled<\/a><\/p>\n<hr class=\"hidden-md-up\" \/>\n<p><\/div>\n<div class=\"col-sm-6\"><\/p>\n<h2>Zunanjost PANORAMA<\/h2>\n<p><a href=\"https:\/\/www.hosekra.com\/homes\/galerija\/zunanjost-panorama\/\"><img loading=\"lazy\" decoding=\"async\" src=\"https:\/\/www.hosekra.com\/homes\/wp-content\/uploads\/sites\/16\/zunanjost-mobilne-hiske-panorama.jpg\" alt=\"Zunanjost mobilne hi\u0161ke PANORAMA\" width=\"1200\" height=\"900\" class=\"size-full wp-image-3829\" srcset=\"https:\/\/www.hosekra.com\/homes\/wp-content\/uploads\/sites\/16\/zunanjost-mobilne-hiske-panorama.jpg 1200w, https:\/\/www.hosekra.com\/homes\/wp-content\/uploads\/sites\/16\/zunanjost-mobilne-hiske-panorama-548x411.jpg 548w, https:\/\/www.hosekra.com\/homes\/wp-content\/uploads\/sites\/16\/zunanjost-mobilne-hiske-panorama-1024x768.jpg 1024w, https:\/\/www.hosekra.com\/homes\/wp-content\/uploads\/sites\/16\/zunanjost-mobilne-hiske-panorama-768x576.jpg 768w\" sizes=\"auto, (max-width: 1200px) 100vw, 1200px\" \/><\/a><br \/>\n<a class=\"more-link\" href=\"https:\/\/www.hosekra.com\/homes\/galerija\/zunanjost-panorama\/\">Ogled<\/a><\/p>\n<hr class=\"hidden-md-up\" \/>\n<p><\/div><\/div>\n<div class=\"row\"><div class=\"col-sm-6\"><\/p>\n<h2>Notranjost EKO<\/h2>\n<p><a href=\"https:\/\/www.hosekra.com\/homes\/galerija\/notranjost-eko\/\"><img loading=\"lazy\" decoding=\"async\" src=\"https:\/\/www.hosekra.com\/homes\/wp-content\/uploads\/sites\/16\/delux-notranjost-mobilne-hiske-eko.jpg\" alt=\"DELUX notranjost mobilne hi\u0161ke EKO\" width=\"2048\" height=\"1536\" class=\"size-full wp-image-3602\" srcset=\"https:\/\/www.hosekra.com\/homes\/wp-content\/uploads\/sites\/16\/delux-notranjost-mobilne-hiske-eko.jpg 2048w, https:\/\/www.hosekra.com\/homes\/wp-content\/uploads\/sites\/16\/delux-notranjost-mobilne-hiske-eko-548x411.jpg 548w, https:\/\/www.hosekra.com\/homes\/wp-content\/uploads\/sites\/16\/delux-notranjost-mobilne-hiske-eko-1024x768.jpg 1024w, https:\/\/www.hosekra.com\/homes\/wp-content\/uploads\/sites\/16\/delux-notranjost-mobilne-hiske-eko-768x576.jpg 768w, https:\/\/www.hosekra.com\/homes\/wp-content\/uploads\/sites\/16\/delux-notranjost-mobilne-hiske-eko-1536x1152.jpg 1536w\" sizes=\"auto, (max-width: 2048px) 100vw, 2048px\" \/><\/a><br \/>\n<a class=\"more-link\" href=\"https:\/\/www.hosekra.com\/homes\/galerija\/notranjost-eko\/\">Ogled<\/a><\/p>\n<hr class=\"hidden-md-up\" \/>\n<p><\/div>\n<div class=\"col-sm-6\"><\/p>\n<h2>Notranjost PANORAMA<\/h2>\n<p><a href=\"https:\/\/www.hosekra.com\/homes\/galerija\/notranjost-panorama\/\"><img loading=\"lazy\" decoding=\"async\" src=\"https:\/\/www.hosekra.com\/homes\/wp-content\/uploads\/sites\/16\/notranjost-panorama-cover.jpg\" alt=\"Notranjost panorama Delux\" width=\"1200\" height=\"900\" class=\"alignnone size-full wp-image-3834\" srcset=\"https:\/\/www.hosekra.com\/homes\/wp-content\/uploads\/sites\/16\/notranjost-panorama-cover.jpg 1200w, https:\/\/www.hosekra.com\/homes\/wp-content\/uploads\/sites\/16\/notranjost-panorama-cover-548x411.jpg 548w, https:\/\/www.hosekra.com\/homes\/wp-content\/uploads\/sites\/16\/notranjost-panorama-cover-1024x768.jpg 1024w, https:\/\/www.hosekra.com\/homes\/wp-content\/uploads\/sites\/16\/notranjost-panorama-cover-768x576.jpg 768w\" sizes=\"auto, (max-width: 1200px) 100vw, 1200px\" \/><\/a><br \/>\n<a class=\"more-link\" href=\"https:\/\/www.hosekra.com\/homes\/galerija\/notranjost-panorama\/\">Ogled<\/a><\/p>\n<hr class=\"hidden-md-up\" \/>\n<p><\/div><\/div>\n<div class=\"row\"><div class=\"col-sm-6\"><\/p>\n<h2>Dodatki za terase<\/h2>\n<p><a href=\"https:\/\/www.hosekra.com\/homes\/terase\/#galerija\"><img loading=\"lazy\" decoding=\"async\" class=\"alignnone size-large wp-image-1206\" src=\"https:\/\/www.hosekra.com\/homes\/wp-content\/uploads\/sites\/16\/dodatki-za-terase-1024x768.jpeg\" alt=\"Dodatki za terase\" width=\"1024\" height=\"768\" srcset=\"https:\/\/www.hosekra.com\/homes\/wp-content\/uploads\/sites\/16\/dodatki-za-terase-1024x768.jpeg 1024w, https:\/\/www.hosekra.com\/homes\/wp-content\/uploads\/sites\/16\/dodatki-za-terase-548x411.jpeg 548w, https:\/\/www.hosekra.com\/homes\/wp-content\/uploads\/sites\/16\/dodatki-za-terase-768x576.jpeg 768w, https:\/\/www.hosekra.com\/homes\/wp-content\/uploads\/sites\/16\/dodatki-za-terase-1536x1152.jpeg 1536w, https:\/\/www.hosekra.com\/homes\/wp-content\/uploads\/sites\/16\/dodatki-za-terase.jpeg 2048w\" sizes=\"auto, (max-width: 1024px) 100vw, 1024px\" \/><\/a><br \/>\n<a class=\"more-link\" href=\"https:\/\/www.hosekra.com\/homes\/terase\/#galerija\">Ogled<\/a><br \/>\n<\/div>\n<div class=\"col-sm-6\"><br \/>\n&nbsp;<br \/>\n<\/div><\/div>\n","protected":false},"excerpt":{"rendered":"","protected":false},"author":1,"featured_media":0,"parent":0,"menu_order":40,"comment_status":"closed","ping_status":"closed","template":"","meta":{"ngg_post_thumbnail":0,"footnotes":""},"class_list":["post-18","page","type-page","status-publish","hentry"],"yoast_head":"<!-- This site is optimized with the Yoast SEO plugin v27.4 - https:\/\/yoast.com\/product\/yoast-seo-wordpress\/ -->\n<title>Galerija - Hosekra Homes<\/title>\n<meta name=\"description\" content=\"Galerija mobilne hi\u0161ke, zunanjost, notranjost, priprava lokacije, monta\u017ea terase, dodatki za mobilne hi\u0161ke\" \/>\n<meta name=\"robots\" content=\"index, follow, max-snippet:-1, max-image-preview:large, max-video-preview:-1\" \/>\n<link rel=\"canonical\" href=\"https:\/\/www.hosekra.com\/homes\/galerija\/\" \/>\n<meta property=\"og:locale\" content=\"sl_SI\" \/>\n<meta property=\"og:type\" content=\"article\" \/>\n<meta property=\"og:title\" content=\"Galerija - Hosekra Homes\" \/>\n<meta property=\"og:description\" content=\"Galerija mobilne hi\u0161ke, zunanjost, notranjost, priprava lokacije, monta\u017ea terase, dodatki za mobilne hi\u0161ke\" \/>\n<meta property=\"og:url\" content=\"https:\/\/www.hosekra.com\/homes\/galerija\/\" \/>\n<meta property=\"og:site_name\" content=\"Hosekra Homes\" \/>\n<meta property=\"article:modified_time\" content=\"2025-03-13T19:26:52+00:00\" \/>\n<meta property=\"og:image\" content=\"https:\/\/www.hosekra.com\/homes\/wp-content\/uploads\/sites\/16\/zunanjost-mobilne-hiske-eko.jpg\" \/>\n\t<meta property=\"og:image:width\" content=\"1200\" \/>\n\t<meta property=\"og:image:height\" content=\"900\" \/>\n\t<meta property=\"og:image:type\" content=\"image\/jpeg\" \/>\n<meta name=\"twitter:card\" content=\"summary_large_image\" \/>\n<meta name=\"twitter:label1\" content=\"Est. reading time\" \/>\n\t<meta name=\"twitter:data1\" content=\"2 minuti\" \/>\n<script type=\"application\/ld+json\" class=\"yoast-schema-graph\">{\"@context\":\"https:\\\/\\\/schema.org\",\"@graph\":[{\"@type\":\"WebPage\",\"@id\":\"https:\\\/\\\/www.hosekra.com\\\/homes\\\/galerija\\\/\",\"url\":\"https:\\\/\\\/www.hosekra.com\\\/homes\\\/galerija\\\/\",\"name\":\"Galerija - Hosekra Homes\",\"isPartOf\":{\"@id\":\"https:\\\/\\\/www.hosekra.com\\\/homes\\\/#website\"},\"primaryImageOfPage\":{\"@id\":\"https:\\\/\\\/www.hosekra.com\\\/homes\\\/galerija\\\/#primaryimage\"},\"image\":{\"@id\":\"https:\\\/\\\/www.hosekra.com\\\/homes\\\/galerija\\\/#primaryimage\"},\"thumbnailUrl\":\"https:\\\/\\\/www.hosekra.com\\\/homes\\\/wp-content\\\/uploads\\\/sites\\\/16\\\/zunanjost-mobilne-hiske-eko.jpg\",\"datePublished\":\"2021-05-25T17:28:24+00:00\",\"dateModified\":\"2025-03-13T19:26:52+00:00\",\"description\":\"Galerija mobilne hi\u0161ke, zunanjost, notranjost, priprava lokacije, monta\u017ea terase, dodatki za mobilne hi\u0161ke\",\"breadcrumb\":{\"@id\":\"https:\\\/\\\/www.hosekra.com\\\/homes\\\/galerija\\\/#breadcrumb\"},\"inLanguage\":\"sl-SI\",\"potentialAction\":[{\"@type\":\"ReadAction\",\"target\":[\"https:\\\/\\\/www.hosekra.com\\\/homes\\\/galerija\\\/\"]}]},{\"@type\":\"ImageObject\",\"inLanguage\":\"sl-SI\",\"@id\":\"https:\\\/\\\/www.hosekra.com\\\/homes\\\/galerija\\\/#primaryimage\",\"url\":\"https:\\\/\\\/www.hosekra.com\\\/homes\\\/wp-content\\\/uploads\\\/sites\\\/16\\\/zunanjost-mobilne-hiske-eko.jpg\",\"contentUrl\":\"https:\\\/\\\/www.hosekra.com\\\/homes\\\/wp-content\\\/uploads\\\/sites\\\/16\\\/zunanjost-mobilne-hiske-eko.jpg\",\"width\":1200,\"height\":900,\"caption\":\"Zunanjost mobilne hi\u0161ke EKO\"},{\"@type\":\"BreadcrumbList\",\"@id\":\"https:\\\/\\\/www.hosekra.com\\\/homes\\\/galerija\\\/#breadcrumb\",\"itemListElement\":[{\"@type\":\"ListItem\",\"position\":1,\"name\":\"Home\",\"item\":\"https:\\\/\\\/www.hosekra.com\\\/homes\\\/\"},{\"@type\":\"ListItem\",\"position\":2,\"name\":\"Galerija\"}]},{\"@type\":\"WebSite\",\"@id\":\"https:\\\/\\\/www.hosekra.com\\\/homes\\\/#website\",\"url\":\"https:\\\/\\\/www.hosekra.com\\\/homes\\\/\",\"name\":\"Hosekra Homes\",\"description\":\"Hosekra Homes Mobilne Hi\u0161ke\",\"potentialAction\":[{\"@type\":\"SearchAction\",\"target\":{\"@type\":\"EntryPoint\",\"urlTemplate\":\"https:\\\/\\\/www.hosekra.com\\\/homes\\\/?s={search_term_string}\"},\"query-input\":{\"@type\":\"PropertyValueSpecification\",\"valueRequired\":true,\"valueName\":\"search_term_string\"}}],\"inLanguage\":\"sl-SI\"}]}<\/script>\n<!-- \/ Yoast SEO plugin. -->","yoast_head_json":{"title":"Galerija - Hosekra Homes","description":"Galerija mobilne hi\u0161ke, zunanjost, notranjost, priprava lokacije, monta\u017ea terase, dodatki za mobilne hi\u0161ke","robots":{"index":"index","follow":"follow","max-snippet":"max-snippet:-1","max-image-preview":"max-image-preview:large","max-video-preview":"max-video-preview:-1"},"canonical":"https:\/\/www.hosekra.com\/homes\/galerija\/","og_locale":"sl_SI","og_type":"article","og_title":"Galerija - Hosekra Homes","og_description":"Galerija mobilne hi\u0161ke, zunanjost, notranjost, priprava lokacije, monta\u017ea terase, dodatki za mobilne hi\u0161ke","og_url":"https:\/\/www.hosekra.com\/homes\/galerija\/","og_site_name":"Hosekra Homes","article_modified_time":"2025-03-13T19:26:52+00:00","og_image":[{"width":1200,"height":900,"url":"https:\/\/www.hosekra.com\/homes\/wp-content\/uploads\/sites\/16\/zunanjost-mobilne-hiske-eko.jpg","type":"image\/jpeg"}],"twitter_card":"summary_large_image","twitter_misc":{"Est. reading time":"2 minuti"},"schema":{"@context":"https:\/\/schema.org","@graph":[{"@type":"WebPage","@id":"https:\/\/www.hosekra.com\/homes\/galerija\/","url":"https:\/\/www.hosekra.com\/homes\/galerija\/","name":"Galerija - Hosekra Homes","isPartOf":{"@id":"https:\/\/www.hosekra.com\/homes\/#website"},"primaryImageOfPage":{"@id":"https:\/\/www.hosekra.com\/homes\/galerija\/#primaryimage"},"image":{"@id":"https:\/\/www.hosekra.com\/homes\/galerija\/#primaryimage"},"thumbnailUrl":"https:\/\/www.hosekra.com\/homes\/wp-content\/uploads\/sites\/16\/zunanjost-mobilne-hiske-eko.jpg","datePublished":"2021-05-25T17:28:24+00:00","dateModified":"2025-03-13T19:26:52+00:00","description":"Galerija mobilne hi\u0161ke, zunanjost, notranjost, priprava lokacije, monta\u017ea terase, dodatki za mobilne hi\u0161ke","breadcrumb":{"@id":"https:\/\/www.hosekra.com\/homes\/galerija\/#breadcrumb"},"inLanguage":"sl-SI","potentialAction":[{"@type":"ReadAction","target":["https:\/\/www.hosekra.com\/homes\/galerija\/"]}]},{"@type":"ImageObject","inLanguage":"sl-SI","@id":"https:\/\/www.hosekra.com\/homes\/galerija\/#primaryimage","url":"https:\/\/www.hosekra.com\/homes\/wp-content\/uploads\/sites\/16\/zunanjost-mobilne-hiske-eko.jpg","contentUrl":"https:\/\/www.hosekra.com\/homes\/wp-content\/uploads\/sites\/16\/zunanjost-mobilne-hiske-eko.jpg","width":1200,"height":900,"caption":"Zunanjost mobilne hi\u0161ke EKO"},{"@type":"BreadcrumbList","@id":"https:\/\/www.hosekra.com\/homes\/galerija\/#breadcrumb","itemListElement":[{"@type":"ListItem","position":1,"name":"Home","item":"https:\/\/www.hosekra.com\/homes\/"},{"@type":"ListItem","position":2,"name":"Galerija"}]},{"@type":"WebSite","@id":"https:\/\/www.hosekra.com\/homes\/#website","url":"https:\/\/www.hosekra.com\/homes\/","name":"Hosekra Homes","description":"Hosekra Homes Mobilne Hi\u0161ke","potentialAction":[{"@type":"SearchAction","target":{"@type":"EntryPoint","urlTemplate":"https:\/\/www.hosekra.com\/homes\/?s={search_term_string}"},"query-input":{"@type":"PropertyValueSpecification","valueRequired":true,"valueName":"search_term_string"}}],"inLanguage":"sl-SI"}]}},"_links":{"self":[{"href":"https:\/\/www.hosekra.com\/homes\/wp-json\/wp\/v2\/pages\/18","targetHints":{"allow":["GET"]}}],"collection":[{"href":"https:\/\/www.hosekra.com\/homes\/wp-json\/wp\/v2\/pages"}],"about":[{"href":"https:\/\/www.hosekra.com\/homes\/wp-json\/wp\/v2\/types\/page"}],"author":[{"embeddable":true,"href":"https:\/\/www.hosekra.com\/homes\/wp-json\/wp\/v2\/users\/1"}],"replies":[{"embeddable":true,"href":"https:\/\/www.hosekra.com\/homes\/wp-json\/wp\/v2\/comments?post=18"}],"version-history":[{"count":17,"href":"https:\/\/www.hosekra.com\/homes\/wp-json\/wp\/v2\/pages\/18\/revisions"}],"predecessor-version":[{"id":3846,"href":"https:\/\/www.hosekra.com\/homes\/wp-json\/wp\/v2\/pages\/18\/revisions\/3846"}],"wp:attachment":[{"href":"https:\/\/www.hosekra.com\/homes\/wp-json\/wp\/v2\/media?parent=18"}],"curies":[{"name":"wp","href":"https:\/\/api.w.org\/{rel}","templated":true}]}}