{"id":4169,"date":"2017-03-15T21:19:24","date_gmt":"2017-03-15T20:19:24","guid":{"rendered":"http:\/\/www.hosekra.com\/garaze\/circa-gareggi\/garazni-sustav-garsol\/"},"modified":"2017-03-15T21:20:59","modified_gmt":"2017-03-15T20:20:59","slug":"sistema-garage-garsol","status":"publish","type":"page","link":"https:\/\/www.hosekra.com\/garaze\/it\/circa-gareggi\/sistema-garage-garsol\/","title":{"rendered":"Sistema Garage Garsol"},"content":{"rendered":"<p>V sodobnem \u010dasu predstavlja energetska u\u010dinkovitost izhodi\u0161\u010de kvalitete na\u0161ega bivanja. Energetska u\u010dinkovitost je razmerje med na\u010dinom uporabe energije, uporabo naravnih virov in finan\u010dnimi sredstvi.<\/p>\n<p><img loading=\"lazy\" decoding=\"async\" class=\"alignnone size-large wp-image-91\" src=\"https:\/\/www.hosekra.com\/garaze\/wp-content\/uploads\/sites\/2\/garaza_garsol-1024x683.jpg\" alt=\"garaza_garsol\" width=\"1024\" height=\"683\" srcset=\"https:\/\/www.hosekra.com\/garaze\/wp-content\/uploads\/sites\/2\/garaza_garsol-1024x683.jpg 1024w, https:\/\/www.hosekra.com\/garaze\/wp-content\/uploads\/sites\/2\/garaza_garsol-548x365.jpg 548w, https:\/\/www.hosekra.com\/garaze\/wp-content\/uploads\/sites\/2\/garaza_garsol-768x512.jpg 768w\" sizes=\"auto, (max-width: 1024px) 100vw, 1024px\" \/><\/p>\n<p>Zato smo razvili <a href=\"http:\/\/www.garsol.com\/\">GARSOL<\/a>, gara\u017eo in doma\u010do elektrarno v enem, sredstvo za pridobivanje elektri\u010dne energije in polnjenje elektri\u010dnih avtomobilov. <a href=\"http:\/\/www.garsol.com\/\">GARSOL<\/a>, ta super u\u010dinkovita gara\u017ea, lahko skupaj z sledilnikom, ne glede na lego, na 20m\u00b2 proizvede do 9 kW elektri\u010dne energije (z 245w moduli). Na primerljivi povr\u0161ini z enakimi moduli se lahko sedaj pridobi le 2,4kW, upo\u0161tevajo\u010d optimalno lego modulov. S tega vidika predstavlja Garsol naju\u010dinkovitej\u0161i solarni sistem z neprimerljivim razmerjem med ceno in kvaliteto na tr\u017ei\u0161\u010du.<\/p>\n<p><a href=\"http:\/\/www.garsol.com\/\">GARSOL<\/a> je vse kar si lahko \u017eelimo za za\u0161\u010dito okolja in energetsko u\u010dinkovitost. Je \u017eivljenski slog, ki nam bo omogo\u010dil \u0161e leta u\u017eivati v lepotah narave in le te prenesti tudi na na\u0161e otroke in vnuke.<\/p>\n<h5>GARSOL GARA\u017dA JE SESTAVLJENA IZ NASLEDNJIH KOMPONENT<\/h5>\n<ul>\n<li><a class=\"foto\" title=\"\" href=\"http:\/\/www.garsol.com\/images\/modul_bisol.jpg\" data-rel=\"lightbox-image-0\" data-rl_title=\"\" data-rl_caption=\"\">Monokristalni moduli Bisol<\/a><br \/>\nmonokristalni modul, 245W vr\u0161ne mo\u010di, \u010drn aluminijast okvir, \u010drna hrbtna folija, 24 kosov<\/li>\n<li><a class=\"tip\" href=\"http:\/\/www.garsol.com\/pdf\/ProductGuide_2011_EN_AS.pdf\">Tracker DEGERtraker 5000HD<\/a><br \/>\nThe 5000HD (Heavy Duty) DEGERtraker was developed to withstand high wind loads on and around buildings. The reinforced structure is designed for wind loads of up to 170 km\/h or even up to 300 km\/h with a reduced module area. (<a class=\"tip\" href=\"http:\/\/www.garsol.com\/pdf\/DEG_DB_EN_5000HD_3000HD_AS.pdf\">specification<\/a>)<\/li>\n<li><a href=\"http:\/\/www.garsol.com\/pdf\/Dvizna-vrata-Berry.pdf\">Vrata Hormann Berry<\/a><br \/>\n\u0161irina 3000 mm, vi\u0161ina 2125 mm<\/li>\n<li><a href=\"http:\/\/www.garsol.com\/pdf\/ISOTPmicro.pdf\">Fasada<\/a><br \/>\nISO TP micro<\/li>\n<li><a href=\"http:\/\/www.garsol.com\/pdf\/tehnicne_specifikacije_garaze.pdf\">Konstrukcija<\/a><br \/>\nve\u010d o konstukciji na <a href=\"https:\/\/www.hosekra.com\/garaze\/\">www.garaze-hosekra.si<\/a><\/li>\n<li><a href=\"http:\/\/www.garsol.com\/pdf\/TPS_ProWeatherStation_Spec_Sheet.pdf\">Vremenska postaja<\/a><\/li>\n<li>Monitoring<br \/>\n<a href=\"http:\/\/www.garsol.com\/pdf\/nadzorni_racunalnik_GARSOL.pdf\">strojna oprema HP<\/a>, <a href=\"http:\/\/www.garsol.com\/pdf\/GARSOL-pvi_usb_rs485_232.pdf\">signal converter<\/a><\/li>\n<\/ul>\n<hr \/>\nngg_shortcode_0_placeholder\n","protected":false},"excerpt":{"rendered":"<p>V sodobnem \u010dasu predstavlja energetska u\u010dinkovitost izhodi\u0161\u010de kvalitete na\u0161ega bivanja. Energetska u\u010dinkovitost je razmerje med na\u010dinom uporabe energije, uporabo naravnih virov in finan\u010dnimi sredstvi. Zato smo razvili GARSOL, gara\u017eo in doma\u010do elektrarno v enem, sredstvo za pridobivanje elektri\u010dne energije in polnjenje elektri\u010dnih avtomobilov. GARSOL, ta super u\u010dinkovita gara\u017ea, lahko skupaj z sledilnikom, ne glede na [&hellip;]<\/p>\n","protected":false},"author":1,"featured_media":0,"parent":4153,"menu_order":7,"comment_status":"closed","ping_status":"closed","template":"page-with-sidebar.php","meta":{"ngg_post_thumbnail":0,"footnotes":""},"class_list":["post-4169","page","type-page","status-publish","hentry"],"yoast_head":"<!-- This site is optimized with the Yoast SEO plugin v27.4 - https:\/\/yoast.com\/product\/yoast-seo-wordpress\/ -->\n<title>Sistema Garage Garsol - Hosekra Gara\u017ee<\/title>\n<meta name=\"robots\" content=\"index, follow, max-snippet:-1, max-image-preview:large, max-video-preview:-1\" \/>\n<link rel=\"canonical\" href=\"https:\/\/www.hosekra.com\/garaze\/lastnosti\/garazni-sistem-garsol\/\" \/>\n<meta property=\"og:locale\" content=\"it_IT\" \/>\n<meta property=\"og:type\" content=\"article\" \/>\n<meta property=\"og:title\" content=\"Sistema Garage Garsol - Hosekra Gara\u017ee\" \/>\n<meta property=\"og:description\" content=\"V sodobnem \u010dasu predstavlja energetska u\u010dinkovitost izhodi\u0161\u010de kvalitete na\u0161ega bivanja. Energetska u\u010dinkovitost je razmerje med na\u010dinom uporabe energije, uporabo naravnih virov in finan\u010dnimi sredstvi. Zato smo razvili GARSOL, gara\u017eo in doma\u010do elektrarno v enem, sredstvo za pridobivanje elektri\u010dne energije in polnjenje elektri\u010dnih avtomobilov. GARSOL, ta super u\u010dinkovita gara\u017ea, lahko skupaj z sledilnikom, ne glede na [&hellip;]\" \/>\n<meta property=\"og:url\" content=\"https:\/\/www.hosekra.com\/garaze\/lastnosti\/garazni-sistem-garsol\/\" \/>\n<meta property=\"og:site_name\" content=\"Hosekra Gara\u017ee\" \/>\n<meta property=\"article:modified_time\" content=\"2017-03-15T20:20:59+00:00\" \/>\n<meta property=\"og:image\" content=\"https:\/\/www.hosekra.com\/garaze\/wp-content\/uploads\/sites\/2\/garaza_garsol-1024x683.jpg\" \/>\n<meta name=\"twitter:card\" content=\"summary_large_image\" \/>\n<meta name=\"twitter:label1\" content=\"Tempo di lettura stimato\" \/>\n\t<meta name=\"twitter:data1\" content=\"1 minuto\" \/>\n<script type=\"application\/ld+json\" class=\"yoast-schema-graph\">{\"@context\":\"https:\\\/\\\/schema.org\",\"@graph\":[{\"@type\":\"WebPage\",\"@id\":\"https:\\\/\\\/www.hosekra.com\\\/garaze\\\/lastnosti\\\/garazni-sistem-garsol\\\/\",\"url\":\"https:\\\/\\\/www.hosekra.com\\\/garaze\\\/lastnosti\\\/garazni-sistem-garsol\\\/\",\"name\":\"Sistema Garage Garsol - Hosekra Gara\u017ee\",\"isPartOf\":{\"@id\":\"https:\\\/\\\/www.hosekra.com\\\/garaze\\\/#website\"},\"primaryImageOfPage\":{\"@id\":\"https:\\\/\\\/www.hosekra.com\\\/garaze\\\/lastnosti\\\/garazni-sistem-garsol\\\/#primaryimage\"},\"image\":{\"@id\":\"https:\\\/\\\/www.hosekra.com\\\/garaze\\\/lastnosti\\\/garazni-sistem-garsol\\\/#primaryimage\"},\"thumbnailUrl\":\"https:\\\/\\\/www.hosekra.com\\\/garaze\\\/wp-content\\\/uploads\\\/sites\\\/2\\\/garaza_garsol-1024x683.jpg\",\"datePublished\":\"2017-03-15T20:19:24+00:00\",\"dateModified\":\"2017-03-15T20:20:59+00:00\",\"breadcrumb\":{\"@id\":\"https:\\\/\\\/www.hosekra.com\\\/garaze\\\/lastnosti\\\/garazni-sistem-garsol\\\/#breadcrumb\"},\"inLanguage\":\"it-IT\",\"potentialAction\":[{\"@type\":\"ReadAction\",\"target\":[\"https:\\\/\\\/www.hosekra.com\\\/garaze\\\/lastnosti\\\/garazni-sistem-garsol\\\/\"]}]},{\"@type\":\"ImageObject\",\"inLanguage\":\"it-IT\",\"@id\":\"https:\\\/\\\/www.hosekra.com\\\/garaze\\\/lastnosti\\\/garazni-sistem-garsol\\\/#primaryimage\",\"url\":\"https:\\\/\\\/www.hosekra.com\\\/garaze\\\/wp-content\\\/uploads\\\/sites\\\/2\\\/garaza_garsol-1024x683.jpg\",\"contentUrl\":\"https:\\\/\\\/www.hosekra.com\\\/garaze\\\/wp-content\\\/uploads\\\/sites\\\/2\\\/garaza_garsol-1024x683.jpg\"},{\"@type\":\"BreadcrumbList\",\"@id\":\"https:\\\/\\\/www.hosekra.com\\\/garaze\\\/lastnosti\\\/garazni-sistem-garsol\\\/#breadcrumb\",\"itemListElement\":[{\"@type\":\"ListItem\",\"position\":1,\"name\":\"Home\",\"item\":\"https:\\\/\\\/www.hosekra.com\\\/garaze\\\/\"},{\"@type\":\"ListItem\",\"position\":2,\"name\":\"Circa Gareggi\",\"item\":\"https:\\\/\\\/www.hosekra.com\\\/garaze\\\/lastnosti\\\/\"},{\"@type\":\"ListItem\",\"position\":3,\"name\":\"Sistema Garage Garsol\"}]},{\"@type\":\"WebSite\",\"@id\":\"https:\\\/\\\/www.hosekra.com\\\/garaze\\\/#website\",\"url\":\"https:\\\/\\\/www.hosekra.com\\\/garaze\\\/\",\"name\":\"Hosekra Gara\u017ee\",\"description\":\"Gara\u017ea in nadstre\u0161ki za avto. Ve\u010d barv avtomobilske gara\u017ee. Prodaja, monta\u017ea gara\u017e.\",\"potentialAction\":[{\"@type\":\"SearchAction\",\"target\":{\"@type\":\"EntryPoint\",\"urlTemplate\":\"https:\\\/\\\/www.hosekra.com\\\/garaze\\\/?s={search_term_string}\"},\"query-input\":{\"@type\":\"PropertyValueSpecification\",\"valueRequired\":true,\"valueName\":\"search_term_string\"}}],\"inLanguage\":\"it-IT\"}]}<\/script>\n<!-- \/ Yoast SEO plugin. -->","yoast_head_json":{"title":"Sistema Garage Garsol - Hosekra Gara\u017ee","robots":{"index":"index","follow":"follow","max-snippet":"max-snippet:-1","max-image-preview":"max-image-preview:large","max-video-preview":"max-video-preview:-1"},"canonical":"https:\/\/www.hosekra.com\/garaze\/lastnosti\/garazni-sistem-garsol\/","og_locale":"it_IT","og_type":"article","og_title":"Sistema Garage Garsol - Hosekra Gara\u017ee","og_description":"V sodobnem \u010dasu predstavlja energetska u\u010dinkovitost izhodi\u0161\u010de kvalitete na\u0161ega bivanja. Energetska u\u010dinkovitost je razmerje med na\u010dinom uporabe energije, uporabo naravnih virov in finan\u010dnimi sredstvi. Zato smo razvili GARSOL, gara\u017eo in doma\u010do elektrarno v enem, sredstvo za pridobivanje elektri\u010dne energije in polnjenje elektri\u010dnih avtomobilov. GARSOL, ta super u\u010dinkovita gara\u017ea, lahko skupaj z sledilnikom, ne glede na [&hellip;]","og_url":"https:\/\/www.hosekra.com\/garaze\/lastnosti\/garazni-sistem-garsol\/","og_site_name":"Hosekra Gara\u017ee","article_modified_time":"2017-03-15T20:20:59+00:00","og_image":[{"url":"https:\/\/www.hosekra.com\/garaze\/wp-content\/uploads\/sites\/2\/garaza_garsol-1024x683.jpg","type":"","width":"","height":""}],"twitter_card":"summary_large_image","twitter_misc":{"Tempo di lettura stimato":"1 minuto"},"schema":{"@context":"https:\/\/schema.org","@graph":[{"@type":"WebPage","@id":"https:\/\/www.hosekra.com\/garaze\/lastnosti\/garazni-sistem-garsol\/","url":"https:\/\/www.hosekra.com\/garaze\/lastnosti\/garazni-sistem-garsol\/","name":"Sistema Garage Garsol - Hosekra Gara\u017ee","isPartOf":{"@id":"https:\/\/www.hosekra.com\/garaze\/#website"},"primaryImageOfPage":{"@id":"https:\/\/www.hosekra.com\/garaze\/lastnosti\/garazni-sistem-garsol\/#primaryimage"},"image":{"@id":"https:\/\/www.hosekra.com\/garaze\/lastnosti\/garazni-sistem-garsol\/#primaryimage"},"thumbnailUrl":"https:\/\/www.hosekra.com\/garaze\/wp-content\/uploads\/sites\/2\/garaza_garsol-1024x683.jpg","datePublished":"2017-03-15T20:19:24+00:00","dateModified":"2017-03-15T20:20:59+00:00","breadcrumb":{"@id":"https:\/\/www.hosekra.com\/garaze\/lastnosti\/garazni-sistem-garsol\/#breadcrumb"},"inLanguage":"it-IT","potentialAction":[{"@type":"ReadAction","target":["https:\/\/www.hosekra.com\/garaze\/lastnosti\/garazni-sistem-garsol\/"]}]},{"@type":"ImageObject","inLanguage":"it-IT","@id":"https:\/\/www.hosekra.com\/garaze\/lastnosti\/garazni-sistem-garsol\/#primaryimage","url":"https:\/\/www.hosekra.com\/garaze\/wp-content\/uploads\/sites\/2\/garaza_garsol-1024x683.jpg","contentUrl":"https:\/\/www.hosekra.com\/garaze\/wp-content\/uploads\/sites\/2\/garaza_garsol-1024x683.jpg"},{"@type":"BreadcrumbList","@id":"https:\/\/www.hosekra.com\/garaze\/lastnosti\/garazni-sistem-garsol\/#breadcrumb","itemListElement":[{"@type":"ListItem","position":1,"name":"Home","item":"https:\/\/www.hosekra.com\/garaze\/"},{"@type":"ListItem","position":2,"name":"Circa Gareggi","item":"https:\/\/www.hosekra.com\/garaze\/lastnosti\/"},{"@type":"ListItem","position":3,"name":"Sistema Garage Garsol"}]},{"@type":"WebSite","@id":"https:\/\/www.hosekra.com\/garaze\/#website","url":"https:\/\/www.hosekra.com\/garaze\/","name":"Hosekra Gara\u017ee","description":"Gara\u017ea in nadstre\u0161ki za avto. Ve\u010d barv avtomobilske gara\u017ee. Prodaja, monta\u017ea gara\u017e.","potentialAction":[{"@type":"SearchAction","target":{"@type":"EntryPoint","urlTemplate":"https:\/\/www.hosekra.com\/garaze\/?s={search_term_string}"},"query-input":{"@type":"PropertyValueSpecification","valueRequired":true,"valueName":"search_term_string"}}],"inLanguage":"it-IT"}]}},"_links":{"self":[{"href":"https:\/\/www.hosekra.com\/garaze\/it\/wp-json\/wp\/v2\/pages\/4169","targetHints":{"allow":["GET"]}}],"collection":[{"href":"https:\/\/www.hosekra.com\/garaze\/it\/wp-json\/wp\/v2\/pages"}],"about":[{"href":"https:\/\/www.hosekra.com\/garaze\/it\/wp-json\/wp\/v2\/types\/page"}],"author":[{"embeddable":true,"href":"https:\/\/www.hosekra.com\/garaze\/it\/wp-json\/wp\/v2\/users\/1"}],"replies":[{"embeddable":true,"href":"https:\/\/www.hosekra.com\/garaze\/it\/wp-json\/wp\/v2\/comments?post=4169"}],"version-history":[{"count":1,"href":"https:\/\/www.hosekra.com\/garaze\/it\/wp-json\/wp\/v2\/pages\/4169\/revisions"}],"predecessor-version":[{"id":4172,"href":"https:\/\/www.hosekra.com\/garaze\/it\/wp-json\/wp\/v2\/pages\/4169\/revisions\/4172"}],"up":[{"embeddable":true,"href":"https:\/\/www.hosekra.com\/garaze\/it\/wp-json\/wp\/v2\/pages\/4153"}],"wp:attachment":[{"href":"https:\/\/www.hosekra.com\/garaze\/it\/wp-json\/wp\/v2\/media?parent=4169"}],"curies":[{"name":"wp","href":"https:\/\/api.w.org\/{rel}","templated":true}]}}