{"id":4078,"date":"2017-03-15T20:35:50","date_gmt":"2017-03-15T19:35:50","guid":{"rendered":"http:\/\/www.hosekra.com\/garaze\/galleria\/garaze-na-zahtjev\/"},"modified":"2017-03-15T20:42:30","modified_gmt":"2017-03-15T19:42:30","slug":"garage-personalizzati","status":"publish","type":"page","link":"https:\/\/www.hosekra.com\/garaze\/it\/galleria\/garage-personalizzati\/","title":{"rendered":"Garage personalizzati"},"content":{"rendered":"ngg_shortcode_0_placeholder\n","protected":false},"excerpt":{"rendered":"","protected":false},"author":1,"featured_media":0,"parent":4010,"menu_order":54,"comment_status":"closed","ping_status":"closed","template":"gallery.php","meta":{"ngg_post_thumbnail":0,"footnotes":""},"class_list":["post-4078","page","type-page","status-publish","hentry"],"yoast_head":"<!-- This site is optimized with the Yoast SEO plugin v27.4 - https:\/\/yoast.com\/product\/yoast-seo-wordpress\/ -->\n<title>Garage personalizzati - Hosekra Gara\u017ee<\/title>\n<meta name=\"robots\" content=\"index, follow, max-snippet:-1, max-image-preview:large, max-video-preview:-1\" \/>\n<link rel=\"canonical\" href=\"https:\/\/www.hosekra.com\/garaze\/galerija\/garaze-po-narocilu\/\" \/>\n<meta property=\"og:locale\" content=\"it_IT\" \/>\n<meta property=\"og:type\" content=\"article\" \/>\n<meta property=\"og:title\" content=\"Garage personalizzati - Hosekra Gara\u017ee\" \/>\n<meta property=\"og:url\" content=\"https:\/\/www.hosekra.com\/garaze\/galerija\/garaze-po-narocilu\/\" \/>\n<meta property=\"og:site_name\" content=\"Hosekra Gara\u017ee\" \/>\n<meta property=\"article:modified_time\" content=\"2017-03-15T19:42:30+00:00\" \/>\n<meta name=\"twitter:card\" content=\"summary_large_image\" \/>\n<script type=\"application\/ld+json\" class=\"yoast-schema-graph\">{\"@context\":\"https:\\\/\\\/schema.org\",\"@graph\":[{\"@type\":\"WebPage\",\"@id\":\"https:\\\/\\\/www.hosekra.com\\\/garaze\\\/galerija\\\/garaze-po-narocilu\\\/\",\"url\":\"https:\\\/\\\/www.hosekra.com\\\/garaze\\\/galerija\\\/garaze-po-narocilu\\\/\",\"name\":\"Garage personalizzati - Hosekra Gara\u017ee\",\"isPartOf\":{\"@id\":\"https:\\\/\\\/www.hosekra.com\\\/garaze\\\/#website\"},\"datePublished\":\"2017-03-15T19:35:50+00:00\",\"dateModified\":\"2017-03-15T19:42:30+00:00\",\"breadcrumb\":{\"@id\":\"https:\\\/\\\/www.hosekra.com\\\/garaze\\\/galerija\\\/garaze-po-narocilu\\\/#breadcrumb\"},\"inLanguage\":\"it-IT\",\"potentialAction\":[{\"@type\":\"ReadAction\",\"target\":[\"https:\\\/\\\/www.hosekra.com\\\/garaze\\\/galerija\\\/garaze-po-narocilu\\\/\"]}]},{\"@type\":\"BreadcrumbList\",\"@id\":\"https:\\\/\\\/www.hosekra.com\\\/garaze\\\/galerija\\\/garaze-po-narocilu\\\/#breadcrumb\",\"itemListElement\":[{\"@type\":\"ListItem\",\"position\":1,\"name\":\"Home\",\"item\":\"https:\\\/\\\/www.hosekra.com\\\/garaze\\\/\"},{\"@type\":\"ListItem\",\"position\":2,\"name\":\"Galleria\",\"item\":\"https:\\\/\\\/www.hosekra.com\\\/garaze\\\/galerija\\\/\"},{\"@type\":\"ListItem\",\"position\":3,\"name\":\"Garage personalizzati\"}]},{\"@type\":\"WebSite\",\"@id\":\"https:\\\/\\\/www.hosekra.com\\\/garaze\\\/#website\",\"url\":\"https:\\\/\\\/www.hosekra.com\\\/garaze\\\/\",\"name\":\"Hosekra Gara\u017ee\",\"description\":\"Gara\u017ea in nadstre\u0161ki za avto. Ve\u010d barv avtomobilske gara\u017ee. Prodaja, monta\u017ea gara\u017e.\",\"potentialAction\":[{\"@type\":\"SearchAction\",\"target\":{\"@type\":\"EntryPoint\",\"urlTemplate\":\"https:\\\/\\\/www.hosekra.com\\\/garaze\\\/?s={search_term_string}\"},\"query-input\":{\"@type\":\"PropertyValueSpecification\",\"valueRequired\":true,\"valueName\":\"search_term_string\"}}],\"inLanguage\":\"it-IT\"}]}<\/script>\n<!-- \/ Yoast SEO plugin. -->","yoast_head_json":{"title":"Garage personalizzati - Hosekra Gara\u017ee","robots":{"index":"index","follow":"follow","max-snippet":"max-snippet:-1","max-image-preview":"max-image-preview:large","max-video-preview":"max-video-preview:-1"},"canonical":"https:\/\/www.hosekra.com\/garaze\/galerija\/garaze-po-narocilu\/","og_locale":"it_IT","og_type":"article","og_title":"Garage personalizzati - Hosekra Gara\u017ee","og_url":"https:\/\/www.hosekra.com\/garaze\/galerija\/garaze-po-narocilu\/","og_site_name":"Hosekra Gara\u017ee","article_modified_time":"2017-03-15T19:42:30+00:00","twitter_card":"summary_large_image","schema":{"@context":"https:\/\/schema.org","@graph":[{"@type":"WebPage","@id":"https:\/\/www.hosekra.com\/garaze\/galerija\/garaze-po-narocilu\/","url":"https:\/\/www.hosekra.com\/garaze\/galerija\/garaze-po-narocilu\/","name":"Garage personalizzati - Hosekra Gara\u017ee","isPartOf":{"@id":"https:\/\/www.hosekra.com\/garaze\/#website"},"datePublished":"2017-03-15T19:35:50+00:00","dateModified":"2017-03-15T19:42:30+00:00","breadcrumb":{"@id":"https:\/\/www.hosekra.com\/garaze\/galerija\/garaze-po-narocilu\/#breadcrumb"},"inLanguage":"it-IT","potentialAction":[{"@type":"ReadAction","target":["https:\/\/www.hosekra.com\/garaze\/galerija\/garaze-po-narocilu\/"]}]},{"@type":"BreadcrumbList","@id":"https:\/\/www.hosekra.com\/garaze\/galerija\/garaze-po-narocilu\/#breadcrumb","itemListElement":[{"@type":"ListItem","position":1,"name":"Home","item":"https:\/\/www.hosekra.com\/garaze\/"},{"@type":"ListItem","position":2,"name":"Galleria","item":"https:\/\/www.hosekra.com\/garaze\/galerija\/"},{"@type":"ListItem","position":3,"name":"Garage personalizzati"}]},{"@type":"WebSite","@id":"https:\/\/www.hosekra.com\/garaze\/#website","url":"https:\/\/www.hosekra.com\/garaze\/","name":"Hosekra Gara\u017ee","description":"Gara\u017ea in nadstre\u0161ki za avto. Ve\u010d barv avtomobilske gara\u017ee. Prodaja, monta\u017ea gara\u017e.","potentialAction":[{"@type":"SearchAction","target":{"@type":"EntryPoint","urlTemplate":"https:\/\/www.hosekra.com\/garaze\/?s={search_term_string}"},"query-input":{"@type":"PropertyValueSpecification","valueRequired":true,"valueName":"search_term_string"}}],"inLanguage":"it-IT"}]}},"_links":{"self":[{"href":"https:\/\/www.hosekra.com\/garaze\/it\/wp-json\/wp\/v2\/pages\/4078","targetHints":{"allow":["GET"]}}],"collection":[{"href":"https:\/\/www.hosekra.com\/garaze\/it\/wp-json\/wp\/v2\/pages"}],"about":[{"href":"https:\/\/www.hosekra.com\/garaze\/it\/wp-json\/wp\/v2\/types\/page"}],"author":[{"embeddable":true,"href":"https:\/\/www.hosekra.com\/garaze\/it\/wp-json\/wp\/v2\/users\/1"}],"replies":[{"embeddable":true,"href":"https:\/\/www.hosekra.com\/garaze\/it\/wp-json\/wp\/v2\/comments?post=4078"}],"version-history":[{"count":1,"href":"https:\/\/www.hosekra.com\/garaze\/it\/wp-json\/wp\/v2\/pages\/4078\/revisions"}],"predecessor-version":[{"id":4081,"href":"https:\/\/www.hosekra.com\/garaze\/it\/wp-json\/wp\/v2\/pages\/4078\/revisions\/4081"}],"up":[{"embeddable":true,"href":"https:\/\/www.hosekra.com\/garaze\/it\/wp-json\/wp\/v2\/pages\/4010"}],"wp:attachment":[{"href":"https:\/\/www.hosekra.com\/garaze\/it\/wp-json\/wp\/v2\/media?parent=4078"}],"curies":[{"name":"wp","href":"https:\/\/api.w.org\/{rel}","templated":true}]}}