{"id":4035,"date":"2017-03-15T19:49:43","date_gmt":"2017-03-15T18:49:43","guid":{"rendered":"http:\/\/www.hosekra.com\/garaze\/garancija\/"},"modified":"2017-03-15T19:51:28","modified_gmt":"2017-03-15T18:51:28","slug":"garanzia","status":"publish","type":"page","link":"https:\/\/www.hosekra.com\/garaze\/it\/circa-gareggi\/garanzia\/","title":{"rendered":"Garanzia"},"content":{"rendered":"<p>Garancija samo za dele gara\u017ee, ki jo proizvaja Hosekra d.o.o., brez vrat in drugih dodatkov \u2013 splo\u0161na dolo\u010dila in pogoji!<br \/>\nTa garancija se nana\u0161a na premazno oprijemljivost in bledenje odtenkov v normalnem podnebju in vremenskih razmerah na izdelkih, ki jih proizvaja podjetje Hosekra d.o.o.<\/p>\n<p><strong>Garancija velja za vremenske in klimatske po\u0161kodbe, kot so:<\/strong><\/p>\n<ul>\n<li>lu\u0161\u010denje povr\u0161ine,<\/li>\n<li>nenavadne spremembe odtenkov,<\/li>\n<li>razpoke na povr\u0161ini.<\/li>\n<\/ul>\n<p>Spremembe odtenkov se ugotovijo z razliko med povr\u0161ino, za katero je bila uveljavljena garancija, in prvotnim vzorcem. Razlika ne sme presegati 15E enot (po Hunterjevi lestvici barvnih razlik) v obdobju desetih let za poliestrsko premazane izdelke in v obdobju petnajstih let za HB poliestrsko premazane izdelke. Preizkus se opravi na povr\u0161inah, na katerih ni umazanije, olja, ma\u0161\u010dobe ali drugih snovi.<\/p>\n<p>Ta garancija ne velja za obi\u010dajne spremembe, kot so enakomerno razbarvanje, bledenje ali spremembe sijaja. Podjetje Hosekra d.o.o., se bo odzvalo na to garancijo le v primeru, da je mogo\u010de dokazati poreklo izdelkov in njihov \u010das dostave in da dejanska povr\u0161ina, za katero je bila uveljavljena garancija, obsega najmanj pet odstotkov celotne dostavljene povr\u0161ine. Garancija ne krije hrbtne strani robov; njihove karakteristike so namre\u010d odvisne od kon\u010dne izvedbe in okoljskih razmer.<\/p>\n<h2>GARANCIJSKI POGOJI<\/h2>\n<ul>\n<li>Povr\u0161ine ni bilo dovoljeno uporabljati, shranjevati ali upravljati v korozivnem okolju, na primer v bli\u017eini morske vode, v nenehnem stiku z vodo ali pod vplivom korozivnih kemikalij, dima, kondenzirane vode, pepela, cementa ali gnojila.<\/li>\n<li>Povr\u0161ina ni smela biti po\u0161kodovana zaradi naravnih ali okoljskih nesre\u010d, izrednih onesna\u017eenj, po\u017earov, nezgod ali sevanj.<\/li>\n<li>Nagib strehe mora biti najmanj 1:4.<\/li>\n<li>Izdelke je bilo potrebno profesionalno namestiti.<\/li>\n<li>Izdelki niso smeli biti obtol\u010deni.<\/li>\n<li>Izdelke je bilo potrebno ustrezno vzdr\u017eevati.<\/li>\n<li>Povr\u0161ina med namestitvijo, uporabo, shranjevanjem ali prevozom ni smela biti izpostavljena mehani\u010dnim vplivom.<\/li>\n<li>Izdelke je bilo potrebno namestiti v enomese\u010dnem obdobju po dostavi.<\/li>\n<li>Izdelke je bilo potrebno namestiti tako, da lahko vsa voda ali druge snovi odtekajo s povr\u0161ine.<\/li>\n<li>Umazanijo ali druge obloge je potrebno redno odstranjevati.<\/li>\n<li>Izdelki niso smeli biti dolgo izpostavljeni temperaturam pod \u201330\u00b0C ali nad 60\u00b0C.<\/li>\n<li>Izdelke je potrebno namestiti z ustreznimi pripomo\u010dki za pritrjevanje in materiali za tesnjenje.<\/li>\n<\/ul>\n<h2>KOMPENZACIJSKI POGOJI<\/h2>\n<p>\u010ce se zahtevek odobri, bo podjetje Hosekra d.o.o. po lastni izbiri bodisi poravnalo celotne ali delne stro\u0161ke ponovnega barvanja po\u0161kodovane povr\u0161ine (odvisno od starosti izdelka) bodisi dostavilo nove materiale za premaz okvarjene povr\u0161ine. Odgovornost za stro\u0161ke je, glede na to garancijo, omejena na prvotno zara\u010dunano vrednost materiala, za katerega je bila uveljavljena garancija. Hosekra d.o.o. ne krije neposredne ali posredne \u0161kode, ki je nastala zaradi po\u0161kodb, ki so na\u0161tete v tej garanciji. Garancija za prebarvane \/ zamenjane povr\u0161ine je omejena na enako \u010dasovno obdobje kot prvotna garancija.<\/p>\n","protected":false},"excerpt":{"rendered":"<p>Garancija samo za dele gara\u017ee, ki jo proizvaja Hosekra d.o.o., brez vrat in drugih dodatkov \u2013 splo\u0161na dolo\u010dila in pogoji! Ta garancija se nana\u0161a na premazno oprijemljivost in bledenje odtenkov v normalnem podnebju in vremenskih razmerah na izdelkih, ki jih proizvaja podjetje Hosekra d.o.o. Garancija velja za vremenske in klimatske po\u0161kodbe, kot so: lu\u0161\u010denje povr\u0161ine, [&hellip;]<\/p>\n","protected":false},"author":1,"featured_media":0,"parent":4153,"menu_order":9,"comment_status":"closed","ping_status":"closed","template":"page-with-sidebar.php","meta":{"ngg_post_thumbnail":0,"footnotes":""},"class_list":["post-4035","page","type-page","status-publish","hentry"],"yoast_head":"<!-- This site is optimized with the Yoast SEO plugin v27.4 - https:\/\/yoast.com\/product\/yoast-seo-wordpress\/ -->\n<title>Garanzia - Hosekra Gara\u017ee<\/title>\n<meta name=\"robots\" content=\"index, follow, max-snippet:-1, max-image-preview:large, max-video-preview:-1\" \/>\n<link rel=\"canonical\" href=\"https:\/\/www.hosekra.com\/garaze\/lastnosti\/garancija\/\" \/>\n<meta property=\"og:locale\" content=\"it_IT\" \/>\n<meta property=\"og:type\" content=\"article\" \/>\n<meta property=\"og:title\" content=\"Garanzia - Hosekra Gara\u017ee\" \/>\n<meta property=\"og:description\" content=\"Garancija samo za dele gara\u017ee, ki jo proizvaja Hosekra d.o.o., brez vrat in drugih dodatkov \u2013 splo\u0161na dolo\u010dila in pogoji! Ta garancija se nana\u0161a na premazno oprijemljivost in bledenje odtenkov v normalnem podnebju in vremenskih razmerah na izdelkih, ki jih proizvaja podjetje Hosekra d.o.o. Garancija velja za vremenske in klimatske po\u0161kodbe, kot so: lu\u0161\u010denje povr\u0161ine, [&hellip;]\" \/>\n<meta property=\"og:url\" content=\"https:\/\/www.hosekra.com\/garaze\/lastnosti\/garancija\/\" \/>\n<meta property=\"og:site_name\" content=\"Hosekra Gara\u017ee\" \/>\n<meta property=\"article:modified_time\" content=\"2017-03-15T18:51:28+00:00\" \/>\n<meta name=\"twitter:card\" content=\"summary_large_image\" \/>\n<meta name=\"twitter:label1\" content=\"Tempo di lettura stimato\" \/>\n\t<meta name=\"twitter:data1\" content=\"2 minuti\" \/>\n<script type=\"application\/ld+json\" class=\"yoast-schema-graph\">{\"@context\":\"https:\\\/\\\/schema.org\",\"@graph\":[{\"@type\":\"WebPage\",\"@id\":\"https:\\\/\\\/www.hosekra.com\\\/garaze\\\/lastnosti\\\/garancija\\\/\",\"url\":\"https:\\\/\\\/www.hosekra.com\\\/garaze\\\/lastnosti\\\/garancija\\\/\",\"name\":\"Garanzia - Hosekra Gara\u017ee\",\"isPartOf\":{\"@id\":\"https:\\\/\\\/www.hosekra.com\\\/garaze\\\/#website\"},\"datePublished\":\"2017-03-15T18:49:43+00:00\",\"dateModified\":\"2017-03-15T18:51:28+00:00\",\"breadcrumb\":{\"@id\":\"https:\\\/\\\/www.hosekra.com\\\/garaze\\\/lastnosti\\\/garancija\\\/#breadcrumb\"},\"inLanguage\":\"it-IT\",\"potentialAction\":[{\"@type\":\"ReadAction\",\"target\":[\"https:\\\/\\\/www.hosekra.com\\\/garaze\\\/lastnosti\\\/garancija\\\/\"]}]},{\"@type\":\"BreadcrumbList\",\"@id\":\"https:\\\/\\\/www.hosekra.com\\\/garaze\\\/lastnosti\\\/garancija\\\/#breadcrumb\",\"itemListElement\":[{\"@type\":\"ListItem\",\"position\":1,\"name\":\"Home\",\"item\":\"https:\\\/\\\/www.hosekra.com\\\/garaze\\\/\"},{\"@type\":\"ListItem\",\"position\":2,\"name\":\"Circa Gareggi\",\"item\":\"https:\\\/\\\/www.hosekra.com\\\/garaze\\\/lastnosti\\\/\"},{\"@type\":\"ListItem\",\"position\":3,\"name\":\"Garanzia\"}]},{\"@type\":\"WebSite\",\"@id\":\"https:\\\/\\\/www.hosekra.com\\\/garaze\\\/#website\",\"url\":\"https:\\\/\\\/www.hosekra.com\\\/garaze\\\/\",\"name\":\"Hosekra Gara\u017ee\",\"description\":\"Gara\u017ea in nadstre\u0161ki za avto. Ve\u010d barv avtomobilske gara\u017ee. Prodaja, monta\u017ea gara\u017e.\",\"potentialAction\":[{\"@type\":\"SearchAction\",\"target\":{\"@type\":\"EntryPoint\",\"urlTemplate\":\"https:\\\/\\\/www.hosekra.com\\\/garaze\\\/?s={search_term_string}\"},\"query-input\":{\"@type\":\"PropertyValueSpecification\",\"valueRequired\":true,\"valueName\":\"search_term_string\"}}],\"inLanguage\":\"it-IT\"}]}<\/script>\n<!-- \/ Yoast SEO plugin. -->","yoast_head_json":{"title":"Garanzia - Hosekra Gara\u017ee","robots":{"index":"index","follow":"follow","max-snippet":"max-snippet:-1","max-image-preview":"max-image-preview:large","max-video-preview":"max-video-preview:-1"},"canonical":"https:\/\/www.hosekra.com\/garaze\/lastnosti\/garancija\/","og_locale":"it_IT","og_type":"article","og_title":"Garanzia - Hosekra Gara\u017ee","og_description":"Garancija samo za dele gara\u017ee, ki jo proizvaja Hosekra d.o.o., brez vrat in drugih dodatkov \u2013 splo\u0161na dolo\u010dila in pogoji! Ta garancija se nana\u0161a na premazno oprijemljivost in bledenje odtenkov v normalnem podnebju in vremenskih razmerah na izdelkih, ki jih proizvaja podjetje Hosekra d.o.o. Garancija velja za vremenske in klimatske po\u0161kodbe, kot so: lu\u0161\u010denje povr\u0161ine, [&hellip;]","og_url":"https:\/\/www.hosekra.com\/garaze\/lastnosti\/garancija\/","og_site_name":"Hosekra Gara\u017ee","article_modified_time":"2017-03-15T18:51:28+00:00","twitter_card":"summary_large_image","twitter_misc":{"Tempo di lettura stimato":"2 minuti"},"schema":{"@context":"https:\/\/schema.org","@graph":[{"@type":"WebPage","@id":"https:\/\/www.hosekra.com\/garaze\/lastnosti\/garancija\/","url":"https:\/\/www.hosekra.com\/garaze\/lastnosti\/garancija\/","name":"Garanzia - Hosekra Gara\u017ee","isPartOf":{"@id":"https:\/\/www.hosekra.com\/garaze\/#website"},"datePublished":"2017-03-15T18:49:43+00:00","dateModified":"2017-03-15T18:51:28+00:00","breadcrumb":{"@id":"https:\/\/www.hosekra.com\/garaze\/lastnosti\/garancija\/#breadcrumb"},"inLanguage":"it-IT","potentialAction":[{"@type":"ReadAction","target":["https:\/\/www.hosekra.com\/garaze\/lastnosti\/garancija\/"]}]},{"@type":"BreadcrumbList","@id":"https:\/\/www.hosekra.com\/garaze\/lastnosti\/garancija\/#breadcrumb","itemListElement":[{"@type":"ListItem","position":1,"name":"Home","item":"https:\/\/www.hosekra.com\/garaze\/"},{"@type":"ListItem","position":2,"name":"Circa Gareggi","item":"https:\/\/www.hosekra.com\/garaze\/lastnosti\/"},{"@type":"ListItem","position":3,"name":"Garanzia"}]},{"@type":"WebSite","@id":"https:\/\/www.hosekra.com\/garaze\/#website","url":"https:\/\/www.hosekra.com\/garaze\/","name":"Hosekra Gara\u017ee","description":"Gara\u017ea in nadstre\u0161ki za avto. Ve\u010d barv avtomobilske gara\u017ee. Prodaja, monta\u017ea gara\u017e.","potentialAction":[{"@type":"SearchAction","target":{"@type":"EntryPoint","urlTemplate":"https:\/\/www.hosekra.com\/garaze\/?s={search_term_string}"},"query-input":{"@type":"PropertyValueSpecification","valueRequired":true,"valueName":"search_term_string"}}],"inLanguage":"it-IT"}]}},"_links":{"self":[{"href":"https:\/\/www.hosekra.com\/garaze\/it\/wp-json\/wp\/v2\/pages\/4035","targetHints":{"allow":["GET"]}}],"collection":[{"href":"https:\/\/www.hosekra.com\/garaze\/it\/wp-json\/wp\/v2\/pages"}],"about":[{"href":"https:\/\/www.hosekra.com\/garaze\/it\/wp-json\/wp\/v2\/types\/page"}],"author":[{"embeddable":true,"href":"https:\/\/www.hosekra.com\/garaze\/it\/wp-json\/wp\/v2\/users\/1"}],"replies":[{"embeddable":true,"href":"https:\/\/www.hosekra.com\/garaze\/it\/wp-json\/wp\/v2\/comments?post=4035"}],"version-history":[{"count":1,"href":"https:\/\/www.hosekra.com\/garaze\/it\/wp-json\/wp\/v2\/pages\/4035\/revisions"}],"predecessor-version":[{"id":4038,"href":"https:\/\/www.hosekra.com\/garaze\/it\/wp-json\/wp\/v2\/pages\/4035\/revisions\/4038"}],"up":[{"embeddable":true,"href":"https:\/\/www.hosekra.com\/garaze\/it\/wp-json\/wp\/v2\/pages\/4153"}],"wp:attachment":[{"href":"https:\/\/www.hosekra.com\/garaze\/it\/wp-json\/wp\/v2\/media?parent=4035"}],"curies":[{"name":"wp","href":"https:\/\/api.w.org\/{rel}","templated":true}]}}