{"id":4176,"date":"2017-03-15T21:21:32","date_gmt":"2017-03-15T20:21:32","guid":{"rendered":"http:\/\/www.hosekra.com\/garaze\/ueber-garagen\/katalog-garaze\/"},"modified":"2017-03-15T21:23:00","modified_gmt":"2017-03-15T20:23:00","slug":"garagen-katalog","status":"publish","type":"page","link":"https:\/\/www.hosekra.com\/garaze\/de\/ueber-garagen\/garagen-katalog\/","title":{"rendered":"Garagen Katalog"},"content":{"rendered":"<p><a href=\"https:\/\/www.hosekra.com\/garaze\/wp-content\/uploads\/sites\/2\/GARAZE-3xA4-09-2014_1.pdf\"><img loading=\"lazy\" decoding=\"async\" src=\"https:\/\/www.hosekra.com\/garaze\/wp-content\/uploads\/sites\/2\/hosekra_garaze_katalog-1024x683.jpg\" alt=\"hosekra_garaze_katalog\" width=\"1024\" height=\"683\" class=\"alignnone size-large wp-image-217\" srcset=\"https:\/\/www.hosekra.com\/garaze\/wp-content\/uploads\/sites\/2\/hosekra_garaze_katalog-1024x683.jpg 1024w, https:\/\/www.hosekra.com\/garaze\/wp-content\/uploads\/sites\/2\/hosekra_garaze_katalog-548x365.jpg 548w, https:\/\/www.hosekra.com\/garaze\/wp-content\/uploads\/sites\/2\/hosekra_garaze_katalog-768x512.jpg 768w, https:\/\/www.hosekra.com\/garaze\/wp-content\/uploads\/sites\/2\/hosekra_garaze_katalog.jpg 1200w\" sizes=\"auto, (max-width: 1024px) 100vw, 1024px\" \/><\/a><\/p>\n<h2>Avtomobilske gara\u017ee<\/h2>\n<p><a href=\"https:\/\/www.hosekra.com\/garaze\/wp-content\/uploads\/sites\/2\/GARAZE-3xA4-09-2014_1.pdf\">Katalog gara\u017ee Hosekra<\/a> (.pdf)<\/p>\n","protected":false},"excerpt":{"rendered":"<p>Avtomobilske gara\u017ee Katalog gara\u017ee Hosekra (.pdf)<\/p>\n","protected":false},"author":1,"featured_media":0,"parent":4152,"menu_order":10,"comment_status":"closed","ping_status":"closed","template":"page-with-sidebar.php","meta":{"ngg_post_thumbnail":0,"footnotes":""},"class_list":["post-4176","page","type-page","status-publish","hentry"],"yoast_head":"<!-- This site is optimized with the Yoast SEO plugin v27.4 - https:\/\/yoast.com\/product\/yoast-seo-wordpress\/ -->\n<title>Garagen Katalog - Hosekra Gara\u017ee<\/title>\n<meta name=\"robots\" content=\"index, follow, max-snippet:-1, max-image-preview:large, max-video-preview:-1\" \/>\n<link rel=\"canonical\" href=\"https:\/\/www.hosekra.com\/garaze\/lastnosti\/katalog-garaze\/\" \/>\n<meta property=\"og:locale\" content=\"de_DE\" \/>\n<meta property=\"og:type\" content=\"article\" \/>\n<meta property=\"og:title\" content=\"Garagen Katalog - Hosekra Gara\u017ee\" \/>\n<meta property=\"og:description\" content=\"Avtomobilske gara\u017ee Katalog gara\u017ee Hosekra (.pdf)\" \/>\n<meta property=\"og:url\" content=\"https:\/\/www.hosekra.com\/garaze\/lastnosti\/katalog-garaze\/\" \/>\n<meta property=\"og:site_name\" content=\"Hosekra Gara\u017ee\" \/>\n<meta property=\"article:modified_time\" content=\"2017-03-15T20:23:00+00:00\" \/>\n<meta property=\"og:image\" content=\"https:\/\/www.hosekra.com\/garaze\/wp-content\/uploads\/sites\/2\/hosekra_garaze_katalog-1024x683.jpg\" \/>\n<meta name=\"twitter:card\" content=\"summary_large_image\" \/>\n<script type=\"application\/ld+json\" class=\"yoast-schema-graph\">{\"@context\":\"https:\\\/\\\/schema.org\",\"@graph\":[{\"@type\":\"WebPage\",\"@id\":\"https:\\\/\\\/www.hosekra.com\\\/garaze\\\/lastnosti\\\/katalog-garaze\\\/\",\"url\":\"https:\\\/\\\/www.hosekra.com\\\/garaze\\\/lastnosti\\\/katalog-garaze\\\/\",\"name\":\"Garagen Katalog - Hosekra Gara\u017ee\",\"isPartOf\":{\"@id\":\"https:\\\/\\\/www.hosekra.com\\\/garaze\\\/#website\"},\"primaryImageOfPage\":{\"@id\":\"https:\\\/\\\/www.hosekra.com\\\/garaze\\\/lastnosti\\\/katalog-garaze\\\/#primaryimage\"},\"image\":{\"@id\":\"https:\\\/\\\/www.hosekra.com\\\/garaze\\\/lastnosti\\\/katalog-garaze\\\/#primaryimage\"},\"thumbnailUrl\":\"https:\\\/\\\/www.hosekra.com\\\/garaze\\\/wp-content\\\/uploads\\\/sites\\\/2\\\/hosekra_garaze_katalog-1024x683.jpg\",\"datePublished\":\"2017-03-15T20:21:32+00:00\",\"dateModified\":\"2017-03-15T20:23:00+00:00\",\"breadcrumb\":{\"@id\":\"https:\\\/\\\/www.hosekra.com\\\/garaze\\\/lastnosti\\\/katalog-garaze\\\/#breadcrumb\"},\"inLanguage\":\"de\",\"potentialAction\":[{\"@type\":\"ReadAction\",\"target\":[\"https:\\\/\\\/www.hosekra.com\\\/garaze\\\/lastnosti\\\/katalog-garaze\\\/\"]}]},{\"@type\":\"ImageObject\",\"inLanguage\":\"de\",\"@id\":\"https:\\\/\\\/www.hosekra.com\\\/garaze\\\/lastnosti\\\/katalog-garaze\\\/#primaryimage\",\"url\":\"https:\\\/\\\/www.hosekra.com\\\/garaze\\\/wp-content\\\/uploads\\\/sites\\\/2\\\/hosekra_garaze_katalog-1024x683.jpg\",\"contentUrl\":\"https:\\\/\\\/www.hosekra.com\\\/garaze\\\/wp-content\\\/uploads\\\/sites\\\/2\\\/hosekra_garaze_katalog-1024x683.jpg\"},{\"@type\":\"BreadcrumbList\",\"@id\":\"https:\\\/\\\/www.hosekra.com\\\/garaze\\\/lastnosti\\\/katalog-garaze\\\/#breadcrumb\",\"itemListElement\":[{\"@type\":\"ListItem\",\"position\":1,\"name\":\"Home\",\"item\":\"https:\\\/\\\/www.hosekra.com\\\/garaze\\\/\"},{\"@type\":\"ListItem\",\"position\":2,\"name\":\"\u00dcber Garagen\",\"item\":\"https:\\\/\\\/www.hosekra.com\\\/garaze\\\/lastnosti\\\/\"},{\"@type\":\"ListItem\",\"position\":3,\"name\":\"Garagen Katalog\"}]},{\"@type\":\"WebSite\",\"@id\":\"https:\\\/\\\/www.hosekra.com\\\/garaze\\\/#website\",\"url\":\"https:\\\/\\\/www.hosekra.com\\\/garaze\\\/\",\"name\":\"Hosekra Gara\u017ee\",\"description\":\"Gara\u017ea in nadstre\u0161ki za avto. Ve\u010d barv avtomobilske gara\u017ee. Prodaja, monta\u017ea gara\u017e.\",\"potentialAction\":[{\"@type\":\"SearchAction\",\"target\":{\"@type\":\"EntryPoint\",\"urlTemplate\":\"https:\\\/\\\/www.hosekra.com\\\/garaze\\\/?s={search_term_string}\"},\"query-input\":{\"@type\":\"PropertyValueSpecification\",\"valueRequired\":true,\"valueName\":\"search_term_string\"}}],\"inLanguage\":\"de\"}]}<\/script>\n<!-- \/ Yoast SEO plugin. -->","yoast_head_json":{"title":"Garagen Katalog - Hosekra Gara\u017ee","robots":{"index":"index","follow":"follow","max-snippet":"max-snippet:-1","max-image-preview":"max-image-preview:large","max-video-preview":"max-video-preview:-1"},"canonical":"https:\/\/www.hosekra.com\/garaze\/lastnosti\/katalog-garaze\/","og_locale":"de_DE","og_type":"article","og_title":"Garagen Katalog - Hosekra Gara\u017ee","og_description":"Avtomobilske gara\u017ee Katalog gara\u017ee Hosekra (.pdf)","og_url":"https:\/\/www.hosekra.com\/garaze\/lastnosti\/katalog-garaze\/","og_site_name":"Hosekra Gara\u017ee","article_modified_time":"2017-03-15T20:23:00+00:00","og_image":[{"url":"https:\/\/www.hosekra.com\/garaze\/wp-content\/uploads\/sites\/2\/hosekra_garaze_katalog-1024x683.jpg","type":"","width":"","height":""}],"twitter_card":"summary_large_image","schema":{"@context":"https:\/\/schema.org","@graph":[{"@type":"WebPage","@id":"https:\/\/www.hosekra.com\/garaze\/lastnosti\/katalog-garaze\/","url":"https:\/\/www.hosekra.com\/garaze\/lastnosti\/katalog-garaze\/","name":"Garagen Katalog - Hosekra Gara\u017ee","isPartOf":{"@id":"https:\/\/www.hosekra.com\/garaze\/#website"},"primaryImageOfPage":{"@id":"https:\/\/www.hosekra.com\/garaze\/lastnosti\/katalog-garaze\/#primaryimage"},"image":{"@id":"https:\/\/www.hosekra.com\/garaze\/lastnosti\/katalog-garaze\/#primaryimage"},"thumbnailUrl":"https:\/\/www.hosekra.com\/garaze\/wp-content\/uploads\/sites\/2\/hosekra_garaze_katalog-1024x683.jpg","datePublished":"2017-03-15T20:21:32+00:00","dateModified":"2017-03-15T20:23:00+00:00","breadcrumb":{"@id":"https:\/\/www.hosekra.com\/garaze\/lastnosti\/katalog-garaze\/#breadcrumb"},"inLanguage":"de","potentialAction":[{"@type":"ReadAction","target":["https:\/\/www.hosekra.com\/garaze\/lastnosti\/katalog-garaze\/"]}]},{"@type":"ImageObject","inLanguage":"de","@id":"https:\/\/www.hosekra.com\/garaze\/lastnosti\/katalog-garaze\/#primaryimage","url":"https:\/\/www.hosekra.com\/garaze\/wp-content\/uploads\/sites\/2\/hosekra_garaze_katalog-1024x683.jpg","contentUrl":"https:\/\/www.hosekra.com\/garaze\/wp-content\/uploads\/sites\/2\/hosekra_garaze_katalog-1024x683.jpg"},{"@type":"BreadcrumbList","@id":"https:\/\/www.hosekra.com\/garaze\/lastnosti\/katalog-garaze\/#breadcrumb","itemListElement":[{"@type":"ListItem","position":1,"name":"Home","item":"https:\/\/www.hosekra.com\/garaze\/"},{"@type":"ListItem","position":2,"name":"\u00dcber Garagen","item":"https:\/\/www.hosekra.com\/garaze\/lastnosti\/"},{"@type":"ListItem","position":3,"name":"Garagen Katalog"}]},{"@type":"WebSite","@id":"https:\/\/www.hosekra.com\/garaze\/#website","url":"https:\/\/www.hosekra.com\/garaze\/","name":"Hosekra Gara\u017ee","description":"Gara\u017ea in nadstre\u0161ki za avto. Ve\u010d barv avtomobilske gara\u017ee. Prodaja, monta\u017ea gara\u017e.","potentialAction":[{"@type":"SearchAction","target":{"@type":"EntryPoint","urlTemplate":"https:\/\/www.hosekra.com\/garaze\/?s={search_term_string}"},"query-input":{"@type":"PropertyValueSpecification","valueRequired":true,"valueName":"search_term_string"}}],"inLanguage":"de"}]}},"_links":{"self":[{"href":"https:\/\/www.hosekra.com\/garaze\/de\/wp-json\/wp\/v2\/pages\/4176","targetHints":{"allow":["GET"]}}],"collection":[{"href":"https:\/\/www.hosekra.com\/garaze\/de\/wp-json\/wp\/v2\/pages"}],"about":[{"href":"https:\/\/www.hosekra.com\/garaze\/de\/wp-json\/wp\/v2\/types\/page"}],"author":[{"embeddable":true,"href":"https:\/\/www.hosekra.com\/garaze\/de\/wp-json\/wp\/v2\/users\/1"}],"replies":[{"embeddable":true,"href":"https:\/\/www.hosekra.com\/garaze\/de\/wp-json\/wp\/v2\/comments?post=4176"}],"version-history":[{"count":1,"href":"https:\/\/www.hosekra.com\/garaze\/de\/wp-json\/wp\/v2\/pages\/4176\/revisions"}],"predecessor-version":[{"id":4179,"href":"https:\/\/www.hosekra.com\/garaze\/de\/wp-json\/wp\/v2\/pages\/4176\/revisions\/4179"}],"up":[{"embeddable":true,"href":"https:\/\/www.hosekra.com\/garaze\/de\/wp-json\/wp\/v2\/pages\/4152"}],"wp:attachment":[{"href":"https:\/\/www.hosekra.com\/garaze\/de\/wp-json\/wp\/v2\/media?parent=4176"}],"curies":[{"name":"wp","href":"https:\/\/api.w.org\/{rel}","templated":true}]}}