{"id":4042,"date":"2017-03-15T19:52:27","date_gmt":"2017-03-15T18:52:27","guid":{"rendered":"http:\/\/www.hosekra.com\/garaze\/cookies\/"},"modified":"2017-03-15T19:52:27","modified_gmt":"2017-03-15T18:52:27","slug":"cookies","status":"publish","type":"page","link":"https:\/\/www.hosekra.com\/garaze\/de\/cookies\/","title":{"rendered":"Cookies"},"content":{"rendered":"<ul>\n<li><a href=\"http:\/\/windows.microsoft.com\/sl-si\/windows7\/how-to-manage-cookies-in-internet-explorer-9\" target=\"_blank\">Internet Explorer 9<\/a><\/li>\n<li><a href=\"http:\/\/windows.microsoft.com\/sl-si\/windows-vista\/block-or-allow-cookies\" target=\"_blank\">Internet Explorer 7 in 8<\/a><\/li>\n<li><a href=\"https:\/\/support.google.com\/chrome\/answer\/95647?hl=sl-sl&amp;p=cpn_cookies\" target=\"_blank\">Chrome<\/a><\/li>\n<li><a href=\"http:\/\/support.mozilla.org\/sl\/kb\/Kako%20aktivirate%20in%20deaktivirate%20pi%C5%A1kote\" target=\"_blank\">Firefox<\/a><\/li>\n<li><a href=\"http:\/\/www.opera.com\/help\/tutorials\/security\/cookies\/\" target=\"_blank\">Opera<\/a><\/li>\n<li><a href=\"http:\/\/support.apple.com\/kb\/PH11913\" target=\"_blank\">Safari<\/a><\/li>\n<\/ul>\n","protected":false},"excerpt":{"rendered":"<p>Internet Explorer 9 Internet Explorer 7 in 8 Chrome Firefox Opera Safari<\/p>\n","protected":false},"author":1,"featured_media":0,"parent":0,"menu_order":0,"comment_status":"closed","ping_status":"closed","template":"","meta":{"ngg_post_thumbnail":0,"footnotes":""},"class_list":["post-4042","page","type-page","status-publish","hentry"],"yoast_head":"<!-- This site is optimized with the Yoast SEO plugin v27.4 - https:\/\/yoast.com\/product\/yoast-seo-wordpress\/ -->\n<title>Cookies - Hosekra Gara\u017ee<\/title>\n<meta name=\"robots\" content=\"index, follow, max-snippet:-1, max-image-preview:large, max-video-preview:-1\" \/>\n<link rel=\"canonical\" href=\"https:\/\/www.hosekra.com\/garaze\/piskotki\/\" \/>\n<meta property=\"og:locale\" content=\"de_DE\" \/>\n<meta property=\"og:type\" content=\"article\" \/>\n<meta property=\"og:title\" content=\"Cookies - Hosekra Gara\u017ee\" \/>\n<meta property=\"og:description\" content=\"Internet Explorer 9 Internet Explorer 7 in 8 Chrome Firefox Opera Safari\" \/>\n<meta property=\"og:url\" content=\"https:\/\/www.hosekra.com\/garaze\/piskotki\/\" \/>\n<meta property=\"og:site_name\" content=\"Hosekra Gara\u017ee\" \/>\n<meta name=\"twitter:card\" content=\"summary_large_image\" \/>\n<script type=\"application\/ld+json\" class=\"yoast-schema-graph\">{\"@context\":\"https:\\\/\\\/schema.org\",\"@graph\":[{\"@type\":\"WebPage\",\"@id\":\"https:\\\/\\\/www.hosekra.com\\\/garaze\\\/piskotki\\\/\",\"url\":\"https:\\\/\\\/www.hosekra.com\\\/garaze\\\/piskotki\\\/\",\"name\":\"Cookies - Hosekra Gara\u017ee\",\"isPartOf\":{\"@id\":\"https:\\\/\\\/www.hosekra.com\\\/garaze\\\/#website\"},\"datePublished\":\"2017-03-15T18:52:27+00:00\",\"breadcrumb\":{\"@id\":\"https:\\\/\\\/www.hosekra.com\\\/garaze\\\/piskotki\\\/#breadcrumb\"},\"inLanguage\":\"de\",\"potentialAction\":[{\"@type\":\"ReadAction\",\"target\":[\"https:\\\/\\\/www.hosekra.com\\\/garaze\\\/piskotki\\\/\"]}]},{\"@type\":\"BreadcrumbList\",\"@id\":\"https:\\\/\\\/www.hosekra.com\\\/garaze\\\/piskotki\\\/#breadcrumb\",\"itemListElement\":[{\"@type\":\"ListItem\",\"position\":1,\"name\":\"Home\",\"item\":\"https:\\\/\\\/www.hosekra.com\\\/garaze\\\/\"},{\"@type\":\"ListItem\",\"position\":2,\"name\":\"Cookies\"}]},{\"@type\":\"WebSite\",\"@id\":\"https:\\\/\\\/www.hosekra.com\\\/garaze\\\/#website\",\"url\":\"https:\\\/\\\/www.hosekra.com\\\/garaze\\\/\",\"name\":\"Hosekra Gara\u017ee\",\"description\":\"Gara\u017ea in nadstre\u0161ki za avto. Ve\u010d barv avtomobilske gara\u017ee. Prodaja, monta\u017ea gara\u017e.\",\"potentialAction\":[{\"@type\":\"SearchAction\",\"target\":{\"@type\":\"EntryPoint\",\"urlTemplate\":\"https:\\\/\\\/www.hosekra.com\\\/garaze\\\/?s={search_term_string}\"},\"query-input\":{\"@type\":\"PropertyValueSpecification\",\"valueRequired\":true,\"valueName\":\"search_term_string\"}}],\"inLanguage\":\"de\"}]}<\/script>\n<!-- \/ Yoast SEO plugin. -->","yoast_head_json":{"title":"Cookies - Hosekra Gara\u017ee","robots":{"index":"index","follow":"follow","max-snippet":"max-snippet:-1","max-image-preview":"max-image-preview:large","max-video-preview":"max-video-preview:-1"},"canonical":"https:\/\/www.hosekra.com\/garaze\/piskotki\/","og_locale":"de_DE","og_type":"article","og_title":"Cookies - Hosekra Gara\u017ee","og_description":"Internet Explorer 9 Internet Explorer 7 in 8 Chrome Firefox Opera Safari","og_url":"https:\/\/www.hosekra.com\/garaze\/piskotki\/","og_site_name":"Hosekra Gara\u017ee","twitter_card":"summary_large_image","schema":{"@context":"https:\/\/schema.org","@graph":[{"@type":"WebPage","@id":"https:\/\/www.hosekra.com\/garaze\/piskotki\/","url":"https:\/\/www.hosekra.com\/garaze\/piskotki\/","name":"Cookies - Hosekra Gara\u017ee","isPartOf":{"@id":"https:\/\/www.hosekra.com\/garaze\/#website"},"datePublished":"2017-03-15T18:52:27+00:00","breadcrumb":{"@id":"https:\/\/www.hosekra.com\/garaze\/piskotki\/#breadcrumb"},"inLanguage":"de","potentialAction":[{"@type":"ReadAction","target":["https:\/\/www.hosekra.com\/garaze\/piskotki\/"]}]},{"@type":"BreadcrumbList","@id":"https:\/\/www.hosekra.com\/garaze\/piskotki\/#breadcrumb","itemListElement":[{"@type":"ListItem","position":1,"name":"Home","item":"https:\/\/www.hosekra.com\/garaze\/"},{"@type":"ListItem","position":2,"name":"Cookies"}]},{"@type":"WebSite","@id":"https:\/\/www.hosekra.com\/garaze\/#website","url":"https:\/\/www.hosekra.com\/garaze\/","name":"Hosekra Gara\u017ee","description":"Gara\u017ea in nadstre\u0161ki za avto. Ve\u010d barv avtomobilske gara\u017ee. Prodaja, monta\u017ea gara\u017e.","potentialAction":[{"@type":"SearchAction","target":{"@type":"EntryPoint","urlTemplate":"https:\/\/www.hosekra.com\/garaze\/?s={search_term_string}"},"query-input":{"@type":"PropertyValueSpecification","valueRequired":true,"valueName":"search_term_string"}}],"inLanguage":"de"}]}},"_links":{"self":[{"href":"https:\/\/www.hosekra.com\/garaze\/de\/wp-json\/wp\/v2\/pages\/4042","targetHints":{"allow":["GET"]}}],"collection":[{"href":"https:\/\/www.hosekra.com\/garaze\/de\/wp-json\/wp\/v2\/pages"}],"about":[{"href":"https:\/\/www.hosekra.com\/garaze\/de\/wp-json\/wp\/v2\/types\/page"}],"author":[{"embeddable":true,"href":"https:\/\/www.hosekra.com\/garaze\/de\/wp-json\/wp\/v2\/users\/1"}],"replies":[{"embeddable":true,"href":"https:\/\/www.hosekra.com\/garaze\/de\/wp-json\/wp\/v2\/comments?post=4042"}],"version-history":[{"count":0,"href":"https:\/\/www.hosekra.com\/garaze\/de\/wp-json\/wp\/v2\/pages\/4042\/revisions"}],"wp:attachment":[{"href":"https:\/\/www.hosekra.com\/garaze\/de\/wp-json\/wp\/v2\/media?parent=4042"}],"curies":[{"name":"wp","href":"https:\/\/api.w.org\/{rel}","templated":true}]}}