{"id":117,"date":"2017-10-17T18:30:49","date_gmt":"2017-10-17T18:30:49","guid":{"rendered":"http:\/\/www.hosekra.com\/skupina\/"},"modified":"2026-03-23T19:01:16","modified_gmt":"2026-03-23T18:01:16","slug":"group","status":"publish","type":"page","link":"https:\/\/www.hosekra.com\/de\/","title":{"rendered":"Hosekra"},"content":{"rendered":"<section class=\"container services\">\n<div class=\"row\">\n<div class=\"col-md-6 hidden-sm-down\">\n<h1 class=\"services-heading services-heading-notext\">Dach<\/h1>\n<p class=\"lead\">\n<p>        <a href=\"https:\/\/www.hosekra.com\/dach\" class=\"more-link\">Mehr<\/a>\n      <\/div>\n<div class=\"col-md-6\">\n<h1 class=\"services-heading hidden-md-up\">Dach<\/h1>\n<p>        <a href=\"https:\/\/www.hosekra.com\/dach\"><img decoding=\"async\" class=\"services-image img-responsive center-block\" src=\"https:\/\/www.hosekra.com\/wp-content\/themes\/hosekra\/img\/dejavnosti\/strehe_main.jpg\" alt=\"Hosekra Dach\"><\/a>\n      <\/div>\n<\/p><\/div>\n<hr class=\"services-divider\">\n<div class=\"row\">\n<div class=\"col-md-6\">\n<h1 class=\"services-heading hidden-md-up\">Garagen und \u00dcberdachungen<\/h1>\n<p>        <a href=\"https:\/\/www.hosekra.com\/garaze\"><img decoding=\"async\" class=\"services-image img-responsive center-block\" src=\"https:\/\/www.hosekra.com\/wp-content\/themes\/hosekra\/img\/dejavnosti\/garaze_main.jpg\" alt=\"Garagen Hosekra\"><\/a>\n      <\/div>\n<div class=\"col-md-6 hidden-sm-down\">\n<h1 class=\"services-heading services-heading-notext\">Garagen und \u00dcberdachungen<\/h1>\n<p class=\"lead\">\n<p>        <a href=\"https:\/\/www.hosekra.com\/garaze\" class=\"more-link\">Mehr<\/a>\n      <\/div>\n<\/p><\/div>\n<hr class=\"services-divider\">\n<div class=\"row\">\n<div class=\"col-md-6 hidden-sm-down\">\n<h1 class=\"services-heading services-heading-notext\">Containers<\/h1>\n<p class=\"lead\">\n<p>        <a href=\"https:\/\/www.hosekra.com\/kontejnerji\/\" class=\"more-link\">Mehr<\/a>\n      <\/div>\n<div class=\"col-md-6\">\n<h1 class=\"services-heading hidden-md-up\">Containers<\/h1>\n<p>        <a href=\"https:\/\/www.hosekra.com\/kontejnerji\/\"><img decoding=\"async\" class=\"services-image img-responsive center-block\" src=\"https:\/\/www.hosekra.com\/wp-content\/themes\/hosekra\/img\/dejavnosti\/kontejnerji_main.jpg\" alt=\"Containers Hosekra\"><\/a>\n      <\/div>\n<\/p><\/div>\n<hr class=\"services-divider\">\n<div class=\"row\">\n<div class=\"col-md-6\">\n<h1 class=\"services-heading hidden-md-up\">Mobilheime<\/h1>\n<p>        <a href=\"https:\/\/www.hosekra.com\/homes\"><img decoding=\"async\" class=\"services-image img-responsive center-block\" src=\"https:\/\/www.hosekra.com\/wp-content\/themes\/hosekra\/img\/dejavnosti\/mobilne_hiske_main.jpg\" alt=\"Mobile h\u00e4user\"><\/a>\n      <\/div>\n<div class=\"col-md-6 hidden-sm-down\">\n<h1 class=\"services-heading services-heading-notext\">Mobilheime<\/h1>\n<p class=\"lead\">\n<p>        <a href=\"https:\/\/www.hosekra.com\/homes\" class=\"more-link\">Mehr<\/a>\n      <\/div>\n<\/p><\/div>\n<hr class=\"services-divider\">\n<p><!--\n    \n\n<div class=\"row\">\n      \n\n<div class=\"col-md-6 hidden-sm-down\">\n        \n\n<h1 class=\"services-heading services-heading-notext\">Electro<\/h1>\n\n\n        \n\n<p class=\"lead\">\n\n\n        <a href=\"https:\/\/www.hosekra.com\/elektro\" class=\"more-link\">Mehr<\/a>\n      <\/div>\n\n\n      \n\n<div class=\"col-md-6\">\n        \n\n<h1 class=\"services-heading hidden-md-up\">Electro<\/h1>\n\n\n        <a href=\"https:\/\/www.hosekra.com\/elektro\"><img decoding=\"async\" class=\"services-image img-responsive center-block\" src=\"https:\/\/www.hosekra.com\/wp-content\/themes\/hosekra\/img\/dejavnosti\/elektro_main.jpg\" alt=\"Electro Hosekra\"><\/a>\n      <\/div>\n\n\n    <\/div>\n\n\n--><\/p>\n<div class=\"row\">\n<div class=\"col-md-6 hidden-sm-down\">\n<h1 class=\"services-heading services-heading-notext\">H\u00e4user<\/h1>\n<p class=\"lead\">\n<p>        <a href=\"https:\/\/www.hosekra.com\/living\" class=\"more-link\">Mehr<\/a>\n      <\/div>\n<div class=\"col-md-6\">\n<h1 class=\"services-heading hidden-md-up\">H\u00e4user<\/h1>\n<p>        <a href=\"https:\/\/www.hosekra.com\/living\"><img decoding=\"async\" class=\"services-image img-responsive center-block\" src=\"https:\/\/www.hosekra.com\/wp-content\/themes\/hosekra\/img\/dejavnosti\/living_main.jpg\" alt=\"H\u00e4user Hosekra Living\"><\/a>\n      <\/div>\n<\/p><\/div>\n<hr class=\"services-divider\">\n<div class=\"row\">\n<div class=\"col-md-6\">\n<h1 class=\"services-heading hidden-md-up\">Profile<\/h1>\n<p>        <a href=\"https:\/\/www.hosekra.com\/profili\/\"><img decoding=\"async\" class=\"services-image img-responsive center-block\" src=\"https:\/\/www.hosekra.com\/wp-content\/themes\/hosekra\/img\/dejavnosti\/profili_main.jpg\" alt=\"Profile Hosekra\"><\/a>\n      <\/div>\n<div class=\"col-md-6 hidden-sm-down\">\n<h1 class=\"services-heading services-heading-notext\">Profile<\/h1>\n<p class=\"lead\">\n<p>        <a href=\"https:\/\/www.hosekra.com\/profili\/\" class=\"more-link\">Mehr<\/a>\n      <\/div>\n<\/p><\/div>\n<hr class=\"services-divider\">\n<div class=\"row\">\n<div class=\"col-md-6 hidden-sm-down\">\n<h1 class=\"services-heading services-heading-notext\">Modular<\/h1>\n<p class=\"lead\">\n<p>        <a href=\"https:\/\/www.hosekra.com\/modular\/\" class=\"more-link\">Mehr<\/a>\n      <\/div>\n<div class=\"col-md-6\">\n<h1 class=\"services-heading hidden-md-up\">Modular<\/h1>\n<p>        <a href=\"https:\/\/www.hosekra.com\/modular\/\"><img decoding=\"async\" class=\"services-image img-responsive center-block\" src=\"https:\/\/www.hosekra.com\/wp-content\/themes\/hosekra\/img\/dejavnosti\/modular_main.jpg\" alt=\"Modular\"><\/a>\n      <\/div>\n<\/p><\/div>\n<hr class=\"services-divider\">\n<div class=\"row\">\n<div class=\"col-md-6\">\n<h1 class=\"services-heading hidden-md-up\">OUTLET<\/h1>\n<p>        <a href=\"https:\/\/www.hosekra.com\/outlet\/\"><img decoding=\"async\" class=\"services-image img-responsive center-block\" src=\"https:\/\/www.hosekra.com\/wp-content\/themes\/hosekra\/img\/dejavnosti\/outlet_main.jpg\" alt=\"OUTLET\"><\/a>\n      <\/div>\n<div class=\"col-md-6 hidden-sm-down\">\n<h1 class=\"services-heading services-heading-notext\">OUTLET<\/h1>\n<p class=\"lead\">\n<p>        <a href=\"https:\/\/www.hosekra.com\/outlet\/\" class=\"more-link\">Mehr<\/a>\n      <\/div>\n<\/p><\/div>\n<\/section>\n<p><!-- \/.container --><\/p>\n<p><!-- Modal\n\n\n\n<style>\n.modal-wrapper {\npadding: 6em; \nborder-radius: 3px; \nbackground-color: #F7F7F7;\n}\n@media (max-width: 47.9em) {\n.modal-wrapper {\npadding: 3em 2em; \nbackground-color: #F7F7F7;\n}\n}\n<\/style>\n\n\n\n\n\n<div class=\"modal fade\" id=\"commercialModal\" tabindex=\"-1\" role=\"dialog\" aria-labelledby=\"commercialModalCenterTitle\" aria-hidden=\"true\">\n  \n\n<div class=\"modal-dialog modal-dialog-centered modal-lg\" role=\"document\">    \n    \n\n<div class=\"\">\n      \n\n<div class=\"\">\n        <button type=\"button\" style=\"margin-top: 1em;\" class=\"close\" data-dismiss=\"modal\" aria-label=\"Close\"><svg version=\"1.1\" xmlns=\"http:\/\/www.w3.org\/2000\/svg\" xmlns:xlink=\"http:\/\/www.w3.org\/1999\/xlink\" x=\"0px\" y=\"0px\" viewBox=\"0 0 32 32\" style=\"enable-background:new 0 0 32 32;\" xml:space=\"preserve\"><polygon fill=\"#000\" points=\"26.3,7.9 24.1,5.7 16,13.9 7.9,5.7 5.7,7.9 13.9,16 5.7,24.1 7.9,26.3 16,18.1 24.1,26.3 26.3,24.1 18.1,16 \"><\/polygon><\/svg><\/button>\n      <\/div>\n\n\n\n\n\n<div class=\"modal-wrapper\">\n\n\n<h1>BENACHRICHTIGUNG<\/h1>\n\n\n\n\n<p class=\"lead\">Wir m\u00f6chten Sie informieren, dass wir aufgrund des Betriebsurlaubs vom 1.5. bis zum 5.5.2024 geschlossen sind. Wir sehen uns am Montag, den 6.5.2024, wieder. <\/p>\n\n\n\n\n<p class=\"lead\">Danke f\u00fcr Ihr Verst\u00e4ndnis.<\/p>\n\n\n<\/div>\n\n\n\n    <\/div>\n\n\n  <\/div>\n\n\n<\/div>\n\n\n<script src=\"https:\/\/code.jquery.com\/jquery-1.11.2.min.js\"><\/script>\n<script type=\"text\/javascript\">\n    $(document).ready(function(){\n        $(\"#commercialModal\").modal('show');\n    });\n<\/script>\n\nModal End --><\/p>\n","protected":false},"excerpt":{"rendered":"<p>Dach Mehr Dach Garagen und \u00dcberdachungen Garagen und \u00dcberdachungen Mehr Containers Mehr Containers Mobilheime Mobilheime Mehr H\u00e4user Mehr H\u00e4user Profile Profile Mehr Modular Mehr Modular OUTLET OUTLET Mehr<\/p>\n","protected":false},"author":1,"featured_media":0,"parent":0,"menu_order":0,"comment_status":"closed","ping_status":"closed","template":"index.php","meta":{"ngg_post_thumbnail":0,"footnotes":""},"class_list":["post-117","page","type-page","status-publish","hentry"],"yoast_head":"<!-- This site is optimized with the Yoast SEO plugin v27.4 - https:\/\/yoast.com\/product\/yoast-seo-wordpress\/ -->\n<title>Hosekra - Hosekra Group<\/title>\n<meta name=\"robots\" content=\"index, follow, max-snippet:-1, max-image-preview:large, max-video-preview:-1\" \/>\n<link rel=\"canonical\" href=\"https:\/\/www.hosekra.com\/de\/\" \/>\n<meta property=\"og:locale\" content=\"de_DE\" \/>\n<meta property=\"og:type\" content=\"article\" \/>\n<meta property=\"og:title\" content=\"Hosekra - Hosekra Group\" \/>\n<meta property=\"og:description\" content=\"Dach Mehr Dach Garagen und \u00dcberdachungen Garagen und \u00dcberdachungen Mehr Containers Mehr Containers Mobilheime Mobilheime Mehr H\u00e4user Mehr H\u00e4user Profile Profile Mehr Modular Mehr Modular OUTLET OUTLET Mehr\" \/>\n<meta property=\"og:url\" content=\"https:\/\/www.hosekra.com\/de\/\" \/>\n<meta property=\"og:site_name\" content=\"Hosekra Group\" \/>\n<meta property=\"article:modified_time\" content=\"2026-03-23T18:01:16+00:00\" \/>\n<meta property=\"og:image\" content=\"https:\/\/www.hosekra.com\/wp-content\/themes\/hosekra\/img\/dejavnosti\/strehe_main.jpg\" \/>\n<meta name=\"twitter:card\" content=\"summary_large_image\" \/>\n<meta name=\"twitter:label1\" content=\"Gesch\u00e4tzte Lesezeit\" \/>\n\t<meta name=\"twitter:data1\" content=\"2\u00a0Minuten\" \/>\n<script type=\"application\/ld+json\" class=\"yoast-schema-graph\">{\"@context\":\"https:\\\/\\\/schema.org\",\"@graph\":[{\"@type\":\"WebPage\",\"@id\":\"https:\\\/\\\/www.hosekra.com\\\/de\\\/\",\"url\":\"https:\\\/\\\/www.hosekra.com\\\/de\\\/\",\"name\":\"Hosekra - Hosekra Group\",\"isPartOf\":{\"@id\":\"https:\\\/\\\/www.hosekra.com\\\/#website\"},\"primaryImageOfPage\":{\"@id\":\"https:\\\/\\\/www.hosekra.com\\\/de\\\/#primaryimage\"},\"image\":{\"@id\":\"https:\\\/\\\/www.hosekra.com\\\/de\\\/#primaryimage\"},\"thumbnailUrl\":\"https:\\\/\\\/www.hosekra.com\\\/wp-content\\\/themes\\\/hosekra\\\/img\\\/dejavnosti\\\/strehe_main.jpg\",\"datePublished\":\"2017-10-17T18:30:49+00:00\",\"dateModified\":\"2026-03-23T18:01:16+00:00\",\"breadcrumb\":{\"@id\":\"https:\\\/\\\/www.hosekra.com\\\/de\\\/#breadcrumb\"},\"inLanguage\":\"de\",\"potentialAction\":[{\"@type\":\"ReadAction\",\"target\":[\"https:\\\/\\\/www.hosekra.com\\\/de\\\/\"]}]},{\"@type\":\"ImageObject\",\"inLanguage\":\"de\",\"@id\":\"https:\\\/\\\/www.hosekra.com\\\/de\\\/#primaryimage\",\"url\":\"https:\\\/\\\/www.hosekra.com\\\/wp-content\\\/themes\\\/hosekra\\\/img\\\/dejavnosti\\\/strehe_main.jpg\",\"contentUrl\":\"https:\\\/\\\/www.hosekra.com\\\/wp-content\\\/themes\\\/hosekra\\\/img\\\/dejavnosti\\\/strehe_main.jpg\"},{\"@type\":\"BreadcrumbList\",\"@id\":\"https:\\\/\\\/www.hosekra.com\\\/de\\\/#breadcrumb\",\"itemListElement\":[{\"@type\":\"ListItem\",\"position\":1,\"name\":\"Home\",\"item\":\"https:\\\/\\\/www.hosekra.com\\\/de\\\/\"},{\"@type\":\"ListItem\",\"position\":2,\"name\":\"Hosekra\"}]},{\"@type\":\"WebSite\",\"@id\":\"https:\\\/\\\/www.hosekra.com\\\/#website\",\"url\":\"https:\\\/\\\/www.hosekra.com\\\/\",\"name\":\"Hosekra Group\",\"description\":\"Hosekra Group\",\"potentialAction\":[{\"@type\":\"SearchAction\",\"target\":{\"@type\":\"EntryPoint\",\"urlTemplate\":\"https:\\\/\\\/www.hosekra.com\\\/?s={search_term_string}\"},\"query-input\":{\"@type\":\"PropertyValueSpecification\",\"valueRequired\":true,\"valueName\":\"search_term_string\"}}],\"inLanguage\":\"de\"}]}<\/script>\n<!-- \/ Yoast SEO plugin. -->","yoast_head_json":{"title":"Hosekra - Hosekra Group","robots":{"index":"index","follow":"follow","max-snippet":"max-snippet:-1","max-image-preview":"max-image-preview:large","max-video-preview":"max-video-preview:-1"},"canonical":"https:\/\/www.hosekra.com\/de\/","og_locale":"de_DE","og_type":"article","og_title":"Hosekra - Hosekra Group","og_description":"Dach Mehr Dach Garagen und \u00dcberdachungen Garagen und \u00dcberdachungen Mehr Containers Mehr Containers Mobilheime Mobilheime Mehr H\u00e4user Mehr H\u00e4user Profile Profile Mehr Modular Mehr Modular OUTLET OUTLET Mehr","og_url":"https:\/\/www.hosekra.com\/de\/","og_site_name":"Hosekra Group","article_modified_time":"2026-03-23T18:01:16+00:00","og_image":[{"url":"https:\/\/www.hosekra.com\/wp-content\/themes\/hosekra\/img\/dejavnosti\/strehe_main.jpg","type":"","width":"","height":""}],"twitter_card":"summary_large_image","twitter_misc":{"Gesch\u00e4tzte Lesezeit":"2\u00a0Minuten"},"schema":{"@context":"https:\/\/schema.org","@graph":[{"@type":"WebPage","@id":"https:\/\/www.hosekra.com\/de\/","url":"https:\/\/www.hosekra.com\/de\/","name":"Hosekra - Hosekra Group","isPartOf":{"@id":"https:\/\/www.hosekra.com\/#website"},"primaryImageOfPage":{"@id":"https:\/\/www.hosekra.com\/de\/#primaryimage"},"image":{"@id":"https:\/\/www.hosekra.com\/de\/#primaryimage"},"thumbnailUrl":"https:\/\/www.hosekra.com\/wp-content\/themes\/hosekra\/img\/dejavnosti\/strehe_main.jpg","datePublished":"2017-10-17T18:30:49+00:00","dateModified":"2026-03-23T18:01:16+00:00","breadcrumb":{"@id":"https:\/\/www.hosekra.com\/de\/#breadcrumb"},"inLanguage":"de","potentialAction":[{"@type":"ReadAction","target":["https:\/\/www.hosekra.com\/de\/"]}]},{"@type":"ImageObject","inLanguage":"de","@id":"https:\/\/www.hosekra.com\/de\/#primaryimage","url":"https:\/\/www.hosekra.com\/wp-content\/themes\/hosekra\/img\/dejavnosti\/strehe_main.jpg","contentUrl":"https:\/\/www.hosekra.com\/wp-content\/themes\/hosekra\/img\/dejavnosti\/strehe_main.jpg"},{"@type":"BreadcrumbList","@id":"https:\/\/www.hosekra.com\/de\/#breadcrumb","itemListElement":[{"@type":"ListItem","position":1,"name":"Home","item":"https:\/\/www.hosekra.com\/de\/"},{"@type":"ListItem","position":2,"name":"Hosekra"}]},{"@type":"WebSite","@id":"https:\/\/www.hosekra.com\/#website","url":"https:\/\/www.hosekra.com\/","name":"Hosekra Group","description":"Hosekra Group","potentialAction":[{"@type":"SearchAction","target":{"@type":"EntryPoint","urlTemplate":"https:\/\/www.hosekra.com\/?s={search_term_string}"},"query-input":{"@type":"PropertyValueSpecification","valueRequired":true,"valueName":"search_term_string"}}],"inLanguage":"de"}]}},"_links":{"self":[{"href":"https:\/\/www.hosekra.com\/de\/wp-json\/wp\/v2\/pages\/117","targetHints":{"allow":["GET"]}}],"collection":[{"href":"https:\/\/www.hosekra.com\/de\/wp-json\/wp\/v2\/pages"}],"about":[{"href":"https:\/\/www.hosekra.com\/de\/wp-json\/wp\/v2\/types\/page"}],"author":[{"embeddable":true,"href":"https:\/\/www.hosekra.com\/de\/wp-json\/wp\/v2\/users\/1"}],"replies":[{"embeddable":true,"href":"https:\/\/www.hosekra.com\/de\/wp-json\/wp\/v2\/comments?post=117"}],"version-history":[{"count":26,"href":"https:\/\/www.hosekra.com\/de\/wp-json\/wp\/v2\/pages\/117\/revisions"}],"predecessor-version":[{"id":13340,"href":"https:\/\/www.hosekra.com\/de\/wp-json\/wp\/v2\/pages\/117\/revisions\/13340"}],"wp:attachment":[{"href":"https:\/\/www.hosekra.com\/de\/wp-json\/wp\/v2\/media?parent=117"}],"curies":[{"name":"wp","href":"https:\/\/api.w.org\/{rel}","templated":true}]}}