{"id":4918,"date":"2017-11-02T20:22:16","date_gmt":"2017-11-02T19:22:16","guid":{"rendered":"http:\/\/www.hosekra.com\/dach\/?page_id=4918"},"modified":"2019-09-03T20:07:08","modified_gmt":"2019-09-03T19:07:08","slug":"impressum","status":"publish","type":"page","link":"https:\/\/www.hosekra.com\/dach\/impressum\/","title":{"rendered":"Impressum"},"content":{"rendered":"<p>Diese Internetseite (Website) ist zum allgemeinen informieren \u00fcber HOSEKRA D.O.O., ihr Gesch\u00e4ft und Produkte. Wir bitten Sie, diesen Hinweis, der f\u00fcr jeden gilt, der diese Website besucht, sorgf\u00e4ltig zu lesen. Durch die Nutzung der Website www.hosekra.com\/dach erkennt der Nutzer an, dass er die hier beschriebenen Bedingungen akzeptiert und mit diesen zustimmt.<\/p>\n<p>Rechtliche Hinweise zur Web-Site HOSEKRA.COM<br \/>\nAlle Rechte vorbehalten. Der Hinweis bezieht sich auf die Homepage und alle Unterseiten der Website www.hosekra.com\/dach.<\/p>\n<p>Alle Informationen und Materialien (schriftlich und visuell) auf www.hosekra.com\/dach unterliegen dem Schutz des Urheberrechts oder anderen Formen des Schutzes des geistigen Eigentums durch HOSEKRA D.O.O.<\/p>\n<p>Der Nutzer darf die Inhalte auf www.hosekra.com\/dach ausschlie\u00dflich f\u00fcr seinen pers\u00f6nlichen, nicht kommerziellen Gebrauch nutzen. Jede andere Verwendung des Inhalts dieser Website zu kommerziellen Zwecken ist untersagt.<\/p>\n<p>Einschr\u00e4nkung der Verwendung von Informationen und Materialien<\/p>\n<p>Alle Informationen und Materialien (schriftlich und visuell) auf der Website www.hosekra.com\/dach d\u00fcrfen nur f\u00fcr nicht-kommerzielle Zwecke ver\u00f6ffentlicht und reproduziert werden, w\u00e4hrend alle genannten Warnungen in Bezug auf das Urheberrecht und andere Rechte behalten werden.<\/p>\n<p>Die auf dieser Website ver\u00f6ffentlichten Informationen und Materialien d\u00fcrfen nur mit ausdr\u00fccklichen schriftlichen Genehmigung von HOSEKRA D.O.O. verwendet werden. Das HOSEKRA D.O.O.-Logo muss auf jeder Reproduktion oder Kopie des Inhalts dieser Webseiten gem\u00e4\u00df den Regeln der Corporate Identity verwendet werden &#8211; alle Rechte vorbehalten.<\/p>\n<p>Das Impressum kann von HOSEKRA D.O.O. jederzeit ge\u00e4ndert werden und es wird f\u00fcr die Nutzer in jederzeit ge\u00e4nderten Form verbindlich, so empfehlen wir, dass Sie sich bei Verwendung vorab auf der Webseite www.hosekra.com\/dach informieren. Durch die Nutzung dieser Seiten haben Sie gezeigt und best\u00e4tigt, dass Sie unsere Bedingungen kennen und diesen zustimmen.<\/p>\n<p>Entgegen den oben genannten Regeln ist die Nutzung von www.hosekra.com\/dach untersagt. Ein Benutzer, der eine Website in einer Weise benutzt, die den obigen Regeln zuwiderl\u00e4uft, tr\u00e4gt vollst\u00e4ndige Materialhaftung und Schadensersatzhaftung.<\/p>\n<p>Haftungsbeschr\u00e4nkung<\/p>\n<p>Alle Informationen und Materialien auf www.hosekra.com\/dach dienen nur zu Informationszwecken. Firma HOSEKRA D.O.O. ist bestrebt, f\u00fcr die Richtigkeit, Aktualit\u00e4t und Vollst\u00e4ndigkeit der Informationen auf der Website www.hosekra.com\/dach zu sorgen, aber seine Richtigkeit und Vollst\u00e4ndigkeit nicht kann garantieren werden, und HOSEKRA D.O.O. \u00fcbernimmt daf\u00fcr keine Verantwortung.<\/p>\n<p>Benutzer verwenden ver\u00f6ffentlichte Inhalte auf eigenes Risiko. Weder HOSEKRA D.O.O. noch irgendeine nat\u00fcrliche oder juristische Person, die bei der Schaffung und Gestaltung beteiligt ist von Websites www.hosekra.com\/dach oder in Updates beteiligt sind, ist nicht verantwortlich f\u00fcr Sch\u00e4den, die aus dem Zugriff auf, Benutzung oder nicht M\u00f6glichkeit, Informationen auf diesen Websites zu verwenden oder f\u00fcr Fehler oder M\u00e4ngel in deren Inhalt.<\/p>\n<p>Firma HOSEKRA D.O.O. kann nicht f\u00fcr Sch\u00e4den haftbar gemacht werden welche (auch durch Viren) an Computeranlagen, Mobiltelefonen oder jeder anderen Applikation mit Zugriff auf Website www.hosekra.com\/dach und verwandte Seiten, Unterseiten und Applikationen, welche nach dem Besuch des Benutzers von Website www.hosekra.com\/dach aufgetreten sind.<\/p>\n<p>Firma HOSEKRA D.O.O. haftet nicht f\u00fcr Sch\u00e4den jeglicher Art, die sich aus der Nutzung oder Nichtnutzung der Website www.hosekra.com\/dach ergeben.<br \/>\nFirma HOSEKRA D.O.O. beh\u00e4lt sich das Recht vor, den Inhalt der Website www.hosekra.com\/dach jederzeit \u00e4ndern zu k\u00f6nnen, in jeder Art und Weise und aus jedem Grund ohne vorherige Ank\u00fcndigung und \u00fcbernimmt keine Verantwortung f\u00fcr die Folgen solcher Ver\u00e4nderungen.<\/p>\n","protected":false},"excerpt":{"rendered":"<p>Diese Internetseite (Website) ist zum allgemeinen informieren \u00fcber HOSEKRA D.O.O., ihr Gesch\u00e4ft und Produkte. Wir bitten Sie, diesen Hinweis, der f\u00fcr jeden gilt, der diese Website besucht, sorgf\u00e4ltig zu lesen. Durch die Nutzung der Website www.hosekra.com\/dach erkennt der Nutzer an, dass er die hier beschriebenen Bedingungen akzeptiert und mit diesen zustimmt. Rechtliche Hinweise zur Web-Site [&hellip;]<\/p>\n","protected":false},"author":3,"featured_media":0,"parent":0,"menu_order":0,"comment_status":"closed","ping_status":"closed","template":"","meta":{"ngg_post_thumbnail":0,"footnotes":""},"class_list":["post-4918","page","type-page","status-publish","hentry"],"_links":{"self":[{"href":"https:\/\/www.hosekra.com\/dach\/wp-json\/wp\/v2\/pages\/4918","targetHints":{"allow":["GET"]}}],"collection":[{"href":"https:\/\/www.hosekra.com\/dach\/wp-json\/wp\/v2\/pages"}],"about":[{"href":"https:\/\/www.hosekra.com\/dach\/wp-json\/wp\/v2\/types\/page"}],"author":[{"embeddable":true,"href":"https:\/\/www.hosekra.com\/dach\/wp-json\/wp\/v2\/users\/3"}],"replies":[{"embeddable":true,"href":"https:\/\/www.hosekra.com\/dach\/wp-json\/wp\/v2\/comments?post=4918"}],"version-history":[{"count":6,"href":"https:\/\/www.hosekra.com\/dach\/wp-json\/wp\/v2\/pages\/4918\/revisions"}],"predecessor-version":[{"id":5184,"href":"https:\/\/www.hosekra.com\/dach\/wp-json\/wp\/v2\/pages\/4918\/revisions\/5184"}],"wp:attachment":[{"href":"https:\/\/www.hosekra.com\/dach\/wp-json\/wp\/v2\/media?parent=4918"}],"curies":[{"name":"wp","href":"https:\/\/api.w.org\/{rel}","templated":true}]}}