{"id":39,"date":"2012-02-05T18:46:43","date_gmt":"2012-02-05T17:46:43","guid":{"rendered":"http:\/\/www.hosekra.com\/dach\/?page_id=39"},"modified":"2019-09-03T18:43:23","modified_gmt":"2019-09-03T17:43:23","slug":"tragschale","status":"publish","type":"page","link":"https:\/\/www.hosekra.com\/dach\/bedachungen\/tragschale\/","title":{"rendered":"Tragschale"},"content":{"rendered":"<div class=\"row\"><div class=\"col-sm-6\"><\/p>\n<p class=\"lead\">Dieses Profil ist heute ein standard Element f\u00fcr D\u00e4cher und kann auf meisten Konstruktionen belegt werden.<\/p>\n<ul>\n<li>Tragschale ist mit oder ohne Isolation erh\u00e4ltlich.<\/li>\n<li>Freitragend bis 10m ohne untere Konstruktion.<\/li>\n<li>Hoche Bedeckungshoche und Bedeckungsbreite.<\/li>\n<li>Erh\u00e4ltlich in Aluzink oder mit helleren Unterseite aus Polyester.<\/li>\n<li><a href=\"https:\/\/www.hosekra.com\/dach\/?page_id=39\" title=\"TP 128\">TP 128<\/a> ist auch perforiert (mit L\u00f6chern) f\u00fcr Schalld\u00e4mmung erh\u00e4ltlich.<\/li>\n<li>Tragschale Profil ist sehr leicht und daf\u00fcr auch einfach zu montieren.<\/li>\n<\/ul>\n<p><\/div>\n<div class=\"col-sm-6\"><\/p>\n<h4>Technische Daten<\/h4>\n<ul>\n<li>Bedeckungsbreite: 930 mm<\/li>\n<li>Gewicht: cca 8,4 kg\/m2<\/li>\n<li>L\u00e4nge: 0 &#8211; 12200 mm<\/li>\n<\/ul>\n<p><\/div><\/div>\n<hr>\n<p><a href=\"https:\/\/www.hosekra.com\/dach\/wp-content\/uploads\/sites\/4\/A_TP128.pdf\">A_TP128<\/a><br \/>\n<a href=\"https:\/\/www.hosekra.com\/dach\/wp-content\/uploads\/sites\/4\/A_HOSEKRA_TP128_Technische_Daten.pdf\">A_HOSEKRA_TP128_Technische_Daten<\/a><\/p>\n","protected":false},"excerpt":{"rendered":"<p>A_TP128 A_HOSEKRA_TP128_Technische_Daten<\/p>\n","protected":false},"author":3,"featured_media":131,"parent":2,"menu_order":0,"comment_status":"closed","ping_status":"closed","template":"page-kritine.php","meta":{"ngg_post_thumbnail":0,"footnotes":""},"class_list":["post-39","page","type-page","status-publish","hentry"],"_links":{"self":[{"href":"https:\/\/www.hosekra.com\/dach\/wp-json\/wp\/v2\/pages\/39","targetHints":{"allow":["GET"]}}],"collection":[{"href":"https:\/\/www.hosekra.com\/dach\/wp-json\/wp\/v2\/pages"}],"about":[{"href":"https:\/\/www.hosekra.com\/dach\/wp-json\/wp\/v2\/types\/page"}],"author":[{"embeddable":true,"href":"https:\/\/www.hosekra.com\/dach\/wp-json\/wp\/v2\/users\/3"}],"replies":[{"embeddable":true,"href":"https:\/\/www.hosekra.com\/dach\/wp-json\/wp\/v2\/comments?post=39"}],"version-history":[{"count":42,"href":"https:\/\/www.hosekra.com\/dach\/wp-json\/wp\/v2\/pages\/39\/revisions"}],"predecessor-version":[{"id":5137,"href":"https:\/\/www.hosekra.com\/dach\/wp-json\/wp\/v2\/pages\/39\/revisions\/5137"}],"up":[{"embeddable":true,"href":"https:\/\/www.hosekra.com\/dach\/wp-json\/wp\/v2\/pages\/2"}],"wp:featuredmedia":[{"embeddable":true,"href":"https:\/\/www.hosekra.com\/dach\/wp-json\/wp\/v2\/media\/131"}],"wp:attachment":[{"href":"https:\/\/www.hosekra.com\/dach\/wp-json\/wp\/v2\/media?parent=39"}],"curies":[{"name":"wp","href":"https:\/\/api.w.org\/{rel}","templated":true}]}}