{"id":37,"date":"2012-02-05T18:46:32","date_gmt":"2012-02-05T17:46:32","guid":{"rendered":"http:\/\/www.hosekra.com\/dach\/?page_id=37"},"modified":"2019-09-03T18:38:11","modified_gmt":"2019-09-03T17:38:11","slug":"wandpaneele","status":"publish","type":"page","link":"https:\/\/www.hosekra.com\/dach\/bedachungen\/wandpaneele\/","title":{"rendered":"Wandpaneele"},"content":{"rendered":"<p class=\"lead\">Zur Wandeverkleidung haben wir verschiedene M\u00f6gklichkeiten: Wandpaneele, Wellblech oder Trapeze. Damit k\u00f6nnen wir Jeden Geschmackswunsch erf\u00fcllen.<\/p>\n<p>Bei Paneelen kann die D\u00e4hmung von 30 bis 350mm betragen mit EPS Kern oder Graphit Kern, oder von 30 bis 150mm mit Polyurethan Kern in L\u00e4ngen bis 13,5m.<\/p>\n<p>F\u00fcr Wellblech oder Trapezblech schauen Sie bitte unter TP 20. Alle diese Produkte sind auch f\u00fcr Zaune mit grossen Schalld\u00e4hmung geeignet.<\/p>\n<hr>\nngg_shortcode_0_placeholder\n<hr>\n<div class=\"row\"><div class=\"col-sm-6\"><br \/>\n<a href=\"https:\/\/www.hosekra.com\/strehe\/wp-content\/uploads\/sites\/3\/giesseit.pdf\">giesseit<\/a><br \/>\n<a href=\"https:\/\/www.hosekra.com\/strehe\/wp-content\/uploads\/sites\/3\/ISOFUGO.pdf\">ISOFUGO<\/a><br \/>\n<a href=\"https:\/\/www.hosekra.com\/strehe\/wp-content\/uploads\/sites\/3\/ISOTPAG.pdf\">ISOTPAG<\/a><br \/>\n<a href=\"https:\/\/www.hosekra.com\/strehe\/wp-content\/uploads\/sites\/3\/ISOTPdoga.pdf\">ISOTPdoga<\/a><br \/>\n<a href=\"https:\/\/www.hosekra.com\/strehe\/wp-content\/uploads\/sites\/3\/ISOTPliscio.pdf\">ISOTPliscio<\/a><br \/>\n<\/div>\n<div class=\"col-sm-6\"><br \/>\n<a href=\"https:\/\/www.hosekra.com\/strehe\/wp-content\/uploads\/sites\/3\/ISOTPmicro.pdf\">ISOTPmicro<\/a><br \/>\n<a href=\"https:\/\/www.hosekra.com\/strehe\/wp-content\/uploads\/sites\/3\/PARETEAG.pdf\">PARETEAG<\/a><br \/>\n<a href=\"https:\/\/www.hosekra.com\/strehe\/wp-content\/uploads\/sites\/3\/ISOTPstandard.pdf\">ISOTPstandard<\/a><br \/>\n<a href=\"https:\/\/www.hosekra.com\/strehe\/wp-content\/uploads\/sites\/3\/PARETEmicro.pdf\">PARETEmicro<\/a><br \/>\n<a href=\"https:\/\/www.hosekra.com\/strehe\/wp-content\/uploads\/sites\/3\/PARETEliscio.pdf\">PARETEliscio<\/a><br \/>\n<\/div><\/div>\n<p><!--\n<a href=\"https:\/\/www.hosekra.com\/dach\/wp-content\/uploads\/sites\/4\/A_Wandpaneele.pdf\">A_Wandpaneele<\/a><a href=\"https:\/\/www.hosekra.com\/dach\/wp-content\/uploads\/sites\/4\/A_HOSEKRA_Wandpaneele_Technische_Daten.pdf\">A_HOSEKRA_Wandpaneele_Technische_Daten<\/a><a href=\"https:\/\/www.hosekra.com\/dach\/wp-content\/uploads\/sites\/4\/hosekra_dach_farben.pdf\">hosekra_dach_farben<\/a>\n<a href=\"https:\/\/www.hosekra.com\/dach\/wp-content\/uploads\/sites\/4\/Tehnische-Daten-Grafit-Isolation1.pdf\">Tehnische Daten Grafit Isolation<\/a>\n--><\/p>\n","protected":false},"excerpt":{"rendered":"<p>Zur Wandeverkleidung haben wir verschiedene M\u00f6gklichkeiten: Wandpaneele, Wellblech oder Trapeze. Damit k\u00f6nnen wir Jeden Geschmackswunsch erf\u00fcllen. Bei Paneelen kann die D\u00e4hmung von 30 bis 350mm betragen mit EPS Kern oder Graphit Kern, oder von 30 bis 150mm mit Polyurethan Kern in L\u00e4ngen bis 13,5m. F\u00fcr Wellblech oder Trapezblech schauen Sie bitte unter TP 20. Alle [&hellip;]<\/p>\n","protected":false},"author":3,"featured_media":141,"parent":2,"menu_order":0,"comment_status":"closed","ping_status":"closed","template":"page-kritine.php","meta":{"ngg_post_thumbnail":0,"footnotes":""},"class_list":["post-37","page","type-page","status-publish","hentry"],"_links":{"self":[{"href":"https:\/\/www.hosekra.com\/dach\/wp-json\/wp\/v2\/pages\/37","targetHints":{"allow":["GET"]}}],"collection":[{"href":"https:\/\/www.hosekra.com\/dach\/wp-json\/wp\/v2\/pages"}],"about":[{"href":"https:\/\/www.hosekra.com\/dach\/wp-json\/wp\/v2\/types\/page"}],"author":[{"embeddable":true,"href":"https:\/\/www.hosekra.com\/dach\/wp-json\/wp\/v2\/users\/3"}],"replies":[{"embeddable":true,"href":"https:\/\/www.hosekra.com\/dach\/wp-json\/wp\/v2\/comments?post=37"}],"version-history":[{"count":47,"href":"https:\/\/www.hosekra.com\/dach\/wp-json\/wp\/v2\/pages\/37\/revisions"}],"predecessor-version":[{"id":5130,"href":"https:\/\/www.hosekra.com\/dach\/wp-json\/wp\/v2\/pages\/37\/revisions\/5130"}],"up":[{"embeddable":true,"href":"https:\/\/www.hosekra.com\/dach\/wp-json\/wp\/v2\/pages\/2"}],"wp:featuredmedia":[{"embeddable":true,"href":"https:\/\/www.hosekra.com\/dach\/wp-json\/wp\/v2\/media\/141"}],"wp:attachment":[{"href":"https:\/\/www.hosekra.com\/dach\/wp-json\/wp\/v2\/media?parent=37"}],"curies":[{"name":"wp","href":"https:\/\/api.w.org\/{rel}","templated":true}]}}