{"id":33,"date":"2012-02-05T18:46:07","date_gmt":"2012-02-05T17:46:07","guid":{"rendered":"http:\/\/www.hosekra.com\/dach\/?page_id=33"},"modified":"2019-09-03T18:42:23","modified_gmt":"2019-09-03T17:42:23","slug":"tp20","status":"publish","type":"page","link":"https:\/\/www.hosekra.com\/dach\/bedachungen\/tp20\/","title":{"rendered":"TP20"},"content":{"rendered":"<div class=\"row\"><div class=\"col-sm-6\"><\/p>\n<p class=\"lead\">TP 20 ist f\u00fcr Fassadensysteme, Z\u00e4une und f\u00fcr D\u00e4cher mit niedrigen Neigung geeignet. Erh\u00e4ltlich in verschiedenen Farbenvariationen f\u00fcr modernes Aussehen.<\/p>\n<p>Der Trapezblech ist auch mit D\u00e4hmung bis 1cm oder mit Vlies als Antikondenzat erh\u00e4ltlich. L\u00e4ngen bis 13,5m in Blechst\u00e4rke von 0.50 bis 0.60mm. F\u00fcr modernes Aussehen empfehlen wir TP 20.<br \/>\n<\/div>\n<div class=\"col-sm-6\"><\/p>\n<h4>Technische Daten<\/h4>\n<ul>\n<li>Bedeckungsbreite: 1000mm<\/li>\n<li>Gewicht: cca 5kg\/m2<\/li>\n<li>L\u00e4nge: 0 &#8211; 13000mm<\/li>\n<li>Blechst\u00e4rke 0,50mm &#8211; 0,75mm Standard<\/li>\n<li>Verzinkung 275g Zn\/m2<\/li>\n<\/ul>\n<p><\/div><\/div>\n<hr>\n<p><a href=\"https:\/\/www.hosekra.com\/dach\/wp-content\/uploads\/sites\/4\/A_T20_in_und_Standard_Komponenten.pdf\">A_T20_in_und_Standard_Komponenten<\/a><a href=\"https:\/\/www.hosekra.com\/dach\/wp-content\/uploads\/sites\/4\/A_TP20.pdf\">A_TP20<\/a><a href=\"https:\/\/www.hosekra.com\/dach\/wp-content\/uploads\/sites\/4\/A_HOSEKRA_TP20_Technische_Daten.pdf\">A_HOSEKRA_TP20_Technische_Daten<\/a><a href=\"https:\/\/www.hosekra.com\/dach\/wp-content\/uploads\/sites\/4\/hosekra_dach_farben.pdf\">hosekra_dach_farben<\/a><\/p>\n","protected":false},"excerpt":{"rendered":"<p>A_T20_in_und_Standard_KomponentenA_TP20A_HOSEKRA_TP20_Technische_Datenhosekra_dach_farben<\/p>\n","protected":false},"author":3,"featured_media":133,"parent":2,"menu_order":0,"comment_status":"closed","ping_status":"closed","template":"page-kritine.php","meta":{"ngg_post_thumbnail":0,"footnotes":""},"class_list":["post-33","page","type-page","status-publish","hentry"],"_links":{"self":[{"href":"https:\/\/www.hosekra.com\/dach\/wp-json\/wp\/v2\/pages\/33","targetHints":{"allow":["GET"]}}],"collection":[{"href":"https:\/\/www.hosekra.com\/dach\/wp-json\/wp\/v2\/pages"}],"about":[{"href":"https:\/\/www.hosekra.com\/dach\/wp-json\/wp\/v2\/types\/page"}],"author":[{"embeddable":true,"href":"https:\/\/www.hosekra.com\/dach\/wp-json\/wp\/v2\/users\/3"}],"replies":[{"embeddable":true,"href":"https:\/\/www.hosekra.com\/dach\/wp-json\/wp\/v2\/comments?post=33"}],"version-history":[{"count":42,"href":"https:\/\/www.hosekra.com\/dach\/wp-json\/wp\/v2\/pages\/33\/revisions"}],"predecessor-version":[{"id":5134,"href":"https:\/\/www.hosekra.com\/dach\/wp-json\/wp\/v2\/pages\/33\/revisions\/5134"}],"up":[{"embeddable":true,"href":"https:\/\/www.hosekra.com\/dach\/wp-json\/wp\/v2\/pages\/2"}],"wp:featuredmedia":[{"embeddable":true,"href":"https:\/\/www.hosekra.com\/dach\/wp-json\/wp\/v2\/media\/133"}],"wp:attachment":[{"href":"https:\/\/www.hosekra.com\/dach\/wp-json\/wp\/v2\/media?parent=33"}],"curies":[{"name":"wp","href":"https:\/\/api.w.org\/{rel}","templated":true}]}}