{"id":317,"date":"2012-02-13T17:49:05","date_gmt":"2012-02-13T16:49:05","guid":{"rendered":"http:\/\/www.hosekra.com\/dach\/?page_id=317"},"modified":"2019-09-03T19:37:18","modified_gmt":"2019-09-03T18:37:18","slug":"vlies-beschichtung","status":"publish","type":"page","link":"https:\/\/www.hosekra.com\/dach\/weitere-dachelemente\/vlies-beschichtung\/","title":{"rendered":"Vlies Beschichtung"},"content":{"rendered":"<div class=\"row\"><div class=\"col-sm-6\"><\/p>\n<p class=\"lead\">Das Unternehmen Hosekra d.o.o. hat zwei Lieferanten mit der selben Qualit\u00e4t. Wenn der K\u00e4ufer das gew\u00fcnschte Produkt nicht genau spezifiert und ist auch nicht im Angebot andernfalls geschrieben, hat der Hersteller das Recht, sich zu entscheiden, welchen Liferanten er in der Produktion verwenden wird.<\/p>\n<p>Das Produkt DR!PSTOP ist auf dem Blech verklebt und reguliert die Luftfeuchtigkeit in einem Raum. Dadurch werden Tropfen und Schade, die durch Kondenzation des Wassers auf dem kalten Blech entstehen, verhindert.<\/p>\n<p><\/div>\n<div class=\"col-sm-6\"><br \/>\n<a href=\"https:\/\/www.hosekra.com\/dach\/wp-content\/uploads\/sites\/4\/filzen.jpg\" data-rel=\"lightbox-image-0\" data-rl_title=\"\" data-rl_caption=\"\"><img decoding=\"async\" src=\"https:\/\/www.hosekra.com\/dach\/wp-content\/uploads\/sites\/4\/filzen.jpg\" alt=\"\" title=\"\" width=\"410\" class=\"alignnone size-full wp-image-333 shadow\" \/><\/a><br \/>\n<\/div><\/div>\n<p>Neben einer guten Wasserausnahme von min. 900\/1000 g\/m2 (abh\u00e4ngig von den Textur des Fliesstoffens), hat das Produkt auch die folgenden Vorteile:<\/p>\n<ul>\n<li>Einfache Einsetzung auf der Blech <\/li>\n<li>Gute H\u00e4ftung auf der Blech, die mit \u00e4lterndem Produkt nicht schlechter wird. <\/li>\n<li>Die Resistenz gegen Bakterien <\/li>\n<li>Die Brennbarkeit A2-s1, d0 (EN 13501-1)<\/li>\n<li>Die Tond\u00e4mmung <\/li>\n<\/ul>\n<hr \/>\n<p><a href='https:\/\/www.hosekra.com\/dach\/wp-content\/uploads\/sites\/4\/dripstop_condensation_control.pdf'>Dripstop Condensation Control<\/a><\/p>\n","protected":false},"excerpt":{"rendered":"<p>Neben einer guten Wasserausnahme von min. 900\/1000 g\/m2 (abh\u00e4ngig von den Textur des Fliesstoffens), hat das Produkt auch die folgenden Vorteile: Einfache Einsetzung auf der Blech Gute H\u00e4ftung auf der Blech, die mit \u00e4lterndem Produkt nicht schlechter wird. Die Resistenz gegen Bakterien Die Brennbarkeit A2-s1, d0 (EN 13501-1) Die Tond\u00e4mmung Dripstop Condensation Control<\/p>\n","protected":false},"author":1,"featured_media":333,"parent":5,"menu_order":0,"comment_status":"closed","ping_status":"closed","template":"page-ostalo.php","meta":{"ngg_post_thumbnail":0,"footnotes":""},"class_list":["post-317","page","type-page","status-publish","hentry"],"_links":{"self":[{"href":"https:\/\/www.hosekra.com\/dach\/wp-json\/wp\/v2\/pages\/317","targetHints":{"allow":["GET"]}}],"collection":[{"href":"https:\/\/www.hosekra.com\/dach\/wp-json\/wp\/v2\/pages"}],"about":[{"href":"https:\/\/www.hosekra.com\/dach\/wp-json\/wp\/v2\/types\/page"}],"author":[{"embeddable":true,"href":"https:\/\/www.hosekra.com\/dach\/wp-json\/wp\/v2\/users\/1"}],"replies":[{"embeddable":true,"href":"https:\/\/www.hosekra.com\/dach\/wp-json\/wp\/v2\/comments?post=317"}],"version-history":[{"count":15,"href":"https:\/\/www.hosekra.com\/dach\/wp-json\/wp\/v2\/pages\/317\/revisions"}],"predecessor-version":[{"id":5170,"href":"https:\/\/www.hosekra.com\/dach\/wp-json\/wp\/v2\/pages\/317\/revisions\/5170"}],"up":[{"embeddable":true,"href":"https:\/\/www.hosekra.com\/dach\/wp-json\/wp\/v2\/pages\/5"}],"wp:featuredmedia":[{"embeddable":true,"href":"https:\/\/www.hosekra.com\/dach\/wp-json\/wp\/v2\/media\/333"}],"wp:attachment":[{"href":"https:\/\/www.hosekra.com\/dach\/wp-json\/wp\/v2\/media?parent=317"}],"curies":[{"name":"wp","href":"https:\/\/api.w.org\/{rel}","templated":true}]}}