{"id":315,"date":"2012-02-13T17:48:45","date_gmt":"2012-02-13T16:48:45","guid":{"rendered":"http:\/\/www.hosekra.com\/dach\/?page_id=315"},"modified":"2019-09-03T19:34:49","modified_gmt":"2019-09-03T18:34:49","slug":"dachrinnen","status":"publish","type":"page","link":"https:\/\/www.hosekra.com\/dach\/weitere-dachelemente\/dachrinnen\/","title":{"rendered":"Dachrinnen"},"content":{"rendered":"<div class=\"row\"><div class=\"col-sm-6\"><\/p>\n<p class=\"lead\">Farben f\u00fcr Dachrinnen- Beidseitig verzinkt, plastifiziert, Entwickelte Breite 280 mm oder 330 mm. Die Farben der Dachrinnen: Braun, Rot, Schwartz, Antrazit, und Naturverzinkt.<br \/>\n<\/div>\n<div class=\"col-sm-6\"><br \/>\n<img decoding=\"async\" src=\"https:\/\/www.hosekra.com\/dach\/wp-content\/uploads\/sites\/4\/dachrinnen-1-548x411.jpg\" alt=\"\" width=\"410\" class=\"alignnone size-medium wp-image-5166\" srcset=\"https:\/\/www.hosekra.com\/dach\/wp-content\/uploads\/sites\/4\/dachrinnen-1-548x411.jpg 548w, https:\/\/www.hosekra.com\/dach\/wp-content\/uploads\/sites\/4\/dachrinnen-1-768x576.jpg 768w, https:\/\/www.hosekra.com\/dach\/wp-content\/uploads\/sites\/4\/dachrinnen-1.jpg 800w\" sizes=\"(max-width: 548px) 100vw, 548px\" \/><br \/>\n<\/div><\/div>\n<h4>Zus\u00e4tzliche Elemente<\/h4>\n<ul>\n<li>R\u00f6hre fi 100 oder fi 80 (fortlaufendes Meter)<\/li>\n<li>Kniest\u00fcck &#8211; einfach (St\u00fcck)<\/li>\n<li>Wasserkessel &#8211; Abflussender (St\u00fcck)<\/li>\n<li>Klinken (St\u00fcck)<\/li>\n<li>Deckel (St\u00fcck)<\/li>\n<li>Schellen (St\u00fcck)<\/li>\n<li>Eck-Dachrinne &#8211; innere, aussere (St\u00fcck)<\/li>\n<li>Winkel \u00fcber die Eck-Dachrinne (St\u00fcck)<\/li>\n<li>Wasserabscheider (St\u00fcck)<\/li>\n<li>Verunreinigungabscheider (St\u00fcck)<\/li>\n<\/ul>\n<hr>\nngg_shortcode_0_placeholder\n<hr>\n<p><a href=\"https:\/\/www.hosekra.com\/dach\/wp-content\/uploads\/sites\/4\/A_HOSEKRA_Dachrinne_und_Standard_Komponenten.pdf\">A_HOSEKRA_Dachrinne_und_Standard_Komponenten<\/a><\/p>\n","protected":false},"excerpt":{"rendered":"<p>Zus\u00e4tzliche Elemente R\u00f6hre fi 100 oder fi 80 (fortlaufendes Meter) Kniest\u00fcck &#8211; einfach (St\u00fcck) Wasserkessel &#8211; Abflussender (St\u00fcck) Klinken (St\u00fcck) Deckel (St\u00fcck) Schellen (St\u00fcck) Eck-Dachrinne &#8211; innere, aussere (St\u00fcck) Winkel \u00fcber die Eck-Dachrinne (St\u00fcck) Wasserabscheider (St\u00fcck) Verunreinigungabscheider (St\u00fcck) A_HOSEKRA_Dachrinne_und_Standard_Komponenten<\/p>\n","protected":false},"author":3,"featured_media":343,"parent":5,"menu_order":0,"comment_status":"closed","ping_status":"closed","template":"page-ostalo.php","meta":{"ngg_post_thumbnail":0,"footnotes":""},"class_list":["post-315","page","type-page","status-publish","hentry"],"_links":{"self":[{"href":"https:\/\/www.hosekra.com\/dach\/wp-json\/wp\/v2\/pages\/315","targetHints":{"allow":["GET"]}}],"collection":[{"href":"https:\/\/www.hosekra.com\/dach\/wp-json\/wp\/v2\/pages"}],"about":[{"href":"https:\/\/www.hosekra.com\/dach\/wp-json\/wp\/v2\/types\/page"}],"author":[{"embeddable":true,"href":"https:\/\/www.hosekra.com\/dach\/wp-json\/wp\/v2\/users\/3"}],"replies":[{"embeddable":true,"href":"https:\/\/www.hosekra.com\/dach\/wp-json\/wp\/v2\/comments?post=315"}],"version-history":[{"count":20,"href":"https:\/\/www.hosekra.com\/dach\/wp-json\/wp\/v2\/pages\/315\/revisions"}],"predecessor-version":[{"id":5168,"href":"https:\/\/www.hosekra.com\/dach\/wp-json\/wp\/v2\/pages\/315\/revisions\/5168"}],"up":[{"embeddable":true,"href":"https:\/\/www.hosekra.com\/dach\/wp-json\/wp\/v2\/pages\/5"}],"wp:featuredmedia":[{"embeddable":true,"href":"https:\/\/www.hosekra.com\/dach\/wp-json\/wp\/v2\/media\/343"}],"wp:attachment":[{"href":"https:\/\/www.hosekra.com\/dach\/wp-json\/wp\/v2\/media?parent=315"}],"curies":[{"name":"wp","href":"https:\/\/api.w.org\/{rel}","templated":true}]}}