{"id":311,"date":"2012-02-13T17:47:59","date_gmt":"2012-02-13T16:47:59","guid":{"rendered":"http:\/\/www.hosekra.com\/dach\/?page_id=311"},"modified":"2019-09-03T19:27:08","modified_gmt":"2019-09-03T18:27:08","slug":"blitzableiter","status":"publish","type":"page","link":"https:\/\/www.hosekra.com\/dach\/weitere-dachelemente\/blitzableiter\/","title":{"rendered":"Blitzableiter"},"content":{"rendered":"<div class=\"row\"><div class=\"col-sm-6\"><\/p>\n<p class=\"lead\">Blitzableiter sind sehr empholene Elemente f\u00fcr Geb\u00e4ude. Blitzableiter sind fast obligatorisch, k\u00f6nnen wir sagen, weil sie die \u00dcbertragung \/ Verteilung der Kraft des Blitzes in die Erde, damit sie nicht so sch\u00e4dig ist.<\/p>\n<p>Im Falle eines Blitzschlages k\u00f6nnen Elektroger\u00e4te besch\u00e4digt werden und Brand verursacht werden. Die Blitzableiter sch\u00fctzen uns perfekt vor diesen Unannehmlichkeiten.<br \/>\n<\/div>\n<div class=\"col-sm-6\"><br \/>\n<a href=\"https:\/\/www.hosekra.com\/dach\/wp-content\/uploads\/sites\/4\/blitzableitern.jpg\" data-rel=\"lightbox-image-0\" data-rl_title=\"\" data-rl_caption=\"\"><img decoding=\"async\" src=\"https:\/\/www.hosekra.com\/dach\/wp-content\/uploads\/sites\/4\/blitzableitern.jpg\" alt=\"\" title=\"\" width=\"410\" class=\"alignnone size-full wp-image-337 shadow\"><\/a><br \/>\n<\/div><\/div>\n<p><a href=\"https:\/\/www.hosekra.com\/dach\/?page_id=7\" title=\"Hosekra\">HOSEKRA<\/a> bietet Ihnen deswegen den hochwertigen Blitzableiter Prevectron.<\/p>\n<h4>7 Vorteile des Blitzableiters Prevectron:<\/h4>\n<ul>\n<li>Hat erfolgreich verschiedene intensive Tests in Real-Bedingungen in Frankreich, Brasilien, USA und Japan bestanden. Dazu nahm die Agentur f\u00fcr nukleare Sicherheit auch teil, sowohl wie Brazilianischer Institut f\u00fcr Weltraumforschung, Toulouse Universit\u00e4t Frankreich, Hidro Quebec Kanada, Franz\u00f6sische Telekom, Brazilianische Telekom,..<\/li>\n<li>Hohe Zuverl\u00e4ssigkeit und Flexibilit\u00e4t<\/li>\n<li>Groser Schutzbereich f\u00fcr alle Arten von Objekten und Umgebung.<\/li>\n<li>Ben\u00f6tigt 99% weniger Eindringen ins Dach und reduziert damit die Gefahr des Wassereindringen (nur 2 Ableitungen)<\/li>\n<li>Der Umweltschutz (weniger Materialien, weniger Beschmutzung)<\/li>\n<li>Durchf\u00fchren in allen klimatischen Bedingungen mit minimaler Erhaltung.<\/li>\n<li>Exklusive Image<\/li>\n<\/ul>\n<h4>Durchf\u00fchrung der Blitzableiter Installation<\/h4>\n<p>Die Blitzableiter Installationen sind seit Jahren h\u00e4ufig an unseren Geb\u00e4uden present. Die Objekte sind immer sch\u00f6ner und teurer, deswegen wollen wir sie mit angemessenem Schutz versorgen. Eine dieser Schutzarten sind genau der Blitzableiter, die das Geb\u00e4ude vor den Blitzschlag sch\u00fctzen und auch vor den, mit dem Blitzschlag verbundenen Sch\u00e4den.<\/p>\n<p>Die starke Erh\u00f6hung der Blitzgefahr hat den Ausbau der Blitz- Installationen sehr beeinflusst, und auch damit verbundene Forderungen und weitgehend die Entwicklung an der Blitzableiter Installationen Bereich, insbesonders auf die Materialien, die f\u00fcr die Blitzaleiter Installationen benutzt werden und auf die Verbindungselemente. Durch diese Entwicklung sind auch die Blitzableiter Installationen weniger herausragend geworden und viel einfacher f\u00fcr die Montage auch in Bezug der Beeintr\u00e4chtigung des allgemeinen Aussehens des Geb\u00e4udes.<\/p>\n<p>Die Blitzableiter Installation ist ein Teil der Elektro- Installationen an dem Geb\u00e4ude und hat regular auch ihr eigenes Plan der Durchf\u00fchrung. Die Installation der Blitzableiter beginnt sehr fr\u00fch, weil der Erdungsschalter auch der wesentlicher Bestandteil der Installation ist. Der Erdungsschalter kann auch eine grundlegende Erdung sein. Das bedeutet, dass die Erdung schon bei Grundbau gesetzt wird. Nachdem wird die Durchf\u00fchrung der Blitzableiter Installationen \u00fcblicherweise angehalten, au\u00dfer in F\u00e4llen wo die Abfluss- F\u00fchrungen im Inneren der W\u00e4nde des Geb\u00e4udes installiert sind. Die Durchf\u00fchrung wird in der Abschlussphase fortgesetzt, wenn das Geb\u00e4ude  ein gedecktes Dach, fertige Fassade und alle Metallelemente, an welche die Blitzableiter Installationen eingebunden werden, auch schon installiert sind.<\/p>\n<p>Die Abfluss- F\u00fchrungen dienen aktuellen Abfluss der Blitzableiter in ihrem Erdungsschaltersystem. Wir k\u00f6nnen sie auch auf die Fassade des Geb\u00e4udes einsetzen, oder auf die Abfluss- Rohren. Es ist empfohlen, dass wir die Abfluss- F\u00fchrungen auf die Abfluss- Rohren installieren und damit jene Interventionen auf der Fassade des Geb\u00e4udes vermeiden. Dazu werden auch die Abfluss- Rohren auf die Erdungsschaltersystem verbunden. Das bedeutet, dass es nicht n\u00f6tig ist, spezielle Erdungsschaltern f\u00fcr die Verbindung &#8211; zwischen Abfluss &#8211; Rohren und Erdungsschaltersystem &#8211; zu entwickeln. Aber es ist n\u00f6tig die Messungsverbindungen auf die Abfluss- F\u00fchrungen einsetzen. Die Messungsverbindung ist eine Verbindung an dem Durchgang zwischen Abfluss &#8211; Leitung und Erdungsschaltersystem. Normalweise hat er eine Messeklammer mit vier M8 Schrauben. Falls wir die Abfluss- F\u00fchrungen in der Fassade des Geb\u00e4udes einsetzen, m\u00fcssen wir auch die Messeverbindungen an dem Durchgang von Erdungsschalterleitung bis zur Abflussleitung einsetzen. Daf\u00fcr benutzen wir die Messungsk\u00e4stchen, die an der Wand des Geb\u00e4udes oder im Boden des Geb\u00e4udes eingesetzd werden. Dann m\u00fcssen wir auf die beiden F\u00fchrungen in der Messungsk\u00e4stchen sehr gut aufpassen, so dass sie die K\u00e4stchen nicht ber\u00fchren. Wenn sie die K\u00e4stchen ber\u00fchren, hat die Messeverbindung keinen Zweck, weil sie mit Metall-Messungsk\u00e4stchen \u00fcberverbunden ist. In letzter Zeit gibt es auch viele Geb\u00e4ude, die Metall-konstruktion haben. Die Metall-konstruktion kann sich wie ein Abfluss- F\u00fchrung verbrauchen, aber dazu brauchen wir eine Messungsverbindung, die wir auf dem Ort der Metall-konstruktionsverbindung einsetzen. Das bedeutet, dass die klassische Schweissung des Walzeisens nicht adequat wird, weil diese Verbindung nicht auseinanderbestellbar ist.<\/p>\n<p>Die Metall- Elementen auf den W\u00e4nden des Geb\u00e4udes m\u00fcssen auf die Erdungsschaltersystem verbindet werden. Falls die Metallteilen (Gel\u00e4nder, Klimaanlagen), in der N\u00e4he der Abfluss- F\u00fchrung (wenig als der Sicherheitsabstand), m\u00fcssen sie auf die Abfluss- F\u00fchrungen verbunden sein, oder m\u00fcssen die Potenzialle ausgleichnet sein.<\/p>\n<p><strong>Janez Podlipnik, univ. dipl. in\u0161 .el.<\/strong><\/p>\n<p><a href=\"https:\/\/www.hosekra.com\/dach\/?page_id=7\" title=\"Hosekra Bedachung\">HOSEKRA<\/a> empfiehlt das Lesen des gesamten Artikels. Der Artikel enthaltet auch die Bilder f\u00fcr eine leichtere Vorstellung: Durchf\u00fchren der Blitz- Installationen.<\/p>\n","protected":false},"excerpt":{"rendered":"<p>HOSEKRA bietet Ihnen deswegen den hochwertigen Blitzableiter Prevectron. 7 Vorteile des Blitzableiters Prevectron: Hat erfolgreich verschiedene intensive Tests in Real-Bedingungen in Frankreich, Brasilien, USA und Japan bestanden. Dazu nahm die Agentur f\u00fcr nukleare Sicherheit auch teil, sowohl wie Brazilianischer Institut f\u00fcr Weltraumforschung, Toulouse Universit\u00e4t Frankreich, Hidro Quebec Kanada, Franz\u00f6sische Telekom, Brazilianische Telekom,.. Hohe Zuverl\u00e4ssigkeit und [&hellip;]<\/p>\n","protected":false},"author":3,"featured_media":337,"parent":5,"menu_order":0,"comment_status":"closed","ping_status":"closed","template":"page-ostalo.php","meta":{"ngg_post_thumbnail":0,"footnotes":""},"class_list":["post-311","page","type-page","status-publish","hentry"],"_links":{"self":[{"href":"https:\/\/www.hosekra.com\/dach\/wp-json\/wp\/v2\/pages\/311","targetHints":{"allow":["GET"]}}],"collection":[{"href":"https:\/\/www.hosekra.com\/dach\/wp-json\/wp\/v2\/pages"}],"about":[{"href":"https:\/\/www.hosekra.com\/dach\/wp-json\/wp\/v2\/types\/page"}],"author":[{"embeddable":true,"href":"https:\/\/www.hosekra.com\/dach\/wp-json\/wp\/v2\/users\/3"}],"replies":[{"embeddable":true,"href":"https:\/\/www.hosekra.com\/dach\/wp-json\/wp\/v2\/comments?post=311"}],"version-history":[{"count":20,"href":"https:\/\/www.hosekra.com\/dach\/wp-json\/wp\/v2\/pages\/311\/revisions"}],"predecessor-version":[{"id":5163,"href":"https:\/\/www.hosekra.com\/dach\/wp-json\/wp\/v2\/pages\/311\/revisions\/5163"}],"up":[{"embeddable":true,"href":"https:\/\/www.hosekra.com\/dach\/wp-json\/wp\/v2\/pages\/5"}],"wp:featuredmedia":[{"embeddable":true,"href":"https:\/\/www.hosekra.com\/dach\/wp-json\/wp\/v2\/media\/337"}],"wp:attachment":[{"href":"https:\/\/www.hosekra.com\/dach\/wp-json\/wp\/v2\/media?parent=311"}],"curies":[{"name":"wp","href":"https:\/\/api.w.org\/{rel}","templated":true}]}}