{"id":309,"date":"2012-02-13T17:47:38","date_gmt":"2012-02-13T16:47:38","guid":{"rendered":"http:\/\/www.hosekra.com\/dach\/?page_id=309"},"modified":"2019-09-03T19:24:26","modified_gmt":"2019-09-03T18:24:26","slug":"schneekrallen","status":"publish","type":"page","link":"https:\/\/www.hosekra.com\/dach\/weitere-dachelemente\/schneekrallen\/","title":{"rendered":"Schneekrallen"},"content":{"rendered":"<div class=\"row\"><div class=\"col-sm-6\"><\/p>\n<p class=\"lead\">Wir biten Ihnen mehrere L\u00f6sungen f\u00fcr den Schneeproblem. In unseren Program haben wir Shneestopper in 1m St\u00fccke und auch Punkt- Schneekrallen.<\/p>\n<p>Mit Punkt- Schneekrallenbau (auf der ganzen Oberfl\u00e4che des Daches) verhindern wir die Schneebewegung durch dem Dach. Das Gewicht wird verbreitet und der Schnee schmelzt. Um die Verrutschen der Schnee sicher zu vermeiden, m\u00fcssen die Schneekrallen an der ganzen Oberfl\u00e4che des Daches angebaut werden, bis zum Dachfirst. In der ersten und zweiten Reihe bei Dachhaube m\u00fcssen Sie die Anzahl der integrierten Schneehaltern verdoppeln.<\/p>\n<p>Mit Punkt- Schneekrallen vermeiden wir alle m\u00f6glichen Probleme, wie gef\u00e4hrliche Vereisungen mit Wassereindringen bei Schneeschmelzungen, Eiskerzen und die Sch\u00e4den an den Dachrinnen.<br \/>\n<\/div>\n<div class=\"col-sm-6\"><br \/>\n<img decoding=\"async\" src=\"https:\/\/www.hosekra.com\/dach\/wp-content\/uploads\/sites\/4\/schneekrallen-1-548x411.jpg\" alt=\"\" width=\"410\" class=\"alignnone size-medium wp-image-5159\" srcset=\"https:\/\/www.hosekra.com\/dach\/wp-content\/uploads\/sites\/4\/schneekrallen-1-548x411.jpg 548w, https:\/\/www.hosekra.com\/dach\/wp-content\/uploads\/sites\/4\/schneekrallen-1.jpg 640w\" sizes=\"(max-width: 548px) 100vw, 548px\" \/><br \/>\n<\/div><\/div>\n<h2>Um den richtige Anzahl zu berechnen, brauchen wir:<\/h2>\n<ul>\n<li>Dachfl\u00e4che in m2<\/li>\n<li>Dachneigung<\/li>\n<li>Schneebelastung in kg pro m2 der Dachfl\u00e4che<\/li>\n<\/ul>\n<hr>\nngg_shortcode_0_placeholder\n<hr>\n<p><a href=\"https:\/\/www.hosekra.com\/dach\/wp-content\/uploads\/sites\/4\/Montagezeichnung_von_Schneestopper_auf_Bedachung_HOSEKRA_Sinus_18_Beispiel_mit_Linienschneestoppern_1.pdf\">Montagezeichnung_von_Schneestopper_auf_Bedachung_HOSEKRA_Sinus_18_Beispiel_mit_Linienschneestoppern_1<\/a><a href=\"https:\/\/www.hosekra.com\/dach\/wp-content\/uploads\/sites\/4\/Montagezeichnung_von_Schneestopper_auf_Bedachung_HOSEKRA_Sinus_18_Beispiel_mit_Linienschneestoppern_2.pdf\">Montagezeichnung_von_Schneestopper_auf_Bedachung_HOSEKRA_Sinus_18_Beispiel_mit_Linienschneestoppern_2<\/a><a href=\"https:\/\/www.hosekra.com\/dach\/wp-content\/uploads\/sites\/4\/Montagezeichnung_von_Schneestopper_auf_Bedachung_HOSEKRA_Valmetal_mit_Abdruck_Beispiel_mit_Linienschneestoppern.pdf\">Montagezeichnung_von_Schneestopper_auf_Bedachung_HOSEKRA_Valmetal_mit_Abdruck_Beispiel_mit_Linienschneestoppern<\/a><a href=\"https:\/\/www.hosekra.com\/dach\/wp-content\/uploads\/sites\/4\/Montagezeichnung_von_Schneestopper_auf_Bedachung_HOSEKRA_Valmetal_mit_Abdruck_Beispiel_mit_2_Punktierten_Schneestopper_an_Quadratmeter.pdf\">Montagezeichnung_von_Schneestopper_auf_Bedachung_HOSEKRA_Valmetal_mit_Abdruck_Beispiel_mit_2_Punktierten_Schneestopper_an_Quadratmeter<\/a><a href=\"https:\/\/www.hosekra.com\/dach\/wp-content\/uploads\/sites\/4\/Montagezeichnung_von_Schneestopper_auf_Bedachung_HOSEKRA_Valmetal_mit_Abdruck_Beispiel_mit_4_Punktierten_Schneestopper_an_Quadratmeter.pdf\">Montagezeichnung_von_Schneestopper_auf_Bedachung_HOSEKRA_Valmetal_mit_Abdruck_Beispiel_mit_4_Punktierten_Schneestopper_an_Quadratmeter<\/a><a href=\"https:\/\/www.hosekra.com\/dach\/wp-content\/uploads\/sites\/4\/Montagezeichnung_von_Schneestopper_auf_Bedachung_HOSEKRA_Valmetal_mit_Abdruck_Beispiel_mit_8_Punktierten_Schneestopper_an_Quadratmeter.pdf\">Montagezeichnung_von_Schneestopper_auf_Bedachung_HOSEKRA_Valmetal_mit_Abdruck_Beispiel_mit_8_Punktierten_Schneestopper_an_Quadratmeter<\/a><a href=\"https:\/\/www.hosekra.com\/dach\/wp-content\/uploads\/sites\/4\/Montagezeichnung_von_Schneestopper_auf_Bedachung_HOSEKRA_Valmetal_Beispiel_mit_Linienschneestoppern_1.pdf\">Montagezeichnung_von_Schneestopper_auf_Bedachung_HOSEKRA_Valmetal_Beispiel_mit_Linienschneestoppern_1<\/a><a href=\"https:\/\/www.hosekra.com\/dach\/wp-content\/uploads\/sites\/4\/Montagezeichnung_von_Schneestopper_auf_Bedachung_HOSEKRA_Valmetal_Beispiel_mit_Linienschneestoppern_2.pdf\">Montagezeichnung_von_Schneestopper_auf_Bedachung_HOSEKRA_Valmetal_Beispiel_mit_Linienschneestoppern_2<\/a><a href=\"https:\/\/www.hosekra.com\/dach\/wp-content\/uploads\/sites\/4\/Montagezeichnung_von_Schneestopper_auf_Bedachung_HOSEKRA_TP20_Beispiel_mit_Linienschneestoppern_1.pdf\">Montagezeichnung_von_Schneestopper_auf_Bedachung_HOSEKRA_TP20_Beispiel_mit_Linienschneestoppern_1<\/a><a href=\"https:\/\/www.hosekra.com\/dach\/wp-content\/uploads\/sites\/4\/Montagezeichnung_von_Schneestopper_auf_Bedachung_HOSEKRA_TP20_Beispiel_mit_Linienschneestoppern_2.pdf\">Montagezeichnung_von_Schneestopper_auf_Bedachung_HOSEKRA_TP20_Beispiel_mit_Linienschneestoppern_2<\/a><a href=\"https:\/\/www.hosekra.com\/dach\/wp-content\/uploads\/sites\/4\/Montagezeichnung_von_Schneestopper_auf_Bedachung_HOSEKRA_T4_Beispiel_mit_Linienschneestoppern_1.pdf\">Montagezeichnung_von_Schneestopper_auf_Bedachung_HOSEKRA_T4_Beispiel_mit_Linienschneestoppern_1<\/a><a href=\"https:\/\/www.hosekra.com\/dach\/wp-content\/uploads\/sites\/4\/Montagezeichnung_von_Schneestopper_auf_Bedachung_HOSEKRA_T4_Beispiel_mit_Linienschneestoppern_2.pdf\">Montagezeichnung_von_Schneestopper_auf_Bedachung_HOSEKRA_T4_Beispiel_mit_Linienschneestoppern_2<\/a><a href=\"https:\/\/www.hosekra.com\/dach\/wp-content\/uploads\/sites\/4\/Montagezeichnung_von_Schneestopper_auf_Bedachung_HOSEKRA_Stratos_Beispiel_mit_Linienschneestoppern.pdf\">Montagezeichnung_von_Schneestopper_auf_Bedachung_HOSEKRA_Stratos_Beispiel_mit_Linienschneestoppern<\/a><a href=\"https:\/\/www.hosekra.com\/dach\/wp-content\/uploads\/sites\/4\/Montagezeichnung_von_Schneestopper_auf_Bedachung_HOSEKRA_Stratos_Beispiel_mit_8_Punktierten_Schneestopper_an_Quadratmeter.pdf\">Montagezeichnung_von_Schneestopper_auf_Bedachung_HOSEKRA_Stratos_Beispiel_mit_8_Punktierten_Schneestopper_an_Quadratmeter<\/a><a href=\"https:\/\/www.hosekra.com\/dach\/wp-content\/uploads\/sites\/4\/Montagezeichnung_von_Schneestopper_auf_Bedachung_HOSEKRA_Stratos_Beispiel_mit_4_Punktierten_Schneestopper_an_Quadratmeter.pdf\">Montagezeichnung_von_Schneestopper_auf_Bedachung_HOSEKRA_Stratos_Beispiel_mit_4_Punktierten_Schneestopper_an_Quadratmeter<\/a><a href=\"https:\/\/www.hosekra.com\/dach\/wp-content\/uploads\/sites\/4\/Montagezeichnung_von_Schneestopper_auf_Bedachung_HOSEKRA_Stratos_Beispiel_mit_2_Punktierten_Schneestopper_an_Quadratmeter.pdf\">Montagezeichnung_von_Schneestopper_auf_Bedachung_HOSEKRA_Stratos_Beispiel_mit_2_Punktierten_Schneestopper_an_Quadratmeter<\/a><a href=\"https:\/\/www.hosekra.com\/dach\/wp-content\/uploads\/sites\/4\/Montagezeichnung_von_Schneestopper_auf_Bedachung_HOSEKRA_mit_Granulat_Beispiel_mit_2_Punktierten_Schneestopper_an_Quadratmeter.pdf\">Montagezeichnung_von_Schneestopper_auf_Bedachung_HOSEKRA_mit_Granulat_Beispiel_mit_2_Punktierten_Schneestopper_an_Quadratmeter<\/a><a href=\"https:\/\/www.hosekra.com\/dach\/wp-content\/uploads\/sites\/4\/Montagezeichnung_von_Schneestopper_auf_Bedachung_HOSEKRA_Glatt_Beispiel_mit_8_Punktierten_Schneestopper_an_Quadratmeter.pdf\">Montagezeichnung_von_Schneestopper_auf_Bedachung_HOSEKRA_Glatt_Beispiel_mit_8_Punktierten_Schneestopper_an_Quadratmeter<\/a><a href=\"https:\/\/www.hosekra.com\/dach\/wp-content\/uploads\/sites\/4\/Montagezeichnung_von_Schneestopper_auf_Bedachung_HOSEKRA_Glatt_Beispiel_mit_2_Punktierten_Schneestopper_an_Quadratmeter.pdf\">Montagezeichnung_von_Schneestopper_auf_Bedachung_HOSEKRA_Glatt_Beispiel_mit_2_Punktierten_Schneestopper_an_Quadratmeter<\/a><a href=\"https:\/\/www.hosekra.com\/dach\/wp-content\/uploads\/sites\/4\/Montagezeichnung_von_Schneestopper_auf_Bedachung_HOSEKRA_Glatt_Beispiel_mit_4_Punktierten_Schneestopper_an_Quadratmeter.pdf\">Montagezeichnung_von_Schneestopper_auf_Bedachung_HOSEKRA_Glatt_Beispiel_mit_4_Punktierten_Schneestopper_an_Quadratmeter<\/a><a href=\"https:\/\/www.hosekra.com\/dach\/wp-content\/uploads\/sites\/4\/Montagezeichnung_von_Schneestopper_auf_Bedachung_HOSEKRA_Bobrek_Beispiel_mit_8_Punktierten_Schneestopper_an_Quadratmeter.pdf\">Montagezeichnung_von_Schneestopper_auf_Bedachung_HOSEKRA_Bobrek_Beispiel_mit_8_Punktierten_Schneestopper_an_Quadratmeter<\/a><a href=\"https:\/\/www.hosekra.com\/dach\/wp-content\/uploads\/sites\/4\/Montagezeichnung_von_Schneestopper_auf_Bedachung_HOSEKRA_Bobrek_Beispiel_mit_2_Punktierten_Schneestopper_an_Quadratmeter.pdf\">Montagezeichnung_von_Schneestopper_auf_Bedachung_HOSEKRA_Bobrek_Beispiel_mit_2_Punktierten_Schneestopper_an_Quadratmeter<\/a><a href=\"https:\/\/www.hosekra.com\/dach\/wp-content\/uploads\/sites\/4\/Montagezeichnung_von_Schneestopper_auf_Bedachung_HOSEKRA_Bobrek_Beispiel_mit_4_Punktierten_Schneestopper_an_Quadratmeter.pdf\">Montagezeichnung_von_Schneestopper_auf_Bedachung_HOSEKRA_Bobrek_Beispiel_mit_4_Punktierten_Schneestopper_an_Quadratmeter<\/a><\/p>\n","protected":false},"excerpt":{"rendered":"<p>Um den richtige Anzahl zu berechnen, brauchen wir: Dachfl\u00e4che in m2 Dachneigung Schneebelastung in kg pro m2 der Dachfl\u00e4che Montagezeichnung_von_Schneestopper_auf_Bedachung_HOSEKRA_Sinus_18_Beispiel_mit_Linienschneestoppern_1Montagezeichnung_von_Schneestopper_auf_Bedachung_HOSEKRA_Sinus_18_Beispiel_mit_Linienschneestoppern_2Montagezeichnung_von_Schneestopper_auf_Bedachung_HOSEKRA_Valmetal_mit_Abdruck_Beispiel_mit_LinienschneestoppernMontagezeichnung_von_Schneestopper_auf_Bedachung_HOSEKRA_Valmetal_mit_Abdruck_Beispiel_mit_2_Punktierten_Schneestopper_an_QuadratmeterMontagezeichnung_von_Schneestopper_auf_Bedachung_HOSEKRA_Valmetal_mit_Abdruck_Beispiel_mit_4_Punktierten_Schneestopper_an_QuadratmeterMontagezeichnung_von_Schneestopper_auf_Bedachung_HOSEKRA_Valmetal_mit_Abdruck_Beispiel_mit_8_Punktierten_Schneestopper_an_QuadratmeterMontagezeichnung_von_Schneestopper_auf_Bedachung_HOSEKRA_Valmetal_Beispiel_mit_Linienschneestoppern_1Montagezeichnung_von_Schneestopper_auf_Bedachung_HOSEKRA_Valmetal_Beispiel_mit_Linienschneestoppern_2Montagezeichnung_von_Schneestopper_auf_Bedachung_HOSEKRA_TP20_Beispiel_mit_Linienschneestoppern_1Montagezeichnung_von_Schneestopper_auf_Bedachung_HOSEKRA_TP20_Beispiel_mit_Linienschneestoppern_2Montagezeichnung_von_Schneestopper_auf_Bedachung_HOSEKRA_T4_Beispiel_mit_Linienschneestoppern_1Montagezeichnung_von_Schneestopper_auf_Bedachung_HOSEKRA_T4_Beispiel_mit_Linienschneestoppern_2Montagezeichnung_von_Schneestopper_auf_Bedachung_HOSEKRA_Stratos_Beispiel_mit_LinienschneestoppernMontagezeichnung_von_Schneestopper_auf_Bedachung_HOSEKRA_Stratos_Beispiel_mit_8_Punktierten_Schneestopper_an_QuadratmeterMontagezeichnung_von_Schneestopper_auf_Bedachung_HOSEKRA_Stratos_Beispiel_mit_4_Punktierten_Schneestopper_an_QuadratmeterMontagezeichnung_von_Schneestopper_auf_Bedachung_HOSEKRA_Stratos_Beispiel_mit_2_Punktierten_Schneestopper_an_QuadratmeterMontagezeichnung_von_Schneestopper_auf_Bedachung_HOSEKRA_mit_Granulat_Beispiel_mit_2_Punktierten_Schneestopper_an_QuadratmeterMontagezeichnung_von_Schneestopper_auf_Bedachung_HOSEKRA_Glatt_Beispiel_mit_8_Punktierten_Schneestopper_an_QuadratmeterMontagezeichnung_von_Schneestopper_auf_Bedachung_HOSEKRA_Glatt_Beispiel_mit_2_Punktierten_Schneestopper_an_QuadratmeterMontagezeichnung_von_Schneestopper_auf_Bedachung_HOSEKRA_Glatt_Beispiel_mit_4_Punktierten_Schneestopper_an_QuadratmeterMontagezeichnung_von_Schneestopper_auf_Bedachung_HOSEKRA_Bobrek_Beispiel_mit_8_Punktierten_Schneestopper_an_QuadratmeterMontagezeichnung_von_Schneestopper_auf_Bedachung_HOSEKRA_Bobrek_Beispiel_mit_2_Punktierten_Schneestopper_an_QuadratmeterMontagezeichnung_von_Schneestopper_auf_Bedachung_HOSEKRA_Bobrek_Beispiel_mit_4_Punktierten_Schneestopper_an_Quadratmeter<\/p>\n","protected":false},"author":3,"featured_media":351,"parent":5,"menu_order":0,"comment_status":"closed","ping_status":"closed","template":"page-ostalo.php","meta":{"ngg_post_thumbnail":0,"footnotes":""},"class_list":["post-309","page","type-page","status-publish","hentry"],"_links":{"self":[{"href":"https:\/\/www.hosekra.com\/dach\/wp-json\/wp\/v2\/pages\/309","targetHints":{"allow":["GET"]}}],"collection":[{"href":"https:\/\/www.hosekra.com\/dach\/wp-json\/wp\/v2\/pages"}],"about":[{"href":"https:\/\/www.hosekra.com\/dach\/wp-json\/wp\/v2\/types\/page"}],"author":[{"embeddable":true,"href":"https:\/\/www.hosekra.com\/dach\/wp-json\/wp\/v2\/users\/3"}],"replies":[{"embeddable":true,"href":"https:\/\/www.hosekra.com\/dach\/wp-json\/wp\/v2\/comments?post=309"}],"version-history":[{"count":19,"href":"https:\/\/www.hosekra.com\/dach\/wp-json\/wp\/v2\/pages\/309\/revisions"}],"predecessor-version":[{"id":5161,"href":"https:\/\/www.hosekra.com\/dach\/wp-json\/wp\/v2\/pages\/309\/revisions\/5161"}],"up":[{"embeddable":true,"href":"https:\/\/www.hosekra.com\/dach\/wp-json\/wp\/v2\/pages\/5"}],"wp:featuredmedia":[{"embeddable":true,"href":"https:\/\/www.hosekra.com\/dach\/wp-json\/wp\/v2\/media\/351"}],"wp:attachment":[{"href":"https:\/\/www.hosekra.com\/dach\/wp-json\/wp\/v2\/media?parent=309"}],"curies":[{"name":"wp","href":"https:\/\/api.w.org\/{rel}","templated":true}]}}