{"id":303,"date":"2012-02-13T17:46:31","date_gmt":"2012-02-13T16:46:31","guid":{"rendered":"http:\/\/www.hosekra.com\/dach\/?page_id=303"},"modified":"2019-09-03T19:13:28","modified_gmt":"2019-09-03T18:13:28","slug":"dachfolien","status":"publish","type":"page","link":"https:\/\/www.hosekra.com\/dach\/weitere-dachelemente\/dachfolien\/","title":{"rendered":"Dachfolien"},"content":{"rendered":"<div class=\"row\"><div class=\"col-sm-6\"><\/p>\n<p class=\"lead\">Dachfolien werden bei durchl\u00fcfteten D\u00e4chern, die bei den Wohnungsgeb\u00e4ude mit dem Schr\u00e4gdach notwendig sind. Das L\u00fcftungsdach verhindert die Luftfeuchtigkeit und Eisanschlag auf der Dachhaube im Winter, im Sommer verhindert aber die Raumverhitzung.<\/p>\n<p>Das k\u00f6nnen wir durch der Dampfhinderungsinstallation unten den D\u00e4mmung (Konstruktions- PVC- Folien, usw &#8211; Dampfundurchl\u00e4ssig) erreichen und auch die Installation von der Dampfdurchverl\u00e4ssige Folie auf der W\u00e4rmed\u00e4mmung Klober.<\/p>\n<p>Die Durchverl\u00e4ssigkeit der Wasserdampffolie ist sehr wichtig &#8211; Sd = 0,02-0,05 m.<\/p>\n<p>Die Dampfdurchverl\u00e4ssige Folien haben gleichzeitig auch die Funktion der sekund\u00e4ren Dachung und wirken wie eine Wind- oder zus\u00e4tzliche Luft-anschlag. Die beluftete Schicht extrahiert die Wasserdampf, die durch der Konstruktion durchverl\u00e4sst und muss mit \u00e4userem Luft beluftet sein &#8211; das k\u00f6nnen wir mit den \u00d6ffnungen auf dem Vordach (Das L\u00fcftungsband) und dem Dachgrat (das L\u00fcftungsdachrat, nach Gebrauch zus\u00e4tzliche Dachl\u00fcfter) erreichen.<\/p>\n<p>Die Luftschicht \u00fcber der reserven bel\u00fcfteten Dachung erreichen wir mit so genannten Kontra &#8211; Letten, min. H\u00f6he 50 mm (Dim. 6&#215;5 cm). Die Oberfl\u00e4che der Versorgungser\u00f6ffnungen bei den Vordachen (Querschnitt der L\u00fcftung), muss mindestens 200cm2 \/ Vordachsmeter sein. Standard werden die L\u00fcftungsbande einbaut, der Breite 8 cm &#8211; cca 500 cm2 \/ Vordachsmeter.<br \/>\n<\/div>\n<div class=\"col-sm-6\"><br \/>\n<img decoding=\"async\" src=\"https:\/\/www.hosekra.com\/dach\/wp-content\/uploads\/sites\/4\/dachfolien-1.jpg\" alt=\"\" width=\"410\" class=\"alignnone size-full wp-image-5150\" \/><br \/>\n<\/div><\/div>\n<p>Bei <a href=\"https:\/\/www.hosekra.com\/dach\/?page_id=7\" title=\"Hosekra Bedachung\">HOSEKRA<\/a> d.o.o. haben wir zwei Lieferanten mit \u00e4hnichler Qualit\u00e4t. Falls der K\u00e4ufer das gew\u00fcnschte Produkt nicht genau spezifiert und ist auch nicht ein Teil des Angebotes, hat der Erzeuger das Recht selbst zu entschieden, welchen bei Erzeugungsprozess zu benutzen.<\/p>\n<h4>Hosekra Beratung:<\/h4>\n<p>Die <a href=\"https:\/\/www.hosekra.com\/dach\/?page_id=7\" title=\"Hosekra Metallbedachungen\">Metallbedachungen HOSEKRA<\/a> sind in letzten Jahren sehr erkanntbar meistens weil sie positive Eigenschaften an den Geb\u00e4ude bringen. Bei die Bedeckungen haben die Metalld\u00e4che auch einige Novit\u00e4ten mitgebracht, und diese Novit\u00e4ten werden jetzt als Standard bei Dachungen gebraucht. Eine von denen ist auch die Luftbr\u00fccke. Sie wird bei alle Montagen der Dachungen empfohlen, meistens giltet sie bei den Mansardenrenovierungen, wo auch die andere Erzeuger der MetellBedachungen und Dachdecker sie zugebaut und optimisiert haben.<\/p>\n<p>Bei alle Bedachungen gibt es Kondens unten dem Dach, Die Ziegel-, Zement- und andere- Masivbedachungen saugen es und sp\u00e4ter ausgeben. Die Stahlfliese saugen das Kondens nicht, deswegen muss das Dampf versaugt (trocken) werden &#8211; auf dem Luft in eine Luftbr\u00fccke.<\/p>\n<p>Die Dampfdurchl\u00e4ssige Folie Kleber, die wir benutzen, hat 2000 mm des Wasserturms.<\/p>\n<p><strong>Tests:<\/strong><br \/>\nIn dem Unternehmen k\u00f6nnen wir auch einige Tests der Folien und ihre Benutzbarkeit selbst durchzuf\u00fchren.<\/p>\n<hr>\n<p><a href=\"https:\/\/www.hosekra.com\/dach\/wp-content\/uploads\/sites\/4\/de.broschuere.Permo_Unterdeckungen.pdf\">de.broschuere.Permo_Unterdeckungen<\/a><a href=\"https:\/\/www.hosekra.com\/dach\/wp-content\/uploads\/sites\/4\/de.ausschreibung.Permo_easy_und_SK.pdf\">de.ausschreibung.Permo_easy_und_SK<\/a><a href=\"https:\/\/www.hosekra.com\/dach\/wp-content\/uploads\/sites\/4\/de.verlegung.Permo_Unterspann_Unterdeckbahnen.pdf\">de.verlegung.Permo_Unterspann_Unterdeckbahnen<\/a><a href=\"https:\/\/www.hosekra.com\/dach\/wp-content\/uploads\/sites\/4\/de.datenblatt.Permo_easy.pdf\">de.datenblatt.Permo_easy<\/a><\/p>\n","protected":false},"excerpt":{"rendered":"<p>Bei HOSEKRA d.o.o. haben wir zwei Lieferanten mit \u00e4hnichler Qualit\u00e4t. Falls der K\u00e4ufer das gew\u00fcnschte Produkt nicht genau spezifiert und ist auch nicht ein Teil des Angebotes, hat der Erzeuger das Recht selbst zu entschieden, welchen bei Erzeugungsprozess zu benutzen. Hosekra Beratung: Die Metallbedachungen HOSEKRA sind in letzten Jahren sehr erkanntbar meistens weil sie positive [&hellip;]<\/p>\n","protected":false},"author":3,"featured_media":341,"parent":5,"menu_order":0,"comment_status":"closed","ping_status":"closed","template":"page-ostalo.php","meta":{"ngg_post_thumbnail":0,"footnotes":""},"class_list":["post-303","page","type-page","status-publish","hentry"],"_links":{"self":[{"href":"https:\/\/www.hosekra.com\/dach\/wp-json\/wp\/v2\/pages\/303","targetHints":{"allow":["GET"]}}],"collection":[{"href":"https:\/\/www.hosekra.com\/dach\/wp-json\/wp\/v2\/pages"}],"about":[{"href":"https:\/\/www.hosekra.com\/dach\/wp-json\/wp\/v2\/types\/page"}],"author":[{"embeddable":true,"href":"https:\/\/www.hosekra.com\/dach\/wp-json\/wp\/v2\/users\/3"}],"replies":[{"embeddable":true,"href":"https:\/\/www.hosekra.com\/dach\/wp-json\/wp\/v2\/comments?post=303"}],"version-history":[{"count":19,"href":"https:\/\/www.hosekra.com\/dach\/wp-json\/wp\/v2\/pages\/303\/revisions"}],"predecessor-version":[{"id":5152,"href":"https:\/\/www.hosekra.com\/dach\/wp-json\/wp\/v2\/pages\/303\/revisions\/5152"}],"up":[{"embeddable":true,"href":"https:\/\/www.hosekra.com\/dach\/wp-json\/wp\/v2\/pages\/5"}],"wp:featuredmedia":[{"embeddable":true,"href":"https:\/\/www.hosekra.com\/dach\/wp-json\/wp\/v2\/media\/341"}],"wp:attachment":[{"href":"https:\/\/www.hosekra.com\/dach\/wp-json\/wp\/v2\/media?parent=303"}],"curies":[{"name":"wp","href":"https:\/\/api.w.org\/{rel}","templated":true}]}}