{"id":301,"date":"2012-02-13T17:46:05","date_gmt":"2012-02-13T16:46:05","guid":{"rendered":"http:\/\/www.hosekra.com\/dach\/?page_id=301"},"modified":"2019-09-03T19:44:37","modified_gmt":"2019-09-03T18:44:37","slug":"befestigungsmaterialien","status":"publish","type":"page","link":"https:\/\/www.hosekra.com\/dach\/weitere-dachelemente\/befestigungsmaterialien\/","title":{"rendered":"Befestigungsmaterialien"},"content":{"rendered":"<div class=\"row\"><div class=\"col-sm-6\"><\/p>\n<p class=\"lead\">Bei uns k\u00f6nnen Sie alle notwendige Befestungsmaterialien f\u00fcr die Dachmontage bekommen. Wir k\u00fcmmern uns um alles, deswegen bleiben sie sorgfrei bei ihrem Verkaufsprozess.<\/p>\n<p>F\u00fcr mehrere Informationen schreiben Sie uns eine e-mail. Wir stehen Ihnen zur Verf\u00fcgung, haben ein offenes Ohr f\u00fcr Ihre W\u00fcnsche und helfen Ihnen gerne.<br \/>\n<\/div>\n<div class=\"col-sm-6\"><br \/>\n<a href=\"https:\/\/www.hosekra.com\/dach\/wp-content\/uploads\/sites\/4\/verbindungsmaterialien.jpg\" data-rel=\"lightbox-image-0\" data-rl_title=\"\" data-rl_caption=\"\"><img decoding=\"async\" src=\"https:\/\/www.hosekra.com\/dach\/wp-content\/uploads\/sites\/4\/verbindungsmaterialien.jpg\" alt=\"\" title=\"\" width=\"410\" class=\"alignnone size-full wp-image-355 shadow\"><\/a><br \/>\n<\/div><\/div>\n<hr>\n<p><a href=\"https:\/\/www.hosekra.com\/dach\/wp-content\/uploads\/sites\/4\/EJOT-Certifikat-Z-14.1-4.pdf\">EJOT Certifikat Z-14.1-4<\/a><a href=\"https:\/\/www.hosekra.com\/dach\/wp-content\/uploads\/sites\/4\/EJOT_Katalog_DWF_2011_DE_WEB.pdf\">EJOT_Katalog_DWF_2011_DE_WEB<\/a><a href=\"https:\/\/www.hosekra.com\/dach\/wp-content\/uploads\/sites\/4\/DE_EJOT-Befestigungssysteme-f\u00fcr-Solaranlagen.pdf\">DE_EJOT Befestigungssysteme f\u00fcr Solaranlagen<\/a><\/p>\n","protected":false},"excerpt":{"rendered":"<p>EJOT Certifikat Z-14.1-4EJOT_Katalog_DWF_2011_DE_WEBDE_EJOT Befestigungssysteme f\u00fcr Solaranlagen<\/p>\n","protected":false},"author":3,"featured_media":355,"parent":5,"menu_order":0,"comment_status":"closed","ping_status":"closed","template":"page-ostalo.php","meta":{"ngg_post_thumbnail":0,"footnotes":""},"class_list":["post-301","page","type-page","status-publish","hentry"],"_links":{"self":[{"href":"https:\/\/www.hosekra.com\/dach\/wp-json\/wp\/v2\/pages\/301","targetHints":{"allow":["GET"]}}],"collection":[{"href":"https:\/\/www.hosekra.com\/dach\/wp-json\/wp\/v2\/pages"}],"about":[{"href":"https:\/\/www.hosekra.com\/dach\/wp-json\/wp\/v2\/types\/page"}],"author":[{"embeddable":true,"href":"https:\/\/www.hosekra.com\/dach\/wp-json\/wp\/v2\/users\/3"}],"replies":[{"embeddable":true,"href":"https:\/\/www.hosekra.com\/dach\/wp-json\/wp\/v2\/comments?post=301"}],"version-history":[{"count":23,"href":"https:\/\/www.hosekra.com\/dach\/wp-json\/wp\/v2\/pages\/301\/revisions"}],"predecessor-version":[{"id":5149,"href":"https:\/\/www.hosekra.com\/dach\/wp-json\/wp\/v2\/pages\/301\/revisions\/5149"}],"up":[{"embeddable":true,"href":"https:\/\/www.hosekra.com\/dach\/wp-json\/wp\/v2\/pages\/5"}],"wp:featuredmedia":[{"embeddable":true,"href":"https:\/\/www.hosekra.com\/dach\/wp-json\/wp\/v2\/media\/355"}],"wp:attachment":[{"href":"https:\/\/www.hosekra.com\/dach\/wp-json\/wp\/v2\/media?parent=301"}],"curies":[{"name":"wp","href":"https:\/\/api.w.org\/{rel}","templated":true}]}}