{"id":299,"date":"2012-02-13T17:45:41","date_gmt":"2012-02-13T16:45:41","guid":{"rendered":"http:\/\/www.hosekra.com\/dach\/?page_id=299"},"modified":"2019-09-03T19:44:03","modified_gmt":"2019-09-03T18:44:03","slug":"dachfenster","status":"publish","type":"page","link":"https:\/\/www.hosekra.com\/dach\/weitere-dachelemente\/dachfenster\/","title":{"rendered":"Dachfenster"},"content":{"rendered":"<div class=\"row\"><div class=\"col-sm-6\"><br \/>\n<a href=\"https:\/\/www.hosekra.com\/dach\/wp-content\/uploads\/sites\/4\/dachfenster_fakro.jpg\" data-rel=\"lightbox-image-0\" data-rl_title=\"\" data-rl_caption=\"\"><img decoding=\"async\" src=\"https:\/\/www.hosekra.com\/dach\/wp-content\/uploads\/sites\/4\/dachfenster_fakro.jpg\" alt=\"\" title=\"\" width=\"100%\" class=\"alignnone size-full wp-image-364 shadow\"><\/a><\/p>\n<h4>DACHFENSTER FAKRO<\/h4>\n<p class=\"lead\">In Zusammenpartnerschaft mit dem Unternehmen Fakro, liefert und verkauft unser Unternehmen auch Fakro Dachfenster.<\/p>\n<p>Alte, dunkle und unordentliche Dachboden sind Vergangenheit. Fakro Dachfenster erm\u00f6glichen die Nutzung des Dachbodens f\u00fcr Wohnzwecke und wird heute in Neubauten sowie bei der Renovierung von Altbauten verwendet. Aus Dachboden entstehen so Wohnr\u00e4ume wie Kinderzimmer, Schlafzimmer oder Kinderzimmer.<\/p>\n<p>Der Herstellungs- und Qualit\u00e4tskontrolle- Prozess steht im Einklang mit Europ\u00e4ischen Normen, was auch die erhaltenen Zertifikate beweisen.<\/p>\n<p>Detailierte Informationen \u00fcber Fakro Fenster k\u00f6nnen Sie auf der Webseite <a href=\"http:\/\/www.fakro.com\" title=\"Fakro.com\">Fakro.com<\/a> finden.<br \/>\n<\/div>\n<div class=\"col-sm-6\"><br \/>\n<a href=\"https:\/\/www.hosekra.com\/dach\/wp-content\/uploads\/sites\/4\/dachfenster_velux.jpg\" data-rel=\"lightbox-image-1\" data-rl_title=\"\" data-rl_caption=\"\"><img decoding=\"async\" src=\"https:\/\/www.hosekra.com\/dach\/wp-content\/uploads\/sites\/4\/dachfenster_velux.jpg\" alt=\"\" title=\"\" width=\"100%\" class=\"alignnone size-full wp-image-363 shadow\"><\/a><\/p>\n<h4>DACHFENSTER VELUX<\/h4>\n<p class=\"lead\">In der Zusammenpartnerschaft mit dem Unternehmen Velux, liefert und verkauft unser Unternehmen  Velux Fenster an Endkunden.<\/p>\n<p>Haben Sie gewust, dass der Dachboden manchmal 30% des ganzes Geb\u00e4udes bezetzt? Mit Velux Produkten k\u00f6nnen Sie aus langweiligen oder nicht genutzten Teilen des Geb\u00e4udes lebendige und helle R\u00e4ume der h\u00f6hsten Qualit\u00e4t schaffen. Egal ob Sie ein neues Haus bauen oder ein Altes renovieren, bieten wir Ihnen attraktive L\u00f6sungen mit Dachfenstern, so dass Sie das beste aus dem Dachboden holen und damit eine moderne Umgebung entwickeln.<\/p>\n<p>Detailierte Informationen \u00fcber Velux Fenster k\u00f6nnen Sie auf der Webseite <a href=\"http:\/\/www.velux.com\" title=\"www.velux.com\">www.velux.com<\/a> finden.<\/p>\n<p><\/div><\/div>\n","protected":false},"excerpt":{"rendered":"","protected":false},"author":3,"featured_media":363,"parent":5,"menu_order":0,"comment_status":"closed","ping_status":"closed","template":"page-ostalo.php","meta":{"ngg_post_thumbnail":0,"footnotes":""},"class_list":["post-299","page","type-page","status-publish","hentry"],"_links":{"self":[{"href":"https:\/\/www.hosekra.com\/dach\/wp-json\/wp\/v2\/pages\/299","targetHints":{"allow":["GET"]}}],"collection":[{"href":"https:\/\/www.hosekra.com\/dach\/wp-json\/wp\/v2\/pages"}],"about":[{"href":"https:\/\/www.hosekra.com\/dach\/wp-json\/wp\/v2\/types\/page"}],"author":[{"embeddable":true,"href":"https:\/\/www.hosekra.com\/dach\/wp-json\/wp\/v2\/users\/3"}],"replies":[{"embeddable":true,"href":"https:\/\/www.hosekra.com\/dach\/wp-json\/wp\/v2\/comments?post=299"}],"version-history":[{"count":15,"href":"https:\/\/www.hosekra.com\/dach\/wp-json\/wp\/v2\/pages\/299\/revisions"}],"predecessor-version":[{"id":5147,"href":"https:\/\/www.hosekra.com\/dach\/wp-json\/wp\/v2\/pages\/299\/revisions\/5147"}],"up":[{"embeddable":true,"href":"https:\/\/www.hosekra.com\/dach\/wp-json\/wp\/v2\/pages\/5"}],"wp:featuredmedia":[{"embeddable":true,"href":"https:\/\/www.hosekra.com\/dach\/wp-json\/wp\/v2\/media\/363"}],"wp:attachment":[{"href":"https:\/\/www.hosekra.com\/dach\/wp-json\/wp\/v2\/media?parent=299"}],"curies":[{"name":"wp","href":"https:\/\/api.w.org\/{rel}","templated":true}]}}