{"id":295,"date":"2012-02-13T17:36:35","date_gmt":"2012-02-13T16:36:35","guid":{"rendered":"http:\/\/www.hosekra.com\/dach\/?page_id=295"},"modified":"2019-09-03T19:42:57","modified_gmt":"2019-09-03T18:42:57","slug":"solarkollektoren","status":"publish","type":"page","link":"https:\/\/www.hosekra.com\/dach\/weitere-dachelemente\/solarkollektoren\/","title":{"rendered":"Solarkollektoren"},"content":{"rendered":"<div class=\"row\"><div class=\"col-sm-6\"><\/p>\n<p class=\"lead\">In der Zusammenpartnerschaft mit dem Unternehmen Velux, liefert und verkauft unser Unternehmen die Velux Solarkollektoren an die Endkunden. Die Solarkollektoren sind f\u00fcr den Dachanbau entwickelt, und mehr, auch f\u00fcr den Zusammenanbau mit Dachfenster Velux.<\/p>\n<p><\/div>\n<div class=\"col-sm-6\"><br \/>\n<a href=\"https:\/\/www.hosekra.com\/dach\/wp-content\/uploads\/sites\/4\/solarkollektoren.jpg\" data-rel=\"lightbox-image-0\" data-rl_title=\"\" data-rl_caption=\"\"><img decoding=\"async\" src=\"https:\/\/www.hosekra.com\/dach\/wp-content\/uploads\/sites\/4\/solarkollektoren.jpg\" alt=\"\" title=\"\" width=\"410\" class=\"alignnone size-full wp-image-353 shadow\"><\/a><br \/>\n<\/div><\/div>\n<h4>Atraktives Aussehen<\/h4>\n<ul>\n<li>Dachanbau<\/li>\n<li>Ihres Einklang mit Dachfenster Velux erm\u00f6glicht viele Kombinationen des Anbaues<\/li>\n<\/ul>\n<h4>Einfaches Anbau<\/h4>\n<ul>\n<li>Dachlatten Verbindung<\/li>\n<li>Testierte Velux Einfassungen bieten Wasserbest\u00e4ndigkeit<\/li>\n<li>Verbindbar mit anderen Heizungssystemen<\/li>\n<\/ul>\n<h4>Hochqualit\u00e4tsprodukt Visoko<\/h4>\n<ul>\n<li>Die Solarkollektoren Velux sind nach dem neuesten Technologie entwickelt<\/li>\n<li>Sie entsprechen den europ\u00e4ischen Standards<\/li>\n<\/ul>\n<h4>Warum Kollektoren Velux?<\/h4>\n<ul>\n<li>Weil die Kollektor im Dach eingemauert wird und deswegen die Heizungsverluste, die der k\u00fchle Wind verursacht, niedriger werden.<\/li>\n<li>Die Einmauerung ist preisg\u00fcnstiger, weil keine Zubau Erzeugung, die die Kollektor tr\u00e4gt, notwendig ist.<\/li>\n<li>Die Kollektoren brauchen keine Erhaltung, ausser nat\u00fcrlich die gelegentliche Reinigung des Glases.<\/li>\n<li>Unsere langj\u00e4hrige Erfahrungen mit Dachfenster sind die Garantie f\u00fcr Ihre sorgenfreie und sichere Einmauerung in alle m\u00f6gliche D\u00e4che.<\/li>\n<li>F\u00fcr die Einmauerung brauchen Sie keinen Aufzug, weil die Kollektor in der Gr\u00f6sse  114 x 140 cm wiegt nur 38 kg.<\/li>\n<\/ul>\n<p>Mehrere Informationen \u00fcber den Solarkollektoren k\u00f6nnen Sie auf der Webseite <a href=\"http:\/\/www.velux.com\" title=\"www.velux.com\">www.velux.com<\/a> finden.<\/p>\n","protected":false},"excerpt":{"rendered":"<p>Atraktives Aussehen Dachanbau Ihres Einklang mit Dachfenster Velux erm\u00f6glicht viele Kombinationen des Anbaues Einfaches Anbau Dachlatten Verbindung Testierte Velux Einfassungen bieten Wasserbest\u00e4ndigkeit Verbindbar mit anderen Heizungssystemen Hochqualit\u00e4tsprodukt Visoko Die Solarkollektoren Velux sind nach dem neuesten Technologie entwickelt Sie entsprechen den europ\u00e4ischen Standards Warum Kollektoren Velux? Weil die Kollektor im Dach eingemauert wird und deswegen die [&hellip;]<\/p>\n","protected":false},"author":1,"featured_media":353,"parent":5,"menu_order":0,"comment_status":"closed","ping_status":"closed","template":"page-ostalo.php","meta":{"ngg_post_thumbnail":0,"footnotes":""},"class_list":["post-295","page","type-page","status-publish","hentry"],"_links":{"self":[{"href":"https:\/\/www.hosekra.com\/dach\/wp-json\/wp\/v2\/pages\/295","targetHints":{"allow":["GET"]}}],"collection":[{"href":"https:\/\/www.hosekra.com\/dach\/wp-json\/wp\/v2\/pages"}],"about":[{"href":"https:\/\/www.hosekra.com\/dach\/wp-json\/wp\/v2\/types\/page"}],"author":[{"embeddable":true,"href":"https:\/\/www.hosekra.com\/dach\/wp-json\/wp\/v2\/users\/1"}],"replies":[{"embeddable":true,"href":"https:\/\/www.hosekra.com\/dach\/wp-json\/wp\/v2\/comments?post=295"}],"version-history":[{"count":16,"href":"https:\/\/www.hosekra.com\/dach\/wp-json\/wp\/v2\/pages\/295\/revisions"}],"predecessor-version":[{"id":5176,"href":"https:\/\/www.hosekra.com\/dach\/wp-json\/wp\/v2\/pages\/295\/revisions\/5176"}],"up":[{"embeddable":true,"href":"https:\/\/www.hosekra.com\/dach\/wp-json\/wp\/v2\/pages\/5"}],"wp:featuredmedia":[{"embeddable":true,"href":"https:\/\/www.hosekra.com\/dach\/wp-json\/wp\/v2\/media\/353"}],"wp:attachment":[{"href":"https:\/\/www.hosekra.com\/dach\/wp-json\/wp\/v2\/media?parent=295"}],"curies":[{"name":"wp","href":"https:\/\/api.w.org\/{rel}","templated":true}]}}