{"id":27,"date":"2012-02-05T18:45:30","date_gmt":"2012-02-05T17:45:30","guid":{"rendered":"http:\/\/www.hosekra.com\/dach\/?page_id=27"},"modified":"2019-09-03T18:35:24","modified_gmt":"2019-09-03T17:35:24","slug":"stratos","status":"publish","type":"page","link":"https:\/\/www.hosekra.com\/dach\/bedachungen\/stratos\/","title":{"rendered":"Stratos"},"content":{"rendered":"<p class=\"lead\"> Leichtdach <a title=\"Stratos\" href=\"https:\/\/www.hosekra.com\/dach\/die-bedachungen\/stratos\/\">STRATOS<\/a> ist die perfekte Auswahl, wenn Sie Kraft mit Eleganz und traditionelles Aussehen kombinieren wollen.<\/p>\n<p>Die Bedachung wird aus hochwertigem Stahl gefertigt. Im Vergleich mit anderen Bedachungen hat sie den Vorteil ihren niedrigen Gewichts, 5kg\/m2, dass die Dachdeckung erleichtert.<\/p>\n<div class=\"row\"><div class=\"col-sm-6\"><br \/>\n<a title=\"Stratos\" href=\"https:\/\/www.hosekra.com\/dach\/die-bedachungen\/stratos\/\">STRATOS<\/a> wird mit mehreren Schichten der Zinkbedeckung erzeugt. Die Bedachung bieten wir Ihnen auch in verschiedenen Farben.<\/p>\n<p><a title=\"Stratos\" href=\"https:\/\/www.hosekra.com\/dach\/die-bedachungen\/stratos\/\">STRATOS<\/a> Leichtdach ist nach Bestellung auch mit D\u00e4hmung verf\u00fcgbar. Mehr \u00fcber D\u00e4hmung k\u00f6nnen Sie unten &#8222;Isolation&#8220; lesen.<br \/>\n<\/div>\n<div class=\"col-sm-6\"><\/p>\n<h4>Technische Daten<\/h4>\n<ul>\n<li>Bedachung <a title=\"Stratos\" href=\"https:\/\/www.hosekra.com\/dach\/die-bedachungen\/stratos\/\">STRATOS<\/a><\/li>\n<li>Bedeckungsbreite: 1100 mm<\/li>\n<li>Profilh\u00f6he: 24 (+16 mm im Dach-Schritt)<\/li>\n<li>Blechst\u00e4rke: 0.50 &#8211; 0.60 mm Standard<\/li>\n<li>Gewicht: 4.40 kg\/m2 (bei 0,50 mm)<\/li>\n<\/ul>\n<p><\/div><\/div>\n<h2>Zus\u00e4tzliche Elemente:<\/h2>\n<p>Sind nach der Dachspezifikation verf\u00fcgbar.<\/p>\n<hr>\n<h4>HOSEKRA Produktionsmaschinen<\/h4>\n<p><iframe loading=\"lazy\" width=\"848\" height=\"646\" src=\"\/\/www.youtube.com\/embed\/7ilWtFltY3U?feature=player_embedded\" frameborder=\"0\" allowfullscreen><\/iframe><\/p>\n<hr>\n<p><a href=\"https:\/\/www.hosekra.com\/dach\/wp-content\/uploads\/sites\/4\/A_Stratos_und_Standard_Komponenten.pdf\">A_Stratos_und_Standard_Komponenten<\/a><a href=\"https:\/\/www.hosekra.com\/dach\/wp-content\/uploads\/sites\/4\/A_Stratos.pdf\">A_Stratos<\/a><a href=\"https:\/\/www.hosekra.com\/dach\/wp-content\/uploads\/sites\/4\/A_Dachneigung_HOSEKRA_Stratos.pdf\">A_Dachneigung_HOSEKRA_Stratos<\/a><a href=\"https:\/\/www.hosekra.com\/dach\/wp-content\/uploads\/sites\/4\/A_HOSEKRA_Stratos_Dachneigung.pdf\">A_HOSEKRA_Stratos_Dachneigung<\/a><a href=\"https:\/\/www.hosekra.com\/dach\/wp-content\/uploads\/sites\/4\/A_HOSEKRA_Stratos_Technische_Daten.pdf\">A_HOSEKRA_Stratos_Technische_Daten<\/a><a href=\"https:\/\/www.hosekra.com\/dach\/wp-content\/uploads\/sites\/4\/hosekra_dach_farben.pdf\">hosekra_dach_farben<\/a><\/p>\n","protected":false},"excerpt":{"rendered":"<p>Leichtdach STRATOS ist die perfekte Auswahl, wenn Sie Kraft mit Eleganz und traditionelles Aussehen kombinieren wollen. Die Bedachung wird aus hochwertigem Stahl gefertigt. Im Vergleich mit anderen Bedachungen hat sie den Vorteil ihren niedrigen Gewichts, 5kg\/m2, dass die Dachdeckung erleichtert. Zus\u00e4tzliche Elemente: Sind nach der Dachspezifikation verf\u00fcgbar. HOSEKRA Produktionsmaschinen A_Stratos_und_Standard_KomponentenA_StratosA_Dachneigung_HOSEKRA_StratosA_HOSEKRA_Stratos_DachneigungA_HOSEKRA_Stratos_Technische_Datenhosekra_dach_farben<\/p>\n","protected":false},"author":3,"featured_media":1824,"parent":2,"menu_order":0,"comment_status":"closed","ping_status":"closed","template":"page-kritine.php","meta":{"ngg_post_thumbnail":0,"footnotes":""},"class_list":["post-27","page","type-page","status-publish","hentry"],"_links":{"self":[{"href":"https:\/\/www.hosekra.com\/dach\/wp-json\/wp\/v2\/pages\/27","targetHints":{"allow":["GET"]}}],"collection":[{"href":"https:\/\/www.hosekra.com\/dach\/wp-json\/wp\/v2\/pages"}],"about":[{"href":"https:\/\/www.hosekra.com\/dach\/wp-json\/wp\/v2\/types\/page"}],"author":[{"embeddable":true,"href":"https:\/\/www.hosekra.com\/dach\/wp-json\/wp\/v2\/users\/3"}],"replies":[{"embeddable":true,"href":"https:\/\/www.hosekra.com\/dach\/wp-json\/wp\/v2\/comments?post=27"}],"version-history":[{"count":62,"href":"https:\/\/www.hosekra.com\/dach\/wp-json\/wp\/v2\/pages\/27\/revisions"}],"predecessor-version":[{"id":5109,"href":"https:\/\/www.hosekra.com\/dach\/wp-json\/wp\/v2\/pages\/27\/revisions\/5109"}],"up":[{"embeddable":true,"href":"https:\/\/www.hosekra.com\/dach\/wp-json\/wp\/v2\/pages\/2"}],"wp:featuredmedia":[{"embeddable":true,"href":"https:\/\/www.hosekra.com\/dach\/wp-json\/wp\/v2\/media\/1824"}],"wp:attachment":[{"href":"https:\/\/www.hosekra.com\/dach\/wp-json\/wp\/v2\/media?parent=27"}],"curies":[{"name":"wp","href":"https:\/\/api.w.org\/{rel}","templated":true}]}}