{"id":23,"date":"2012-02-05T18:45:05","date_gmt":"2012-02-05T17:45:05","guid":{"rendered":"http:\/\/www.hosekra.com\/dach\/?page_id=23"},"modified":"2019-09-03T18:33:12","modified_gmt":"2019-09-03T17:33:12","slug":"valmetal","status":"publish","type":"page","link":"https:\/\/www.hosekra.com\/dach\/bedachungen\/valmetal\/","title":{"rendered":"Valmetal"},"content":{"rendered":"<p class=\"lead\">Leichtes Welldach Valmetal ist die moderne und richtige Antwort f\u00fcr Sie aus vielen Gr\u00fcnden.<\/p>\n<p>Wir haben die Entwicklung auf bisherigen Erfahrungen basiert und reiche praktische Kenntnise der Dachdecker ber\u00fccksichtigt, auch die Eigenschaften der Kontinentalklima &#8211; wir haben die modernsten Materialien verwendet und Kunden zugeh\u00f6rt, hinsichtlich der Form, N\u00fctzlichkeit und Montage.<\/p>\n<p>Die Bedachung <a href=\"https:\/\/www.hosekra.com\/dach\/?page_id=21\" title=\"Valmetal mit Abdruck\">VALMETAL<\/a> erzeugen wir nach Bestellung auch mit Isolation. Mehr \u00fcber Isolation k\u00f6nnen Sie unter &#8222;Isolation&#8220; lesen.<\/p>\n<div class=\"row\"><div class=\"col-sm-6\"><br \/>\nLeichtdach <a href=\"https:\/\/www.hosekra.com\/dach\/?page_id=23\" title=\"Valmetal\">VALMETAL<\/a> ist aus heissgezinktem gef\u00e4rbten Stahlblech ausgemacht mit der Form der Wellen mit H\u00f6he von 35 mm &#8211; das bedeutet, das die Bedachung h\u00f6here Wellen als alle bisher bekannten Metallbedachungen &#8211; das erm\u00f6glicht auch bessere Abdichtung.<\/p>\n<p>Die Bedeckungfl\u00e4che ist 97 cm. Ein sehr erfreulicher Aspekt \/ Vorteil ist auch, dass sie beiderseits, links oder rechts, durchgef\u00fchrt sein kann, und die L\u00e4nge der Platte w\u00e4hlen Sie in beliebter L\u00e4nge aus. Die Bedachung Valmetal kann auch mit Filz Unterlage erzeugt werden, die die Kondensation verhindert und sorgt gleichseitig f\u00fcr zus\u00e4tzliche W\u00e4rme- und Schalld\u00e4hmung.<br \/>\n<\/div>\n<div class=\"col-sm-6\"><\/p>\n<h4>Technische Daten<\/h4>\n<ul>\n<li>Die Bedachung <a href=\"https:\/\/www.hosekra.com\/dach\/?page_id=21\" title=\"Valmetal\">VALMETAL<\/a><\/li>\n<li>Gewicht: 5 kg\/m2<\/li>\n<li>Bedeckungsgr\u00f6sse: 97 cm<\/li>\n<li>Lattenentfernung: abh\u00e4ngig der Dachneigung 20-70 cm<\/li>\n<li>Dachneigung: 8\u00b0 &#8211; 90\u00b0<\/li>\n<\/ul>\n<p><\/div><\/div>\n<hr>\n<h4>HOSEKRA Produktionsmaschinen<\/h4>\n<div class=\"row\"><div class=\"col-sm-6\"><br \/>\n<iframe loading=\"lazy\" width=\"640\" height=\"360\" src=\"\/\/www.youtube.com\/embed\/Th830E88ZM8?feature=player_embedded\" frameborder=\"0\" allowfullscreen><\/iframe><br \/>\n<iframe loading=\"lazy\" width=\"640\" height=\"360\" src=\"\/\/www.youtube.com\/embed\/1UZ-iqGJAV8?feature=player_embedded\" frameborder=\"0\" allowfullscreen><\/iframe><br \/>\n<\/div>\n<div class=\"col-sm-6\"><br \/>\n<iframe loading=\"lazy\" width=\"640\" height=\"360\" src=\"\/\/www.youtube.com\/embed\/kH082mFAc3U?feature=player_embedded\" frameborder=\"0\" allowfullscreen><\/iframe><br \/>\n<\/div><\/div>\n<hr>\n<p><a href=\"https:\/\/www.hosekra.com\/dach\/wp-content\/uploads\/sites\/4\/A_Valmetal_und_Standard_Komponenten.pdf\">A_Valmetal_und_Standard_Komponenten<\/a><a href=\"https:\/\/www.hosekra.com\/dach\/wp-content\/uploads\/sites\/4\/A_Valmetal.pdf\">A_Valmetal<\/a><a href=\"https:\/\/www.hosekra.com\/dach\/wp-content\/uploads\/sites\/4\/A_HOSEKRA_Valmetal_Technische_Daten.pdf\">A_HOSEKRA_Valmetal_Technische_Daten<\/a><a href=\"https:\/\/www.hosekra.com\/dach\/wp-content\/uploads\/sites\/4\/hosekra_dach_farben.pdf\">hosekra_dach_farben<\/a><\/p>\n","protected":false},"excerpt":{"rendered":"<p>Leichtes Welldach Valmetal ist die moderne und richtige Antwort f\u00fcr Sie aus vielen Gr\u00fcnden. Wir haben die Entwicklung auf bisherigen Erfahrungen basiert und reiche praktische Kenntnise der Dachdecker ber\u00fccksichtigt, auch die Eigenschaften der Kontinentalklima &#8211; wir haben die modernsten Materialien verwendet und Kunden zugeh\u00f6rt, hinsichtlich der Form, N\u00fctzlichkeit und Montage. Die Bedachung VALMETAL erzeugen wir [&hellip;]<\/p>\n","protected":false},"author":3,"featured_media":137,"parent":2,"menu_order":0,"comment_status":"closed","ping_status":"closed","template":"page-kritine.php","meta":{"ngg_post_thumbnail":0,"footnotes":""},"class_list":["post-23","page","type-page","status-publish","hentry"],"_links":{"self":[{"href":"https:\/\/www.hosekra.com\/dach\/wp-json\/wp\/v2\/pages\/23","targetHints":{"allow":["GET"]}}],"collection":[{"href":"https:\/\/www.hosekra.com\/dach\/wp-json\/wp\/v2\/pages"}],"about":[{"href":"https:\/\/www.hosekra.com\/dach\/wp-json\/wp\/v2\/types\/page"}],"author":[{"embeddable":true,"href":"https:\/\/www.hosekra.com\/dach\/wp-json\/wp\/v2\/users\/3"}],"replies":[{"embeddable":true,"href":"https:\/\/www.hosekra.com\/dach\/wp-json\/wp\/v2\/comments?post=23"}],"version-history":[{"count":60,"href":"https:\/\/www.hosekra.com\/dach\/wp-json\/wp\/v2\/pages\/23\/revisions"}],"predecessor-version":[{"id":5107,"href":"https:\/\/www.hosekra.com\/dach\/wp-json\/wp\/v2\/pages\/23\/revisions\/5107"}],"up":[{"embeddable":true,"href":"https:\/\/www.hosekra.com\/dach\/wp-json\/wp\/v2\/pages\/2"}],"wp:featuredmedia":[{"embeddable":true,"href":"https:\/\/www.hosekra.com\/dach\/wp-json\/wp\/v2\/media\/137"}],"wp:attachment":[{"href":"https:\/\/www.hosekra.com\/dach\/wp-json\/wp\/v2\/media?parent=23"}],"curies":[{"name":"wp","href":"https:\/\/api.w.org\/{rel}","templated":true}]}}