{"id":19,"date":"2019-06-25T11:44:40","date_gmt":"2019-06-25T10:44:40","guid":{"rendered":"http:\/\/www.hosekra.com\/dach\/?page_id=19"},"modified":"2019-09-03T18:19:44","modified_gmt":"2019-09-03T17:19:44","slug":"bobrek","status":"publish","type":"page","link":"https:\/\/www.hosekra.com\/dach\/bedachungen\/bobrek\/","title":{"rendered":"Bobrek"},"content":{"rendered":"<p class=\"lead\">Leichtdach Bobrek ist aus Stahlblech in Breite von 117 cm und L\u00e4ngen bis 612 cm gefertigt. Die Montage ist schnell und einfach. Wir k\u00f6nnen Bobrek von 30 bis 90 Grad Dachneigung verlegen.<\/p>\n<p>Beideseitig heissbezinkt mit 275 g\/m2 Verzinkung, zus\u00e4tzliche Epoxi-Schutzbeschihtung und Mattgef\u00e4rbt. Die <a title=\"Bedachung Bobrek\" href=\"https:\/\/www.hosekra.com\/dach\/?page_id=19\">BEDACHUNG BOBREK<\/a> erzeugen wir auch mit Isolation inklusiv &#8211; nach Bestellung. Mehr \u00fcber der Isolation k\u00f6nnen sie unter &#8222;Isolation&#8220; lesen.<\/p>\n<div class=\"row\"><div class=\"col-sm-6\"><br \/>\nHosekra als Hersteller bietet 10 Jahre Garantie f\u00fcr korrekt durchgef\u00fchrte Montage, Lebensdauer der Bedachung ist mehrere Jahrzehnten. Die Bedachung ist geeignet f\u00fcr Neugeb\u00e4ude, sowie f\u00fcr Bedachungswechsel an bestehenden Geb\u00e4uden. Die Bedachung ist aus hochwertigem Stahlblech in 0,50 mm Dicke, gefertigt.<\/p>\n<p>Standardl\u00e4ngen der Bedachung in cm: 68 102 136 170 204 238 272 306 340 374 408 442 476 510 544 578 in 612. Bei l\u00e4ngeren Bedachung, machen wir die Installierung mit \u00dcberlappung.<br \/>\n<\/div>\n<div class=\"col-sm-6\"><\/p>\n<h4> Technische Daten<\/h4>\n<ul>\n<li>Gewicht: 6 kg\/m2<\/li>\n<li>Deckungsbreite: 117 cm<\/li>\n<li>Montiert von First bis Rinne<\/li>\n<li>Lattenabstand: 170 mm<\/li>\n<li>Dachneigung: 30\u00b0 &#8211; 90\u00b0<\/li>\n<\/ul>\n<p><\/div><\/div>\n<hr>\n<h4>HOSEKRA Produktionsmaschinen<\/h4>\n<p><iframe loading=\"lazy\" width=\"848\" height=\"646\" src=\"\/\/www.youtube.com\/embed\/vUvKkm9eYHA?feature=player_embedded\" frameborder=\"0\" allowfullscreen><\/iframe><\/p>\n<hr>\n<p><a href=\"https:\/\/www.hosekra.com\/dach\/wp-content\/uploads\/sites\/4\/A_Bobrek_und_Standard_Komponenten.pdf\">A_Bobrek_und_Standard_Komponenten<\/a><a href=\"https:\/\/www.hosekra.com\/dach\/wp-content\/uploads\/sites\/4\/A_Dachneigung_HOSEKRA_Bobrek.pdf\">A_Dachneigung_HOSEKRA_Bobrek<\/a><a href=\"https:\/\/www.hosekra.com\/dach\/wp-content\/uploads\/sites\/4\/A_HOSEKRA_Bobrek_Dachneigung.pdf\">A_HOSEKRA_Bobrek_Dachneigung<\/a><a href=\"https:\/\/www.hosekra.com\/dach\/wp-content\/uploads\/sites\/4\/A_HOSEKRA_Bobrek_Technische_Daten.pdf\">A_HOSEKRA_Bobrek_Technische_Daten<\/a><a href=\"https:\/\/www.hosekra.com\/dach\/wp-content\/uploads\/sites\/4\/hosekra_dach_farben.pdf\">hosekra_dach_farben<\/a><\/p>\n","protected":false},"excerpt":{"rendered":"<p>Leichtdach Bobrek ist aus Stahlblech in Breite von 117 cm und L\u00e4ngen bis 612 cm gefertigt. Die Montage ist schnell und einfach. Wir k\u00f6nnen Bobrek von 30 bis 90 Grad Dachneigung verlegen. Beideseitig heissbezinkt mit 275 g\/m2 Verzinkung, zus\u00e4tzliche Epoxi-Schutzbeschihtung und Mattgef\u00e4rbt. Die BEDACHUNG BOBREK erzeugen wir auch mit Isolation inklusiv &#8211; nach Bestellung. Mehr [&hellip;]<\/p>\n","protected":false},"author":3,"featured_media":116,"parent":2,"menu_order":0,"comment_status":"closed","ping_status":"closed","template":"page-kritine.php","meta":{"ngg_post_thumbnail":0,"footnotes":""},"class_list":["post-19","page","type-page","status-publish","hentry"],"_links":{"self":[{"href":"https:\/\/www.hosekra.com\/dach\/wp-json\/wp\/v2\/pages\/19","targetHints":{"allow":["GET"]}}],"collection":[{"href":"https:\/\/www.hosekra.com\/dach\/wp-json\/wp\/v2\/pages"}],"about":[{"href":"https:\/\/www.hosekra.com\/dach\/wp-json\/wp\/v2\/types\/page"}],"author":[{"embeddable":true,"href":"https:\/\/www.hosekra.com\/dach\/wp-json\/wp\/v2\/users\/3"}],"replies":[{"embeddable":true,"href":"https:\/\/www.hosekra.com\/dach\/wp-json\/wp\/v2\/comments?post=19"}],"version-history":[{"count":131,"href":"https:\/\/www.hosekra.com\/dach\/wp-json\/wp\/v2\/pages\/19\/revisions"}],"predecessor-version":[{"id":5103,"href":"https:\/\/www.hosekra.com\/dach\/wp-json\/wp\/v2\/pages\/19\/revisions\/5103"}],"up":[{"embeddable":true,"href":"https:\/\/www.hosekra.com\/dach\/wp-json\/wp\/v2\/pages\/2"}],"wp:featuredmedia":[{"embeddable":true,"href":"https:\/\/www.hosekra.com\/dach\/wp-json\/wp\/v2\/media\/116"}],"wp:attachment":[{"href":"https:\/\/www.hosekra.com\/dach\/wp-json\/wp\/v2\/media?parent=19"}],"curies":[{"name":"wp","href":"https:\/\/api.w.org\/{rel}","templated":true}]}}