{"id":1513,"date":"2012-08-20T19:24:49","date_gmt":"2012-08-20T18:24:49","guid":{"rendered":"http:\/\/www.hosekra.com\/dach\/?page_id=1513"},"modified":"2019-09-03T18:44:12","modified_gmt":"2019-09-03T17:44:12","slug":"mini-t","status":"publish","type":"page","link":"https:\/\/www.hosekra.com\/dach\/bedachungen\/mini-t\/","title":{"rendered":"Mini T"},"content":{"rendered":"<div class=\"row\"><div class=\"col-sm-6\"><\/p>\n<p class=\"lead\">MINI T ist f\u00fcr Fassadensisteme erh\u00e4ltlich. Verschiedene Farbenvariationen f\u00fcr modernes Aussehen.<\/p>\n<p>Der Trapezblech ist auch mit D\u00e4hmung bis 1cm oder mit Vlies als Antikondenzat erh\u00e4ltlich. L\u00e4ngen bis 13,5m in Blechst\u00e4rke von 0.50 bis 0.60mm. F\u00fcr \u201cEKSTRA\u201d Aussehen empfehlen wir MINI T.<br \/>\n<\/div>\n<div class=\"col-sm-6\"><\/p>\n<h4>Technische Daten<\/h4>\n<ul>\n<li>Bedeckungsbreite: 880mm<\/li>\n<li>Gewicht: cca 4kg\/m2<\/li>\n<li>L\u00e4nge: 0 &#8211; 13000mm<\/li>\n<li>Blechst\u00e4rke 0,50mm &#8211; 0,60mm Standard<\/li>\n<\/ul>\n<p><\/div><\/div>\n","protected":false},"excerpt":{"rendered":"","protected":false},"author":3,"featured_media":1514,"parent":2,"menu_order":0,"comment_status":"closed","ping_status":"closed","template":"page-kritine.php","meta":{"ngg_post_thumbnail":0,"footnotes":""},"class_list":["post-1513","page","type-page","status-publish","hentry"],"_links":{"self":[{"href":"https:\/\/www.hosekra.com\/dach\/wp-json\/wp\/v2\/pages\/1513","targetHints":{"allow":["GET"]}}],"collection":[{"href":"https:\/\/www.hosekra.com\/dach\/wp-json\/wp\/v2\/pages"}],"about":[{"href":"https:\/\/www.hosekra.com\/dach\/wp-json\/wp\/v2\/types\/page"}],"author":[{"embeddable":true,"href":"https:\/\/www.hosekra.com\/dach\/wp-json\/wp\/v2\/users\/3"}],"replies":[{"embeddable":true,"href":"https:\/\/www.hosekra.com\/dach\/wp-json\/wp\/v2\/comments?post=1513"}],"version-history":[{"count":29,"href":"https:\/\/www.hosekra.com\/dach\/wp-json\/wp\/v2\/pages\/1513\/revisions"}],"predecessor-version":[{"id":5138,"href":"https:\/\/www.hosekra.com\/dach\/wp-json\/wp\/v2\/pages\/1513\/revisions\/5138"}],"up":[{"embeddable":true,"href":"https:\/\/www.hosekra.com\/dach\/wp-json\/wp\/v2\/pages\/2"}],"wp:featuredmedia":[{"embeddable":true,"href":"https:\/\/www.hosekra.com\/dach\/wp-json\/wp\/v2\/media\/1514"}],"wp:attachment":[{"href":"https:\/\/www.hosekra.com\/dach\/wp-json\/wp\/v2\/media?parent=1513"}],"curies":[{"name":"wp","href":"https:\/\/api.w.org\/{rel}","templated":true}]}}