{"id":1248,"date":"2012-07-03T13:02:23","date_gmt":"2012-07-03T12:02:23","guid":{"rendered":"http:\/\/www.hosekra.com\/dach\/?page_id=1248"},"modified":"2019-09-03T19:39:57","modified_gmt":"2019-09-03T18:39:57","slug":"kalotten","status":"publish","type":"page","link":"https:\/\/www.hosekra.com\/dach\/weitere-dachelemente\/kalotten\/","title":{"rendered":"Kalotten"},"content":{"rendered":"<div class=\"row\"><div class=\"col-sm-6\"><\/p>\n<p class=\"lead\">Die Kalotten.<\/p>\n<p>Kalotten bieten wir in verschiedenen Breiten f\u00fcr s\u00e4mtliche Trapeze, Paneele und Wellbleche. Die bieten wir in jeder Farbe unserer D\u00e4cher.<br \/>\n<\/div>\n<div class=\"col-sm-6\"><br \/>\n<a href=\"https:\/\/www.hosekra.com\/dach\/wp-content\/uploads\/sites\/4\/die_kalotten.jpg\" data-rel=\"lightbox-image-0\" data-rl_title=\"\" data-rl_caption=\"\"><img decoding=\"async\" src=\"https:\/\/www.hosekra.com\/dach\/wp-content\/uploads\/sites\/4\/die_kalotten.jpg\" alt=\"Die Kalotten\" title=\"\" width=\"410\" class=\"size-full wp-image-1253 shadow\"><\/a><br \/>\n<\/div><\/div>\n","protected":false},"excerpt":{"rendered":"","protected":false},"author":3,"featured_media":1262,"parent":5,"menu_order":0,"comment_status":"closed","ping_status":"closed","template":"page-ostalo.php","meta":{"ngg_post_thumbnail":0,"footnotes":""},"class_list":["post-1248","page","type-page","status-publish","hentry"],"_links":{"self":[{"href":"https:\/\/www.hosekra.com\/dach\/wp-json\/wp\/v2\/pages\/1248","targetHints":{"allow":["GET"]}}],"collection":[{"href":"https:\/\/www.hosekra.com\/dach\/wp-json\/wp\/v2\/pages"}],"about":[{"href":"https:\/\/www.hosekra.com\/dach\/wp-json\/wp\/v2\/types\/page"}],"author":[{"embeddable":true,"href":"https:\/\/www.hosekra.com\/dach\/wp-json\/wp\/v2\/users\/3"}],"replies":[{"embeddable":true,"href":"https:\/\/www.hosekra.com\/dach\/wp-json\/wp\/v2\/comments?post=1248"}],"version-history":[{"count":21,"href":"https:\/\/www.hosekra.com\/dach\/wp-json\/wp\/v2\/pages\/1248\/revisions"}],"predecessor-version":[{"id":5174,"href":"https:\/\/www.hosekra.com\/dach\/wp-json\/wp\/v2\/pages\/1248\/revisions\/5174"}],"up":[{"embeddable":true,"href":"https:\/\/www.hosekra.com\/dach\/wp-json\/wp\/v2\/pages\/5"}],"wp:featuredmedia":[{"embeddable":true,"href":"https:\/\/www.hosekra.com\/dach\/wp-json\/wp\/v2\/media\/1262"}],"wp:attachment":[{"href":"https:\/\/www.hosekra.com\/dach\/wp-json\/wp\/v2\/media?parent=1248"}],"curies":[{"name":"wp","href":"https:\/\/api.w.org\/{rel}","templated":true}]}}